
{"id":7007,"date":"2023-04-11T14:51:32","date_gmt":"2023-04-11T20:51:32","guid":{"rendered":"https:\/\/ecopipo.com\/tienda\/abbi_casaverde\/producto\/bolsa-impermeable-de-salida-mini-mezclilla\/"},"modified":"2025-03-06T22:55:17","modified_gmt":"2025-03-07T04:55:17","slug":"bolsa-impermeable-de-salida-mini-mezclilla","status":"publish","type":"product","link":"https:\/\/tiendas.ecopipo.com\/abbi_casaverde\/producto\/bolsa-impermeable-de-salida-mini-mezclilla\/","title":{"rendered":"Bolsa Impermeable De Salida Mini Mezclilla"},"content":{"rendered":"","protected":false},"excerpt":{"rendered":"<p>&#8220;Esta bolsita es ideal para llevar tus toallas sanitarias limpias y almacenar las sucias ya que cuentan con un doble cierre. La tela es impermeable as\u00ed que no saldr\u00e1 ning\u00fan olor ni humedad .<\/p>\n","protected":false},"featured_media":0,"template":"","meta":[],"product_cat":[445,385],"product_tag":[],"giftcard-category":[],"class_list":{"0":"post-7007","1":"product","2":"type-product","3":"status-publish","5":"product_cat-bolsa-impermeable-mini","6":"product_cat-fuera-de-catalogo","8":"first","9":"instock","10":"shipping-taxable","11":"purchasable","12":"product-type-simple"},"_links":{"self":[{"href":"https:\/\/tiendas.ecopipo.com\/abbi_casaverde\/wp-json\/wp\/v2\/product\/7007","targetHints":{"allow":["GET"]}}],"collection":[{"href":"https:\/\/tiendas.ecopipo.com\/abbi_casaverde\/wp-json\/wp\/v2\/product"}],"about":[{"href":"https:\/\/tiendas.ecopipo.com\/abbi_casaverde\/wp-json\/wp\/v2\/types\/product"}],"wp:attachment":[{"href":"https:\/\/tiendas.ecopipo.com\/abbi_casaverde\/wp-json\/wp\/v2\/media?parent=7007"}],"wp:term":[{"taxonomy":"product_cat","embeddable":true,"href":"https:\/\/tiendas.ecopipo.com\/abbi_casaverde\/wp-json\/wp\/v2\/product_cat?post=7007"},{"taxonomy":"product_tag","embeddable":true,"href":"https:\/\/tiendas.ecopipo.com\/abbi_casaverde\/wp-json\/wp\/v2\/product_tag?post=7007"},{"taxonomy":"giftcard-category","embeddable":true,"href":"https:\/\/tiendas.ecopipo.com\/abbi_casaverde\/wp-json\/wp\/v2\/giftcard-category?post=7007"}],"curies":[{"name":"wp","href":"https:\/\/api.w.org\/{rel}","templated":true}]}}