
{"id":7265,"date":"2023-04-27T14:07:42","date_gmt":"2023-04-27T20:07:42","guid":{"rendered":"https:\/\/ecopipo.com\/tienda\/abbi_casaverde\/producto\/balsamo-para-rozaduras-mini\/"},"modified":"2025-03-06T22:55:11","modified_gmt":"2025-03-07T04:55:11","slug":"balsamo-para-rozaduras-mini","status":"publish","type":"product","link":"https:\/\/tiendas.ecopipo.com\/abbi_casaverde\/producto\/balsamo-para-rozaduras-mini\/","title":{"rendered":"Muestra de B\u00e1lsamo"},"content":{"rendered":"<p>Muestra de b\u00e1lsamo para beb\u00e9s de 19 gr.\/ 15ml<\/p>\n","protected":false},"excerpt":{"rendered":"<p>Muestra de b\u00e1lsamo para beb\u00e9s de 19 gr\/ 15ml<\/p>\n","protected":false},"featured_media":0,"template":"","meta":[],"product_cat":[386],"product_tag":[],"giftcard-category":[],"class_list":{"0":"post-7265","1":"product","2":"type-product","3":"status-publish","5":"product_cat-distribuidores","7":"first","8":"instock","9":"shipping-taxable","10":"purchasable","11":"product-type-simple"},"_links":{"self":[{"href":"https:\/\/tiendas.ecopipo.com\/abbi_casaverde\/wp-json\/wp\/v2\/product\/7265","targetHints":{"allow":["GET"]}}],"collection":[{"href":"https:\/\/tiendas.ecopipo.com\/abbi_casaverde\/wp-json\/wp\/v2\/product"}],"about":[{"href":"https:\/\/tiendas.ecopipo.com\/abbi_casaverde\/wp-json\/wp\/v2\/types\/product"}],"wp:attachment":[{"href":"https:\/\/tiendas.ecopipo.com\/abbi_casaverde\/wp-json\/wp\/v2\/media?parent=7265"}],"wp:term":[{"taxonomy":"product_cat","embeddable":true,"href":"https:\/\/tiendas.ecopipo.com\/abbi_casaverde\/wp-json\/wp\/v2\/product_cat?post=7265"},{"taxonomy":"product_tag","embeddable":true,"href":"https:\/\/tiendas.ecopipo.com\/abbi_casaverde\/wp-json\/wp\/v2\/product_tag?post=7265"},{"taxonomy":"giftcard-category","embeddable":true,"href":"https:\/\/tiendas.ecopipo.com\/abbi_casaverde\/wp-json\/wp\/v2\/giftcard-category?post=7265"}],"curies":[{"name":"wp","href":"https:\/\/api.w.org\/{rel}","templated":true}]}}