
{"id":8164,"date":"2024-01-09T17:02:26","date_gmt":"2024-01-09T23:02:26","guid":{"rendered":"https:\/\/tiendas.ecopipo.com\/abbi_casaverde\/?post_type=product&#038;p=8164"},"modified":"2025-03-06T22:55:10","modified_gmt":"2025-03-07T04:55:10","slug":"playera-de-natacion-kids-6-8-anos-paletitas","status":"publish","type":"product","link":"https:\/\/tiendas.ecopipo.com\/abbi_casaverde\/producto\/playera-de-natacion-kids-6-8-anos-paletitas\/","title":{"rendered":"Playera Nataci\u00f3n &#8211; 6 a 8 A\u00f1os, Paletitas"},"content":{"rendered":"<p>Adem\u00e1s de ser de manga larga para mejor protecci\u00f3n de tus peques, nuestras playeras de nataci\u00f3n tienen FPS30, son ideales para ir a la playa, las clases de nataci\u00f3n o darse un chapuz\u00f3n en la alberca el fin de semana, est\u00e1n hechas con tela de la mejor calidad, el\u00e1stica, de f\u00e1cil secado. La talla chica cuenta con broches en el cuello para facilitar la puesta. Las puedes combinar con nuestros pa\u00f1ales de nataci\u00f3n. L\u00e1valas con detergente biodegradable Ecopipo o cualquier otro biodegradable, s\u00e9cala a la sombra.<\/p>\n","protected":false},"excerpt":{"rendered":"<p>Adem\u00e1s de ser de manga larga para mejor protecci\u00f3n de tus peques, nuestras playeras de nataci\u00f3n tienen FPS30, son ideales para ir a la playa, las clases de nataci\u00f3n o darse un chapuz\u00f3n en la alberca el fin de semana, est\u00e1n hechas con tela de la mejor calidad, el\u00e1stica, de f\u00e1cil secado. La talla chica cuenta con broches en el cuello para facilitar la puesta. Las puedes combinar con nuestros pa\u00f1ales de nataci\u00f3n. L\u00e1valas con detergente biodegradable Ecopipo o cualquier otro biodegradable, s\u00e9cala a la sombra.<\/p>\n","protected":false},"featured_media":7385,"template":"","meta":[],"product_cat":[225],"product_tag":[],"giftcard-category":[],"class_list":{"0":"post-8164","1":"product","2":"type-product","3":"status-publish","4":"has-post-thumbnail","6":"product_cat-kids","8":"first","9":"instock","10":"shipping-taxable","11":"purchasable","12":"product-type-simple"},"_links":{"self":[{"href":"https:\/\/tiendas.ecopipo.com\/abbi_casaverde\/wp-json\/wp\/v2\/product\/8164","targetHints":{"allow":["GET"]}}],"collection":[{"href":"https:\/\/tiendas.ecopipo.com\/abbi_casaverde\/wp-json\/wp\/v2\/product"}],"about":[{"href":"https:\/\/tiendas.ecopipo.com\/abbi_casaverde\/wp-json\/wp\/v2\/types\/product"}],"wp:featuredmedia":[{"embeddable":true,"href":"https:\/\/tiendas.ecopipo.com\/abbi_casaverde\/wp-json\/wp\/v2\/media\/7385"}],"wp:attachment":[{"href":"https:\/\/tiendas.ecopipo.com\/abbi_casaverde\/wp-json\/wp\/v2\/media?parent=8164"}],"wp:term":[{"taxonomy":"product_cat","embeddable":true,"href":"https:\/\/tiendas.ecopipo.com\/abbi_casaverde\/wp-json\/wp\/v2\/product_cat?post=8164"},{"taxonomy":"product_tag","embeddable":true,"href":"https:\/\/tiendas.ecopipo.com\/abbi_casaverde\/wp-json\/wp\/v2\/product_tag?post=8164"},{"taxonomy":"giftcard-category","embeddable":true,"href":"https:\/\/tiendas.ecopipo.com\/abbi_casaverde\/wp-json\/wp\/v2\/giftcard-category?post=8164"}],"curies":[{"name":"wp","href":"https:\/\/api.w.org\/{rel}","templated":true}]}}