
{"id":8199,"date":"2024-03-04T22:13:27","date_gmt":"2024-03-05T04:13:27","guid":{"rendered":"https:\/\/tiendas.ecopipo.com\/abbi_casaverde\/producto\/blusa-de-lactancia\/"},"modified":"2025-03-06T22:55:26","modified_gmt":"2025-03-07T04:55:26","slug":"blusa-de-lactancia","status":"publish","type":"product","link":"https:\/\/tiendas.ecopipo.com\/abbi_casaverde\/producto\/blusa-de-lactancia\/","title":{"rendered":"Blusa de Lactancia"},"content":{"rendered":"<p>Con esta blusa de lactancia lucir\u00e1s espectacular y al mismo tiempo combinar\u00e1s con tu beb\u00e9 en uno de los momentos en que m\u00e1s conexi\u00f3n logras con \u00e9l, su tela es fresca y suave y los dise\u00f1os har\u00e1n match con el outfit de tu beb\u00e9.<\/p>\n","protected":false},"excerpt":{"rendered":"<p>Con esta blusa de lactancia lucir\u00e1s espectacular y al mismo tiempo combinar\u00e1s con tu beb\u00e9 en uno de los momentos en que m\u00e1s conexi\u00f3n logras con \u00e9l, su tela es fresca y suave y los dise\u00f1os har\u00e1n match con el outfit de tu beb\u00e9.<\/p>\n","protected":false},"featured_media":0,"template":"","meta":[],"product_cat":[234],"product_tag":[],"giftcard-category":[],"class_list":{"0":"post-8199","1":"product","2":"type-product","3":"status-publish","5":"product_cat-outfit","7":"first","8":"instock","9":"shipping-taxable","10":"purchasable","11":"product-type-variable","12":"rtwpvg-product"},"_links":{"self":[{"href":"https:\/\/tiendas.ecopipo.com\/abbi_casaverde\/wp-json\/wp\/v2\/product\/8199","targetHints":{"allow":["GET"]}}],"collection":[{"href":"https:\/\/tiendas.ecopipo.com\/abbi_casaverde\/wp-json\/wp\/v2\/product"}],"about":[{"href":"https:\/\/tiendas.ecopipo.com\/abbi_casaverde\/wp-json\/wp\/v2\/types\/product"}],"wp:attachment":[{"href":"https:\/\/tiendas.ecopipo.com\/abbi_casaverde\/wp-json\/wp\/v2\/media?parent=8199"}],"wp:term":[{"taxonomy":"product_cat","embeddable":true,"href":"https:\/\/tiendas.ecopipo.com\/abbi_casaverde\/wp-json\/wp\/v2\/product_cat?post=8199"},{"taxonomy":"product_tag","embeddable":true,"href":"https:\/\/tiendas.ecopipo.com\/abbi_casaverde\/wp-json\/wp\/v2\/product_tag?post=8199"},{"taxonomy":"giftcard-category","embeddable":true,"href":"https:\/\/tiendas.ecopipo.com\/abbi_casaverde\/wp-json\/wp\/v2\/giftcard-category?post=8199"}],"curies":[{"name":"wp","href":"https:\/\/api.w.org\/{rel}","templated":true}]}}