
{"id":8244,"date":"2024-04-23T23:33:08","date_gmt":"2024-04-24T05:33:08","guid":{"rendered":"https:\/\/tiendas.ecopipo.com\/abbi_casaverde\/producto\/balsamo-de-bolsillo\/"},"modified":"2025-03-06T22:55:26","modified_gmt":"2025-03-07T04:55:26","slug":"balsamo-de-bolsillo","status":"publish","type":"product","link":"https:\/\/tiendas.ecopipo.com\/abbi_casaverde\/producto\/balsamo-de-bolsillo\/","title":{"rendered":"B\u00e1lsamo de Bolsillo"},"content":{"rendered":"<p>Elaborado con ingredientes naturales que cuidan la piel de tu bebe, es excelente auxiliar en el tratamiento de rozaduras, no contiene qu\u00edmicos t\u00f3xicos, nuestro B\u00e1lsamo tambi\u00e9n ayuda al cuidado de tus pa\u00f1ales ecol\u00f3gicos, ya que no los da\u00f1a ni los tapa.<\/p>\n","protected":false},"excerpt":{"rendered":"<p>Elaborado con ingredientes naturales que cuidan la piel de tu bebe, es excelente auxiliar en el tratamiento de rozaduras, no contiene qu\u00edmicos t\u00f3xicos, nuestro B\u00e1lsamo tambi\u00e9n ayuda al cuidado de tus pa\u00f1ales ecol\u00f3gicos, ya que no los da\u00f1a ni los tapa.<\/p>\n","protected":false},"featured_media":0,"template":"","meta":[],"product_cat":[261],"product_tag":[],"giftcard-category":[],"class_list":{"0":"post-8244","1":"product","2":"type-product","3":"status-publish","5":"product_cat-cuidado","7":"first","8":"instock","9":"shipping-taxable","10":"purchasable","11":"product-type-variable","12":"rtwpvg-product"},"_links":{"self":[{"href":"https:\/\/tiendas.ecopipo.com\/abbi_casaverde\/wp-json\/wp\/v2\/product\/8244","targetHints":{"allow":["GET"]}}],"collection":[{"href":"https:\/\/tiendas.ecopipo.com\/abbi_casaverde\/wp-json\/wp\/v2\/product"}],"about":[{"href":"https:\/\/tiendas.ecopipo.com\/abbi_casaverde\/wp-json\/wp\/v2\/types\/product"}],"wp:attachment":[{"href":"https:\/\/tiendas.ecopipo.com\/abbi_casaverde\/wp-json\/wp\/v2\/media?parent=8244"}],"wp:term":[{"taxonomy":"product_cat","embeddable":true,"href":"https:\/\/tiendas.ecopipo.com\/abbi_casaverde\/wp-json\/wp\/v2\/product_cat?post=8244"},{"taxonomy":"product_tag","embeddable":true,"href":"https:\/\/tiendas.ecopipo.com\/abbi_casaverde\/wp-json\/wp\/v2\/product_tag?post=8244"},{"taxonomy":"giftcard-category","embeddable":true,"href":"https:\/\/tiendas.ecopipo.com\/abbi_casaverde\/wp-json\/wp\/v2\/giftcard-category?post=8244"}],"curies":[{"name":"wp","href":"https:\/\/api.w.org\/{rel}","templated":true}]}}