
{"id":3849,"date":"2022-11-04T02:47:29","date_gmt":"2022-11-04T02:47:29","guid":{"rendered":"https:\/\/ecopipo.com\/tienda\/ecoempatia-bebe\/?post_type=product&#038;p=3849"},"modified":"2026-02-18T23:17:09","modified_gmt":"2026-02-19T05:17:09","slug":"liquido-antibacterial-cuidado","status":"publish","type":"product","link":"https:\/\/tiendas.ecopipo.com\/ecoempatia-bebe\/producto\/liquido-antibacterial-cuidado\/","title":{"rendered":"Liquido Antibacterial 1 LT"},"content":{"rendered":"<p>La versatilidad de nuestro L\u00edquido Antibacterial te ayudar\u00e1 a mantener tus pa\u00f1ales en buen estado, libres de bacterias y hongos, tambi\u00e9n lo puedes usar para la limpieza en el hogar, para desinfectar ropa de cama y superficies como cuna, ba\u00f1era, juguetes, pisos y lugares en donde est\u00e9 y juegue tu beb\u00e9.<\/p>\n","protected":false},"excerpt":{"rendered":"<p>La versatilidad de nuestro L\u00edquido Antibacterial te ayudar\u00e1 a mantener tus pa\u00f1ales en buen estado, libres de bacterias y hongos, tambi\u00e9n lo puedes usar para la limpieza en el hogar, para desinfectar ropa de cama y superficies como cuna, ba\u00f1era, juguetes, pisos y lugares en donde est\u00e9 y juegue tu beb\u00e9.<\/p>\n","protected":false},"featured_media":5335,"template":"","meta":[],"product_cat":[261],"product_tag":[],"giftcard-category":[],"class_list":{"0":"post-3849","1":"product","2":"type-product","3":"status-publish","4":"has-post-thumbnail","6":"product_cat-cuidado","8":"first","9":"instock","10":"shipping-taxable","11":"purchasable","12":"product-type-simple"},"_links":{"self":[{"href":"https:\/\/tiendas.ecopipo.com\/ecoempatia-bebe\/wp-json\/wp\/v2\/product\/3849","targetHints":{"allow":["GET"]}}],"collection":[{"href":"https:\/\/tiendas.ecopipo.com\/ecoempatia-bebe\/wp-json\/wp\/v2\/product"}],"about":[{"href":"https:\/\/tiendas.ecopipo.com\/ecoempatia-bebe\/wp-json\/wp\/v2\/types\/product"}],"wp:featuredmedia":[{"embeddable":true,"href":"https:\/\/tiendas.ecopipo.com\/ecoempatia-bebe\/wp-json\/wp\/v2\/media\/5335"}],"wp:attachment":[{"href":"https:\/\/tiendas.ecopipo.com\/ecoempatia-bebe\/wp-json\/wp\/v2\/media?parent=3849"}],"wp:term":[{"taxonomy":"product_cat","embeddable":true,"href":"https:\/\/tiendas.ecopipo.com\/ecoempatia-bebe\/wp-json\/wp\/v2\/product_cat?post=3849"},{"taxonomy":"product_tag","embeddable":true,"href":"https:\/\/tiendas.ecopipo.com\/ecoempatia-bebe\/wp-json\/wp\/v2\/product_tag?post=3849"},{"taxonomy":"giftcard-category","embeddable":true,"href":"https:\/\/tiendas.ecopipo.com\/ecoempatia-bebe\/wp-json\/wp\/v2\/giftcard-category?post=3849"}],"curies":[{"name":"wp","href":"https:\/\/api.w.org\/{rel}","templated":true}]}}