
{"id":8174,"date":"2024-02-23T12:24:12","date_gmt":"2024-02-23T18:24:12","guid":{"rendered":"https:\/\/tiendas.ecopipo.com\/ecoempatia-bebe\/producto\/panal-adulto-40-44-verde-manzana\/"},"modified":"2026-02-03T21:25:38","modified_gmt":"2026-02-04T03:25:38","slug":"panal-adulto-40-44-verde-manzana","status":"publish","type":"product","link":"https:\/\/tiendas.ecopipo.com\/ecoempatia-bebe\/producto\/panal-adulto-40-44-verde-manzana\/","title":{"rendered":"Pa\u00f1al Adulto 40 &#8211; 44 Verde Manzana"},"content":{"rendered":"<p>Nuestra l\u00ednea de pa\u00f1ales ecol\u00f3gicos reutilizables para adulto, est\u00e1 elaborada con telas certificadas y de m\u00e1xima calidad, no s\u00f3lo te permitir\u00e1n cuidar de la piel de tus seres queridos, tambi\u00e9n ayudar\u00e1n a cuidar tu bolsillo y beneficiar\u00e1 al planeta al evitar cientos de toneladas de basura al ser reutilizables y ajustables, Se recomienda su uso en personas de edades avanzadas, con poco movimiento, incontinencia o cualquier situaci\u00f3n que impida al adulto llegar al ba\u00f1o. Cuentan con broches para ajustar la talla en el tiro y a la cintura se ajusta por medio de velcros. Incluyen un absorbente largo y uno de refuerzo. Los puedes lavar en lavadora con detergente para pa\u00f1ales Ecopipo o cualquier detergente que sea biodegradable.<\/p>\n","protected":false},"excerpt":{"rendered":"<p>Porque tambi\u00e9n nos preocupamos por ti y tus seres m\u00e1s queridos, hemos creado una l\u00ednea de pa\u00f1ales ecol\u00f3gicos para adulto, ajustables y en tres tallas, estos pa\u00f1ales ayudar\u00e1n a reducir problemas en la piel como rozaduras, llagas o sarpullidos.<\/p>\n","protected":false},"featured_media":0,"template":"","meta":[],"product_cat":[385],"product_tag":[],"giftcard-category":[],"class_list":{"0":"post-8174","1":"product","2":"type-product","3":"status-publish","5":"product_cat-fuera-de-catalogo","7":"first","8":"instock","9":"shipping-taxable","10":"purchasable","11":"product-type-simple"},"_links":{"self":[{"href":"https:\/\/tiendas.ecopipo.com\/ecoempatia-bebe\/wp-json\/wp\/v2\/product\/8174","targetHints":{"allow":["GET"]}}],"collection":[{"href":"https:\/\/tiendas.ecopipo.com\/ecoempatia-bebe\/wp-json\/wp\/v2\/product"}],"about":[{"href":"https:\/\/tiendas.ecopipo.com\/ecoempatia-bebe\/wp-json\/wp\/v2\/types\/product"}],"wp:attachment":[{"href":"https:\/\/tiendas.ecopipo.com\/ecoempatia-bebe\/wp-json\/wp\/v2\/media?parent=8174"}],"wp:term":[{"taxonomy":"product_cat","embeddable":true,"href":"https:\/\/tiendas.ecopipo.com\/ecoempatia-bebe\/wp-json\/wp\/v2\/product_cat?post=8174"},{"taxonomy":"product_tag","embeddable":true,"href":"https:\/\/tiendas.ecopipo.com\/ecoempatia-bebe\/wp-json\/wp\/v2\/product_tag?post=8174"},{"taxonomy":"giftcard-category","embeddable":true,"href":"https:\/\/tiendas.ecopipo.com\/ecoempatia-bebe\/wp-json\/wp\/v2\/giftcard-category?post=8174"}],"curies":[{"name":"wp","href":"https:\/\/api.w.org\/{rel}","templated":true}]}}