
{"id":8379,"date":"2024-06-05T01:02:51","date_gmt":"2024-06-05T07:02:51","guid":{"rendered":"https:\/\/tiendas.ecopipo.com\/ecoempatia-bebe\/producto\/bolsa-impermeable-de-salida-aguacatin\/"},"modified":"2025-03-10T15:06:36","modified_gmt":"2025-03-10T21:06:36","slug":"bolsa-impermeable-de-salida-aguacatin","status":"publish","type":"product","link":"https:\/\/tiendas.ecopipo.com\/ecoempatia-bebe\/producto\/bolsa-impermeable-de-salida-aguacatin\/","title":{"rendered":"Bolsa Impermeable de Salida Aguacatin"},"content":{"rendered":"<p>Esta bolsa impermeable tiene el tama\u00f1o ideal para llevarla en tu bolso, evita que salgan olores y te permiten transportar tus toallas femeninas de tela de una manera c\u00f3moda y sencilla, facilitan la gesti\u00f3n menstrual pero tambi\u00e9n puedes utilizarlas para llevar lo que se te ocurra, es multifuncional. Son f\u00e1ciles de lavar y de secar, utiliza detergente biodegradable, puedes lavar en lavadora, secar a la sombra y es muy importante que no utilices cloro, suavizante de telas o jab\u00f3n de barra.<\/p>\n","protected":false},"excerpt":{"rendered":"<p>Esta bolsa impermeable tiene el tama\u00f1o ideal para llevarla en tu bolso, evita que salgan olores y te permiten transportar tus toallas femeninas de tela de una manera c\u00f3moda y sencilla, facilitan la gesti\u00f3n menstrual pero tambi\u00e9n puedes utilizarlas para llevar lo que se te ocurra, es multifuncional. Son f\u00e1ciles de lavar y de secar, utiliza detergente biodegradable, puedes lavar en lavadora, secar a la sombra y es muy importante que no utilices cloro, suavizante de telas o jab\u00f3n de barra.<\/p>\n","protected":false},"featured_media":0,"template":"","meta":[],"product_cat":[385],"product_tag":[],"giftcard-category":[],"class_list":{"0":"post-8379","1":"product","2":"type-product","3":"status-publish","5":"product_cat-fuera-de-catalogo","7":"first","8":"instock","9":"shipping-taxable","10":"purchasable","11":"product-type-simple"},"_links":{"self":[{"href":"https:\/\/tiendas.ecopipo.com\/ecoempatia-bebe\/wp-json\/wp\/v2\/product\/8379","targetHints":{"allow":["GET"]}}],"collection":[{"href":"https:\/\/tiendas.ecopipo.com\/ecoempatia-bebe\/wp-json\/wp\/v2\/product"}],"about":[{"href":"https:\/\/tiendas.ecopipo.com\/ecoempatia-bebe\/wp-json\/wp\/v2\/types\/product"}],"wp:attachment":[{"href":"https:\/\/tiendas.ecopipo.com\/ecoempatia-bebe\/wp-json\/wp\/v2\/media?parent=8379"}],"wp:term":[{"taxonomy":"product_cat","embeddable":true,"href":"https:\/\/tiendas.ecopipo.com\/ecoempatia-bebe\/wp-json\/wp\/v2\/product_cat?post=8379"},{"taxonomy":"product_tag","embeddable":true,"href":"https:\/\/tiendas.ecopipo.com\/ecoempatia-bebe\/wp-json\/wp\/v2\/product_tag?post=8379"},{"taxonomy":"giftcard-category","embeddable":true,"href":"https:\/\/tiendas.ecopipo.com\/ecoempatia-bebe\/wp-json\/wp\/v2\/giftcard-category?post=8379"}],"curies":[{"name":"wp","href":"https:\/\/api.w.org\/{rel}","templated":true}]}}