
{"id":8556,"date":"2025-01-13T15:50:54","date_gmt":"2025-01-13T21:50:54","guid":{"rendered":"https:\/\/tiendas.ecopipo.com\/ecoempatia-bebe\/producto\/delantal-kids\/"},"modified":"2025-04-03T13:39:00","modified_gmt":"2025-04-03T19:39:00","slug":"delantal-kids","status":"publish","type":"product","link":"https:\/\/tiendas.ecopipo.com\/ecoempatia-bebe\/producto\/delantal-kids\/","title":{"rendered":"Delantal Kids"},"content":{"rendered":"","protected":false},"excerpt":{"rendered":"<p>Este delantal kids es ideal para hacer manualidades proteger la ropa de cualquier actividad sin temor a mancharla o mojarla, gracias a la tela impermeable con la que est\u00e1 elaborado, tiene una bolsa delantera y tres broches en el cuello para ajustarlo, est\u00e1 hecho en M\u00e9xico con la calidad que nos caracteriza.<\/p>\n","protected":false},"featured_media":8557,"template":"","meta":[],"product_cat":[314],"product_tag":[],"giftcard-category":[],"class_list":{"0":"post-8556","1":"product","2":"type-product","3":"status-publish","4":"has-post-thumbnail","6":"product_cat-mujer","8":"first","9":"onbackorder","10":"shipping-taxable","11":"purchasable","12":"product-type-variable","13":"rtwpvg-product"},"_links":{"self":[{"href":"https:\/\/tiendas.ecopipo.com\/ecoempatia-bebe\/wp-json\/wp\/v2\/product\/8556","targetHints":{"allow":["GET"]}}],"collection":[{"href":"https:\/\/tiendas.ecopipo.com\/ecoempatia-bebe\/wp-json\/wp\/v2\/product"}],"about":[{"href":"https:\/\/tiendas.ecopipo.com\/ecoempatia-bebe\/wp-json\/wp\/v2\/types\/product"}],"wp:featuredmedia":[{"embeddable":true,"href":"https:\/\/tiendas.ecopipo.com\/ecoempatia-bebe\/wp-json\/wp\/v2\/media\/8557"}],"wp:attachment":[{"href":"https:\/\/tiendas.ecopipo.com\/ecoempatia-bebe\/wp-json\/wp\/v2\/media?parent=8556"}],"wp:term":[{"taxonomy":"product_cat","embeddable":true,"href":"https:\/\/tiendas.ecopipo.com\/ecoempatia-bebe\/wp-json\/wp\/v2\/product_cat?post=8556"},{"taxonomy":"product_tag","embeddable":true,"href":"https:\/\/tiendas.ecopipo.com\/ecoempatia-bebe\/wp-json\/wp\/v2\/product_tag?post=8556"},{"taxonomy":"giftcard-category","embeddable":true,"href":"https:\/\/tiendas.ecopipo.com\/ecoempatia-bebe\/wp-json\/wp\/v2\/giftcard-category?post=8556"}],"curies":[{"name":"wp","href":"https:\/\/api.w.org\/{rel}","templated":true}]}}