
{"id":7144,"date":"2023-04-11T14:52:05","date_gmt":"2023-04-11T20:52:05","guid":{"rendered":"https:\/\/ecopipo.com\/tienda\/lactacorazon\/producto\/cubierta-prematuro-velcro-gris\/"},"modified":"2025-03-06T22:48:27","modified_gmt":"2025-03-07T04:48:27","slug":"cubierta-prematuro-velcro-gris","status":"publish","type":"product","link":"https:\/\/tiendas.ecopipo.com\/lactacorazon\/producto\/cubierta-prematuro-velcro-gris\/","title":{"rendered":"Cubierta Prematuro Velcro Gris"},"content":{"rendered":"","protected":false},"excerpt":{"rendered":"<p>Las cubiertas se utilizan para hacer impermeables a los pa\u00f1ales que no cuenten con ninguna barrera, por ejemplo pa\u00f1ales ajustados o predoblados. Son muy \u00fatiles porque al estar hechas completamente de PUL se pueden reutilizar varias veces antes de tener que lavarlas.<\/p>\n","protected":false},"featured_media":0,"template":"","meta":[],"product_cat":[450,385,392],"product_tag":[],"giftcard-category":[],"class_list":{"0":"post-7144","1":"product","2":"type-product","3":"status-publish","5":"product_cat-cubierta-prematuro","6":"product_cat-fuera-de-catalogo","7":"product_cat-liso","9":"first","10":"instock","11":"shipping-taxable","12":"purchasable","13":"product-type-simple"},"_links":{"self":[{"href":"https:\/\/tiendas.ecopipo.com\/lactacorazon\/wp-json\/wp\/v2\/product\/7144","targetHints":{"allow":["GET"]}}],"collection":[{"href":"https:\/\/tiendas.ecopipo.com\/lactacorazon\/wp-json\/wp\/v2\/product"}],"about":[{"href":"https:\/\/tiendas.ecopipo.com\/lactacorazon\/wp-json\/wp\/v2\/types\/product"}],"wp:attachment":[{"href":"https:\/\/tiendas.ecopipo.com\/lactacorazon\/wp-json\/wp\/v2\/media?parent=7144"}],"wp:term":[{"taxonomy":"product_cat","embeddable":true,"href":"https:\/\/tiendas.ecopipo.com\/lactacorazon\/wp-json\/wp\/v2\/product_cat?post=7144"},{"taxonomy":"product_tag","embeddable":true,"href":"https:\/\/tiendas.ecopipo.com\/lactacorazon\/wp-json\/wp\/v2\/product_tag?post=7144"},{"taxonomy":"giftcard-category","embeddable":true,"href":"https:\/\/tiendas.ecopipo.com\/lactacorazon\/wp-json\/wp\/v2\/giftcard-category?post=7144"}],"curies":[{"name":"wp","href":"https:\/\/api.w.org\/{rel}","templated":true}]}}