
{"id":7435,"date":"2023-05-10T16:11:07","date_gmt":"2023-05-10T22:11:07","guid":{"rendered":"https:\/\/ecopipo.com\/tienda\/lactacorazon\/producto\/panal-prematuro-aqua\/"},"modified":"2025-03-06T22:48:24","modified_gmt":"2025-03-07T04:48:24","slug":"panal-prematuro-aqua","status":"publish","type":"product","link":"https:\/\/tiendas.ecopipo.com\/lactacorazon\/producto\/panal-prematuro-aqua\/","title":{"rendered":"Pa\u00f1al Prematuro Aqua"},"content":{"rendered":"","protected":false},"excerpt":{"rendered":"<p>Pa\u00f1al ideal para beb\u00e9s prematuros o de bajo peso, puede adaptarse desde los 2.6 kilos hasta los 6 kilos.<\/p>\n","protected":false},"featured_media":0,"template":"","meta":[],"product_cat":[385,392,389],"product_tag":[],"giftcard-category":[],"class_list":{"0":"post-7435","1":"product","2":"type-product","3":"status-publish","5":"product_cat-fuera-de-catalogo","6":"product_cat-liso","7":"product_cat-prematuro","9":"first","10":"instock","11":"shipping-taxable","12":"purchasable","13":"product-type-simple"},"_links":{"self":[{"href":"https:\/\/tiendas.ecopipo.com\/lactacorazon\/wp-json\/wp\/v2\/product\/7435","targetHints":{"allow":["GET"]}}],"collection":[{"href":"https:\/\/tiendas.ecopipo.com\/lactacorazon\/wp-json\/wp\/v2\/product"}],"about":[{"href":"https:\/\/tiendas.ecopipo.com\/lactacorazon\/wp-json\/wp\/v2\/types\/product"}],"wp:attachment":[{"href":"https:\/\/tiendas.ecopipo.com\/lactacorazon\/wp-json\/wp\/v2\/media?parent=7435"}],"wp:term":[{"taxonomy":"product_cat","embeddable":true,"href":"https:\/\/tiendas.ecopipo.com\/lactacorazon\/wp-json\/wp\/v2\/product_cat?post=7435"},{"taxonomy":"product_tag","embeddable":true,"href":"https:\/\/tiendas.ecopipo.com\/lactacorazon\/wp-json\/wp\/v2\/product_tag?post=7435"},{"taxonomy":"giftcard-category","embeddable":true,"href":"https:\/\/tiendas.ecopipo.com\/lactacorazon\/wp-json\/wp\/v2\/giftcard-category?post=7435"}],"curies":[{"name":"wp","href":"https:\/\/api.w.org\/{rel}","templated":true}]}}