
{"id":2815,"date":"2022-09-19T23:46:44","date_gmt":"2022-09-19T23:46:44","guid":{"rendered":"https:\/\/ecopipo.com\/tienda\/moms-babies\/?page_id=2815"},"modified":"2023-05-06T21:29:50","modified_gmt":"2023-05-06T21:29:50","slug":"calidad","status":"publish","type":"page","link":"https:\/\/tiendas.ecopipo.com\/moms-babies\/calidad\/","title":{"rendered":"Calidad"},"content":{"rendered":"<p>[vc_row css=&#8221;.vc_custom_1664232754546{padding-top: 40px !important;padding-bottom: 15px !important;}&#8221;][vc_column]<div class='gambit_gradient_bg' data-color1='#643887' data-color2='#b9017d' data-angle='60'><\/div>   \r\n    <div class=\"arrowpress_container  custom-heading-2\">  \r\n<div  data-arrowpress-target='arrowpress_heading-519169005'  data-arrowpress-csstarget='h2'  data-arrowpress-responsive-tablet='{\"font-size\":\"35px\",\"line-height\":\"px !important\"}'  data-arrowpress-responsive-tablet-port='{\"font-size\":\"35px\",\"line-height\":\"px !important\"}'  data-arrowpress-responsive-mob-land='{\"font-size\":\"35px\",\"line-height\":\"px !important\"}'  data-arrowpress-responsive-mob='{\"font-size\":\"px\",\"line-height\":\"px !important\"}'  class=\"arrowpress-heading  heading-1 arrowpress_heading-519169005  \r\n\ttext-center\t\t\t\tleft-pos\t\t\t\" data-animation-delay=\"1000\" data-animation=\"fadeInUp\">\r\n\t\t\t\r\n\t\t\t\t\t\t\t\t\t\t\t\t\t\t\t<h2 class=\"title-heading\" style=\"font-family:Raleway; font-weight:600; font-style:normal; color:#ffffff; font-size:35px; \">\r\n\t\t\t\t\t\tCALIDAD\t\t\t\t\t<\/h2>\r\n\t\t\t\t\t\t\t\t\t\r\n\t\t\t\r\n<\/div>\r\n<\/div>\n[\/vc_column][\/vc_row][vc_row wrap_container=&#8221;yes&#8221; full_height=&#8221;yes&#8221; css=&#8221;.vc_custom_1677092739418{padding-top: 20px !important;background: #ffffff url(https:\/\/tiendas.ecopipo.com\/moms-babies\/wp-content\/uploads\/2022\/06\/Ecopipo_Footer_70.png?id=2131) !important;}&#8221;][vc_column]<svg id=\"gambit-row-separator-1\" preserveAspectRatio=\"xMidYMax meet\" class=\"gambit_separator gambit_sep_top gambit-sep-type-curve-side1\" viewBox=\"0 0 1600 200\"  style=\"display: none; width: 100%; height: calc(100 \/ 1600 * 100vw)\" data-height=\"100\"><path class=\"gambit_sep_decor2\" style=\"opacity: 1;fill: #643887;\" d=\"M1605.372,109.123c0.145-48.423-0.834-97.248-5.372-97.248C952.333,11.875-8,192-8,192v10.25C-8,202.25,952.333,34,1600,34C1603.999,34,1605.234,69.579,1605.372,109.123z\"\/>\n<path class=\"gambit_sep_main\" style=\"\" d=\"M-8,192c0,0,960.333-168.25,1608-168.25c32,0,4,200.25,4,200.25H-8V192z\"\/><\/svg>   \r\n    <div class=\"arrowpress_container  custom-heading-2\">  \r\n<div  data-arrowpress-target='arrowpress_heading-1644460647'  data-arrowpress-csstarget='h2'  data-arrowpress-responsive-tablet='{\"font-size\":\"30px\",\"line-height\":\"px !important\"}'  data-arrowpress-responsive-tablet-port='{\"font-size\":\"30px\",\"line-height\":\"px !important\"}'  data-arrowpress-responsive-mob-land='{\"font-size\":\"30px\",\"line-height\":\"px !important\"}'  data-arrowpress-responsive-mob='{\"font-size\":\"px\",\"line-height\":\"px !important\"}'  class=\"arrowpress-heading  heading-1 arrowpress_heading-1644460647 animated show-animate \r\n\ttext-center\t\t\t\tleft-pos\t\t\t\" data-animation-delay=\"1200\" data-animation=\"fadeInDown\">\r\n\t\t\t\r\n\t\t\t\t\t\t\t\t\t\t\t\t\t\t\t<h2 class=\"title-heading\" style=\"font-family:Raleway; font-weight:600; font-style:normal; color:#000000; font-size:30px; \">\r\n\t\t\t\t\t\tECOPIPO, calidad que te da m\u00e1s valor por tu dinero.\t\t\t\t\t<\/h2>\r\n\t\t\t\t\t\t\t\t\t\t<div class=\"line_separator\" style=\" width:60px; border-radius:30px; height:4px; background:#ffffff; margin-top:15px;\"><\/div>\r\n\t\t\r\n\t\t\t\r\n<\/div>\r\n<\/div>\n[vc_empty_space el_id=&#8221;desk&#8221;][vc_row_inner][vc_column_inner width=&#8221;1\/2&#8243;][vc_column_text]<\/p>\n<p class=\"p_ecopipo\"><span class=\"p_ecopip_v\">ECOPIPO<\/span> es la mejor opci\u00f3n en M\u00e9xico por su <span class=\"p_ecopip_m\">calidad<\/span>, reconocimiento y disponibilidad.<\/p>\n<p class=\"p_ecopipo\">Su calidad se basa en su dise\u00f1o, resultado de <span class=\"p_ecopip_r\">13 a\u00f1os de experiencia,<\/span> investigaciones y pruebas de desempe\u00f1o que aseguran el mejor ajuste, absorci\u00f3n y durabilidad.<\/p>\n<p class=\"p_ecopipo\">Los pa\u00f1ales <span class=\"p_ecopip_v\">ECOPIPO<\/span> se fabrican con materiales seguros para los beb\u00e9s que garantizan que sean suaves, transpirables y con un riesgo m\u00ednimo de dermatitis y alergias cut\u00e1neas.<\/p>\n<p class=\"p_ecopipo\">Cuentan con las certificaciones internacionales <span class=\"p_ecopip_m\">CPSIA Certified Child Safe y Oeko-Tex Certified Standard 100,<\/span> que respaldan que son adecuados para tu beb\u00e9 y que no tienen sustancias nocivas.<\/p>\n<p class=\"p_ecopipo\"><span class=\"p_ecopip_v\">ECOPIPO<\/span> cuenta con un sistema ecol\u00f3gico moderno y completo, con los productos y soporte necesarios para que hagas una inversi\u00f3n inteligente y vivas la etapa de pa\u00f1aleo de una forma f\u00e1cil y feliz.<\/p>\n<p>[\/vc_column_text][\/vc_column_inner][vc_column_inner width=&#8221;1\/2&#8243;][vc_single_image image=&#8221;3055&#8243; img_size=&#8221;400&#215;400&#8243; alignment=&#8221;center&#8221; css_animation=&#8221;fadeInRight&#8221;][\/vc_column_inner][\/vc_row_inner]<svg id=\"gambit-row-separator-2\" preserveAspectRatio=\"xMidYMax meet\" class=\"gambit_separator gambit_sep_bottom gambit-sep-type-curve-side2\" viewBox=\"0 0 1600 200\"  style=\"display: none; width: 100%; height: calc(60 \/ 1600 * 100vw)\" data-height=\"60\"><path class=\"gambit_sep_decor2\" style=\"opacity: 1;fill: #643887;\" d=\"M1605.371,109.143c0.145-48.43-0.834-97.268-5.371-97.268C952.333,11.875-8,180-8,180v14v8.333 C-8,202.333,952.333,34,1600,34C1603.998,34,1605.233,69.587,1605.371,109.143z\"\/>\n<path class=\"gambit_sep_main\" style=\"\" d=\"M-8,192c0,0,960.333-168.333,1608-168.333c9,0,4,180.333,4,180.333H-8V192z\"\/><\/svg>[\/vc_column][\/vc_row][vc_row wrap_container=&#8221;yes&#8221; css=&#8221;.vc_custom_1664144518152{padding-top: 40px !important;padding-bottom: 40px !important;background-color: #ffffff !important;}&#8221;][vc_column][vc_empty_space height=&#8221;&#8221; el_class=&#8221;sep&#8221;]<div class='gambit_gradient_bg' data-color1='#98bc07' data-color2='#a3bd38' data-angle='45'><\/div>   \r\n    <div class=\"arrowpress_container \">  \r\n<div  data-arrowpress-target='arrowpress_heading-1660045373'  data-arrowpress-csstarget='h2'  data-arrowpress-responsive-tablet='{\"font-size\":\"24px\",\"line-height\":\"px !important\"}'  data-arrowpress-responsive-tablet-port='{\"font-size\":\"24px\",\"line-height\":\"px !important\"}'  data-arrowpress-responsive-mob-land='{\"font-size\":\"24px\",\"line-height\":\"px !important\"}'  data-arrowpress-responsive-mob='{\"font-size\":\"px\",\"line-height\":\"px !important\"}'  class=\"arrowpress-heading  heading-1 arrowpress_heading-1660045373 animated show-animate \r\n\ttext-center\t\t\t\tleft-pos\t\t\t\" data-animation-delay=\"1000\" data-animation=\"fadeInUp\">\r\n\t\t\t\r\n\t\t\t\t\t\t\t\t\t\t\t\t\t\t\t<h2 class=\"title-heading\" style=\"font-family:Raleway; font-weight:600; font-style:normal; color:#ffffff; font-size:24px; line-height:30px; \">\r\n\t\t\t\t\t\tSu calidad es contundente y ofrece hasta 6 a\u00f1os de garant\u00eda.\t\t\t\t\t<\/h2>\r\n\t\t\t\t\t\t\t\t\t\r\n\t\t\t\r\n<\/div>\r\n<\/div>\n[\/vc_column][\/vc_row]<\/p>\n","protected":false},"excerpt":{"rendered":"<p>[vc_row css=&#8221;.vc_custom_1664232754546{padding-top: 40px !important;padding-bottom: 15px !important;}&#8221;][vc_column][\/vc_column][\/vc_row][vc_row wrap_container=&#8221;yes&#8221; full_height=&#8221;yes&#8221; css=&#8221;.vc_custom_1677092739418{padding-top: 20px !important;background: #ffffff url(https:\/\/tiendas.ecopipo.com\/moms-babies\/wp-content\/uploads\/2022\/06\/Ecopipo_Footer_70.png?id=2131) !important;}&#8221;][vc_column][vc_empty_space el_id=&#8221;desk&#8221;][vc_row_inner][vc_column_inner width=&#8221;1\/2&#8243;][vc_column_text] ECOPIPO es la mejor opci\u00f3n en M\u00e9xico por su calidad, reconocimiento y disponibilidad. Su [&hellip;]<\/p>\n","protected":false},"author":1,"featured_media":0,"parent":0,"menu_order":0,"comment_status":"closed","ping_status":"closed","template":"","meta":{"footnotes":""},"class_list":["post-2815","page","type-page","status-publish","hentry"],"_links":{"self":[{"href":"https:\/\/tiendas.ecopipo.com\/moms-babies\/wp-json\/wp\/v2\/pages\/2815","targetHints":{"allow":["GET"]}}],"collection":[{"href":"https:\/\/tiendas.ecopipo.com\/moms-babies\/wp-json\/wp\/v2\/pages"}],"about":[{"href":"https:\/\/tiendas.ecopipo.com\/moms-babies\/wp-json\/wp\/v2\/types\/page"}],"author":[{"embeddable":true,"href":"https:\/\/tiendas.ecopipo.com\/moms-babies\/wp-json\/wp\/v2\/users\/1"}],"replies":[{"embeddable":true,"href":"https:\/\/tiendas.ecopipo.com\/moms-babies\/wp-json\/wp\/v2\/comments?post=2815"}],"version-history":[{"count":32,"href":"https:\/\/tiendas.ecopipo.com\/moms-babies\/wp-json\/wp\/v2\/pages\/2815\/revisions"}],"predecessor-version":[{"id":6643,"href":"https:\/\/tiendas.ecopipo.com\/moms-babies\/wp-json\/wp\/v2\/pages\/2815\/revisions\/6643"}],"wp:attachment":[{"href":"https:\/\/tiendas.ecopipo.com\/moms-babies\/wp-json\/wp\/v2\/media?parent=2815"}],"curies":[{"name":"wp","href":"https:\/\/api.w.org\/{rel}","templated":true}]}}