
{"id":2833,"date":"2022-09-22T01:23:13","date_gmt":"2022-09-22T01:23:13","guid":{"rendered":"https:\/\/ecopipo.com\/tienda\/moms-babies\/?page_id=2833"},"modified":"2023-05-06T21:35:44","modified_gmt":"2023-05-06T21:35:44","slug":"ecologia","status":"publish","type":"page","link":"https:\/\/tiendas.ecopipo.com\/moms-babies\/ecologia\/","title":{"rendered":"Ecolog\u00eda"},"content":{"rendered":"<p>[vc_row css=&#8221;.vc_custom_1664405935007{padding-top: 40px !important;padding-bottom: 18px !important;}&#8221;][vc_column]<div class='gambit_gradient_bg' data-color1='#643887' data-color2='#b9017d' data-angle='45'><\/div>   \r\n    <div class=\"arrowpress_container  custom-heading-2\">  \r\n<div  data-arrowpress-target='arrowpress_heading-1496006564'  data-arrowpress-csstarget='h2'  data-arrowpress-responsive-tablet='{\"font-size\":\"35px\",\"line-height\":\"px !important\"}'  data-arrowpress-responsive-tablet-port='{\"font-size\":\"35px\",\"line-height\":\"px !important\"}'  data-arrowpress-responsive-mob-land='{\"font-size\":\"35px\",\"line-height\":\"px !important\"}'  data-arrowpress-responsive-mob='{\"font-size\":\"px\",\"line-height\":\"px !important\"}'  class=\"arrowpress-heading  heading-1 arrowpress_heading-1496006564 animated show-animate \r\n\ttext-center\t\t\t\tleft-pos\t\t\t\" data-animation-delay=\"1000\" data-animation=\"fadeInUp\">\r\n\t\t\t\r\n\t\t\t\t\t\t\t\t\t\t\t\t\t\t\t<h2 class=\"title-heading\" style=\"font-family:Raleway; font-weight:600; font-style:normal; color:#ffffff; font-size:35px; line-height:35px; \">\r\n\t\t\t\t\t\tECOLOG\u00cdA\t\t\t\t\t<\/h2>\r\n\t\t\t\t\t\t\t\t\t\r\n\t\t\t\r\n<\/div>\r\n<\/div>\n[\/vc_column][\/vc_row][vc_row wrap_container=&#8221;yes&#8221; css=&#8221;.vc_custom_1677106352103{padding-top: 10px !important;background: #ffffff url(https:\/\/tiendas.ecopipo.com\/moms-babies\/wp-content\/uploads\/2022\/06\/Ecopipo_Footer_70.png?id=2131) !important;}&#8221;][vc_column][vc_empty_space el_id=&#8221;movil&#8221;]<svg id=\"gambit-row-separator-1\" preserveAspectRatio=\"xMidYMax meet\" class=\"gambit_separator gambit_sep_top gambit-sep-type-curve-side1\" viewBox=\"0 0 1600 200\"  style=\"display: none; width: 100%; height: calc(100 \/ 1600 * 100vw)\" data-height=\"100\"><path class=\"gambit_sep_decor2\" style=\"opacity: 1;fill: #643887;\" d=\"M1605.372,109.123c0.145-48.423-0.834-97.248-5.372-97.248C952.333,11.875-8,192-8,192v10.25C-8,202.25,952.333,34,1600,34C1603.999,34,1605.234,69.579,1605.372,109.123z\"\/>\n<path class=\"gambit_sep_main\" style=\"\" d=\"M-8,192c0,0,960.333-168.25,1608-168.25c32,0,4,200.25,4,200.25H-8V192z\"\/><\/svg>   \r\n    <div class=\"arrowpress_container  custom-heading-2\">  \r\n<div  data-arrowpress-target='arrowpress_heading-3332708035'  data-arrowpress-csstarget='h2'  data-arrowpress-responsive-tablet='{\"font-size\":\"30px\",\"line-height\":\"px !important\"}'  data-arrowpress-responsive-tablet-port='{\"font-size\":\"30px\",\"line-height\":\"px !important\"}'  data-arrowpress-responsive-mob-land='{\"font-size\":\"30px\",\"line-height\":\"px !important\"}'  data-arrowpress-responsive-mob='{\"font-size\":\"px\",\"line-height\":\"px !important\"}'  class=\"arrowpress-heading  heading-1 arrowpress_heading-3332708035  \r\n\ttext-center\t\t\t\tleft-pos\t\t\t\" data-animation-delay=\"500\" data-animation=\"\">\r\n\t\t\t\r\n\t\t\t\t\t\t\t\t\t\t\t\t\t\t\t<h2 class=\"title-heading\" style=\"font-family:Raleway; font-weight:600; font-style:normal; color:#000000; font-size:30px; \">\r\n\t\t\t\t\t\tJUNTAS POR EL PLANETA.\t\t\t\t\t<\/h2>\r\n\t\t\t\t\t\t\t\t\t\t<div class=\"line_separator\" style=\" width:60px; border-radius:30px; height:4px; background:#ffffff; margin-top:15px;\"><\/div>\r\n\t\t\r\n\t\t\t\r\n<\/div>\r\n<\/div>\n[vc_empty_space][vc_row_inner][vc_column_inner width=&#8221;1\/2&#8243;][vc_column_text]<\/p>\n<p class=\"p_ecopipo\"><span class=\"p_ecopip_m\">1 mill\u00f3n de Mam\u00e1s<\/span> responsables que han usado pa\u00f1ales <span class=\"p_ecopip_v\">ECOPIPO<\/span> en 13 a\u00f1os, han logrado ahorros sorprendentes para el planeta al no usar pa\u00f1ales desechables.<\/p>\n<p class=\"p_ecopipo\">Han evitado el desperdicio de m\u00e1s de <span class=\"p_ecopip_r\">4 mil millones<\/span> de metros c\u00fabicos de agua, lo que equivale a la cantidad media de agua de la tercera presa m\u00e1s grande de M\u00e9xico: La Amistad, en Coahuila.<\/p>\n<p class=\"p_ecopipo\">Ha evitado generar <span class=\"p_ecopip_m\">2.6 millones<\/span> de toneladas de basura, una cantidad de desperdicios no biodegradables que podr\u00edan llenar m\u00e1s de 900 mil albercas ol\u00edmpicas.<\/p>\n<p>[\/vc_column_text][\/vc_column_inner][vc_column_inner width=&#8221;1\/2&#8243;][vc_single_image image=&#8221;3108&#8243; img_size=&#8221;medium&#8221; alignment=&#8221;center&#8221; css_animation=&#8221;fadeInRight&#8221;][\/vc_column_inner][\/vc_row_inner][vc_row_inner][vc_column_inner width=&#8221;1\/2&#8243;][vc_single_image image=&#8221;3068&#8243; img_size=&#8221;medium&#8221; alignment=&#8221;center&#8221; css_animation=&#8221;fadeInLeft&#8221;][\/vc_column_inner][vc_column_inner width=&#8221;1\/2&#8243;][vc_column_text]<\/p>\n<p class=\"p_ecopipo\"><span class=\"p_ecopip_v\">\u00a1Trabajar juntas por el planeta ha dado resultados!<\/span><\/p>\n<p class=\"p_ecopipo\">Adem\u00e1s, los pa\u00f1ales <span class=\"p_ecopip_v\">ECOPIPO<\/span> cuentan con la certificaci\u00f3n Compliant Reach de la Uni\u00f3n Europea, la cual asegura que no contienen materiales nocivos para la salud humana y del medio ambiente.<\/p>\n<p class=\"p_ecopipo\">Asimismo, <span class=\"p_ecopip_v\">ECOPIPO<\/span> realiza esfuerzos anuales para apoyar el cuidado de diversos h\u00e1bitat y reservas de la bi\u00f3sfera; y difunde una cultura de vida sustentable entre sus distribuidoras, colaboradoras y usuarias.<\/p>\n<p>[\/vc_column_text][\/vc_column_inner][\/vc_row_inner]<svg id=\"gambit-row-separator-2\" preserveAspectRatio=\"xMidYMax meet\" class=\"gambit_separator gambit_sep_bottom gambit-sep-type-water1\" viewBox=\"0 0 1600 100\"  style=\"display: none; width: 100%; height: calc(30 \/ 1600 * 100vw)\" data-height=\"30\">\n<path class=\"gambit_sep_decor1\" style=\"opacity: 1;fill: #ffffff;\" d=\"M1544,62c-34.2,0-62-27.8-62-62c0,34.2-27.8,62-62,62s-62-27.8-62-62c0,34.2-27.8,62-62,62s-62-27.8-62-62\nc0,34.2-27.8,62-62,62s-62-27.8-62-62c0,34.2-27.8,62-62,62c-34.2,0-62-27.8-62-62c0,34.2-27.8,62-62,62s-62-27.8-62-62\nc0,34.2-27.8,62-62,62s-62-27.8-62-62c0,34.2-27.8,62-62,62s-62-27.8-62-62c0,34.2-27.8,62-62,62s-62-27.8-62-62\nc0,34.2-27.8,62-62,62s-62-27.8-62-62c0,34.2-27.8,62-62,62s-62-27.8-62-62c0,34.2-27.8,62-62,62s-62-27.8-62-62\nc0,34.2-27.8,62-62,62C31.3,62,8,47.5-2,26.6v12C8,59.5,31.3,74,56,74c34.2,0,62-27.8,62-62c0,34.2,27.8,62,62,62s62-27.8,62-62\nc0,34.2,27.8,62,62,62s62-27.8,62-62c0,34.2,27.8,62,62,62s62-27.8,62-62c0,34.2,27.8,62,62,62s62-27.8,62-62\nc0,34.2,27.8,62,62,62s62-27.8,62-62c0,34.2,27.8,62,62,62s62-27.8,62-62c0,34.2,27.8,62,62,62s62-27.8,62-62\nc0,34.2,27.8,62,62,62c34.2,0,62-27.8,62-62c0,34.2,27.8,62,62,62s62-27.8,62-62c0,34.2,27.8,62,62,62s62-27.8,62-62\nc0,34.2,27.8,62,62,62s62-27.8,62-62c0,34.2,27.8,62,62,62c24.7,0,48-14.5,58-35.4v-12C1592,47.5,1568.7,62,1544,62z\"\/>\n<path class=\"gambit_sep_decor2\" style=\"opacity: 1;fill: #6ba3d6;\" d=\"M1544,74c-34.2,0-62-27.8-62-62c0,34.2-27.8,62-62,62s-62-27.8-62-62c0,34.2-27.8,62-62,62s-62-27.8-62-62\nc0,34.2-27.8,62-62,62s-62-27.8-62-62c0,34.2-27.8,62-62,62c-34.2,0-62-27.8-62-62c0,34.2-27.8,62-62,62s-62-27.8-62-62\nc0,34.2-27.8,62-62,62s-62-27.8-62-62c0,34.2-27.8,62-62,62s-62-27.8-62-62c0,34.2-27.8,62-62,62s-62-27.8-62-62\nc0,34.2-27.8,62-62,62s-62-27.8-62-62c0,34.2-27.8,62-62,62s-62-27.8-62-62c0,34.2-27.8,62-62,62s-62-27.8-62-62\nc0,34.2-27.8,62-62,62C31.3,74,8,59.5-2,38.6v12.2C8,71.7,31.3,86.2,56,86.2c34.2,0,62-27.8,62-62c0,34.2,27.8,62,62,62\ns62-27.8,62-62c0,34.2,27.8,62,62,62s62-27.8,62-62c0,34.2,27.8,62,62,62s62-27.8,62-62c0,34.2,27.8,62,62,62s62-27.8,62-62\nc0,34.2,27.8,62,62,62s62-27.8,62-62c0,34.2,27.8,62,62,62s62-27.8,62-62c0,34.2,27.8,62,62,62s62-27.8,62-62\nc0,34.2,27.8,62,62,62c34.2,0,62-27.8,62-62c0,34.2,27.8,62,62,62s62-27.8,62-62c0,34.2,27.8,62,62,62s62-27.8,62-62\nc0,34.2,27.8,62,62,62s62-27.8,62-62c0,34.2,27.8,62,62,62c24.7,0,48-14.5,58-35.4V38.6C1592,59.5,1568.7,74,1544,74z\"\/>\n<path class=\"gambit_sep_main\" style=\"\" d=\"M1544,86.2c-34.2,0-62-27.8-62-62c0,34.2-27.8,62-62,62s-62-27.8-62-62c0,34.2-27.8,62-62,62\ns-62-27.8-62-62c0,34.2-27.8,62-62,62s-62-27.8-62-62c0,34.2-27.8,62-62,62c-34.2,0-62-27.8-62-62c0,34.2-27.8,62-62,62\ns-62-27.8-62-62c0,34.2-27.8,62-62,62s-62-27.8-62-62c0,34.2-27.8,62-62,62s-62-27.8-62-62c0,34.2-27.8,62-62,62s-62-27.8-62-62\nc0,34.2-27.8,62-62,62s-62-27.8-62-62c0,34.2-27.8,62-62,62s-62-27.8-62-62c0,34.2-27.8,62-62,62s-62-27.8-62-62\nc0,34.2-27.8,62-62,62c-24.7,0-48-14.5-58-35.4V227h1604V50.8C1592,71.7,1568.7,86.2,1544,86.2z\"\/><\/svg>[\/vc_column][\/vc_row][vc_row wrap_container=&#8221;yes&#8221; css=&#8221;.vc_custom_1664921621957{border-top-width: 40px !important;padding-bottom: 40px !important;background: #a3bd38 url(https:\/\/tiendas.ecopipo.com\/moms-babies\/wp-content\/uploads\/2022\/06\/Ecopipo_Footer_50.png?id=2130) !important;}&#8221;][vc_column]<svg id=\"gambit-row-separator-3\" preserveAspectRatio=\"xMidYMax meet\" class=\"gambit_separator gambit_sep_bottom gambit-sep-type-curve-inward1\" viewBox=\"0 0 1600 200\"  style=\"display: none; width: 100%; height: calc(60 \/ 1600 * 100vw)\" data-height=\"60\"><path class=\"gambit_sep_decor2\" style=\"opacity: 1;fill: #643887;\" d=\"M-4,20.062V196h1608V20.062C1475.208,127.246,1160.989,182,800,182 C437.118,182,123.562,128.141-4,20.062z\"\/>\n<path class=\"gambit_sep_main\" style=\"\" d=\"M-4,20.062V204h1608V20.062C1475.208,127.246,1160.989,194,800,194 C437.118,194,123.562,128.141-4,20.062z\"\/><\/svg>[vc_empty_space height=&#8221;40px&#8221;]   \r\n    <div class=\"arrowpress_container  custom-heading-2\">  \r\n<div  data-arrowpress-target='arrowpress_heading-2363844050'  data-arrowpress-csstarget='h2'  data-arrowpress-responsive-tablet='{\"font-size\":\"30px\",\"line-height\":\"px !important\"}'  data-arrowpress-responsive-tablet-port='{\"font-size\":\"30px\",\"line-height\":\"px !important\"}'  data-arrowpress-responsive-mob-land='{\"font-size\":\"30px\",\"line-height\":\"px !important\"}'  data-arrowpress-responsive-mob='{\"font-size\":\"px\",\"line-height\":\"px !important\"}'  class=\"arrowpress-heading  heading-1 arrowpress_heading-2363844050  \r\n\ttext-center\t\t\t\tleft-pos\t\t\t\" data-animation-delay=\"500\" data-animation=\"\">\r\n\t\t\t\r\n\t\t\t\t\t\t\t\t\t\t\t\t\t\t\t<h2 class=\"title-heading\" style=\"font-family:Raleway; font-weight:600; font-style:normal; color:#ffffff; text-transform:none; font-size:30px; \">\r\n\t\t\t\t\t\t\u00a1Ecopipo por el planeta!\t\t\t\t\t<\/h2>\r\n\t\t\t\t\t\t\t\t\t\t<div class=\"line_separator\" style=\" width:56px; border-radius:30px; height:4px; background:#34b3fb; margin-top:15px;\"><\/div>\r\n\t\t\r\n\t\t\t\r\n<\/div>\r\n<\/div>\n[vc_empty_space height=&#8221;20px&#8221;]   \r\n    <div class=\"arrowpress_container \">  \r\n<div  data-arrowpress-target='arrowpress_heading-2651291525'  data-arrowpress-csstarget='h5'  data-arrowpress-responsive-tablet='{\"font-size\":\"18px\",\"line-height\":\"px !important\"}'  data-arrowpress-responsive-tablet-port='{\"font-size\":\"18px\",\"line-height\":\"px !important\"}'  data-arrowpress-responsive-mob-land='{\"font-size\":\"18px\",\"line-height\":\"px !important\"}'  data-arrowpress-responsive-mob='{\"font-size\":\"px\",\"line-height\":\"px !important\"}'  class=\"arrowpress-heading  heading-1 arrowpress_heading-2651291525  \r\n\ttext-center\t\t\t\tleft-pos\t\t\t\" data-animation-delay=\"500\" data-animation=\"\">\r\n\t\t\t\r\n\t\t\t\t\t\t\t\t\t\t\t\t\t\t\t<h5 class=\"title-heading\" style=\"font-family:Raleway; font-weight:600; font-style:normal; color:#ffffff; text-transform:none; font-size:18px; \">\r\n\t\t\t\t\t\tCon presencia en m\u00e1s de 19 pa\u00edses.\t\t\t\t\t<\/h5>\r\n\t\t\t\t\t\t\t\t\t\r\n\t\t\t\r\n<\/div>\r\n<\/div>\n[vc_empty_space height=&#8221;35px&#8221;][vc_row_inner][vc_column_inner width=&#8221;1\/4&#8243; offset=&#8221;vc_col-xs-6&#8243;]<div class=\"stats-block stats-top  \"><div class=\"aio-icon-top\"><div class=\"ult-just-icon-wrapper  \"><div class=\"align-icon\" style=\"text-align:center;\"><\/div><\/div><\/div><div class=\"stats-desc\" id=\"counter-responsv-wrap-3740\"><div id=\"counter_21743967269d1c7d66aed9\" data-id=\"counter_21743967269d1c7d66aed9\"  data-ultimate-target='#counter-responsv-wrap-3740 .stats-number'  data-responsive-json-new='{\"font-size\":\"\",\"line-height\":\"\"}'  class=\"stats-number ult-responsive\" style=\"font-size:28px; color:#ffffff; color:#ffffff;\" data-speed=\"2\" data-counter-value=\"1\" data-separator=\",\" data-decimal=\".\">0<\/div><div id=\"counter_21743967269d1c7d66aed9\"  data-ultimate-target='#counter-responsv-wrap-3740 .stats-text'  data-responsive-json-new='{\"font-size\":\"\",\"line-height\":\"\"}'  class=\"stats-text ult-responsive\" style=\"font-size:18px; color:#ffffff; \">Mill\u00f3n de mam\u00e1s que cuidan al planeta.<\/div><\/div><\/div>[\/vc_column_inner][vc_column_inner width=&#8221;1\/4&#8243; offset=&#8221;vc_col-xs-6&#8243;]<div class=\"stats-block stats-top  \"><div class=\"aio-icon-top\"><div class=\"ult-just-icon-wrapper  \"><div class=\"align-icon\" style=\"text-align:center;\"><\/div><\/div><\/div><div class=\"stats-desc\" id=\"counter-responsv-wrap-2805\"><div id=\"counter_69184117469d1c7d66af89\" data-id=\"counter_69184117469d1c7d66af89\"  data-ultimate-target='#counter-responsv-wrap-2805 .stats-number'  data-responsive-json-new='{\"font-size\":\"\",\"line-height\":\"\"}'  class=\"stats-number ult-responsive\" style=\"font-size:28px; color:#ffffff; color:#ffffff;\" data-speed=\"2\" data-counter-value=\"1.3\" data-separator=\",\" data-decimal=\".\">0<\/div><div id=\"counter_69184117469d1c7d66af89\"  data-ultimate-target='#counter-responsv-wrap-2805 .stats-text'  data-responsive-json-new='{\"font-size\":\"\",\"line-height\":\"\"}'  class=\"stats-text ult-responsive\" style=\"font-size:18px; color:#ffffff; \">Millones de beb\u00e9s ECOPIPO.<\/div><\/div><\/div>[\/vc_column_inner][vc_column_inner width=&#8221;1\/4&#8243; offset=&#8221;vc_col-xs-6&#8243;]<div class=\"stats-block stats-top  \"><div class=\"aio-icon-top\"><div class=\"ult-just-icon-wrapper  \"><div class=\"align-icon\" style=\"text-align:center;\"><\/div><\/div><\/div><div class=\"stats-desc\" id=\"counter-responsv-wrap-5401\"><div id=\"counter_297410181569d1c7d66b007\" data-id=\"counter_297410181569d1c7d66b007\"  data-ultimate-target='#counter-responsv-wrap-5401 .stats-number'  data-responsive-json-new='{\"font-size\":\"\",\"line-height\":\"\"}'  class=\"stats-number ult-responsive\" style=\"font-size:28px; color:#ffffff; color:#ffffff;\" data-speed=\"2\" data-counter-value=\"2.6\" data-separator=\",\" data-decimal=\".\">0<\/div><div id=\"counter_297410181569d1c7d66b007\"  data-ultimate-target='#counter-responsv-wrap-5401 .stats-text'  data-responsive-json-new='{\"font-size\":\"\",\"line-height\":\"\"}'  class=\"stats-text ult-responsive\" style=\"font-size:18px; color:#ffffff; \">Millones de toneladas menos de basura.<\/div><\/div><\/div>[\/vc_column_inner][vc_column_inner width=&#8221;1\/4&#8243; offset=&#8221;vc_col-xs-6&#8243;]<div class=\"stats-block stats-top  \"><div class=\"aio-icon-top\"><div class=\"ult-just-icon-wrapper  \"><div class=\"align-icon\" style=\"text-align:center;\"><\/div><\/div><\/div><div class=\"stats-desc\" id=\"counter-responsv-wrap-7269\"><div id=\"counter_338502566669d1c7d66b07a\" data-id=\"counter_338502566669d1c7d66b07a\"  data-ultimate-target='#counter-responsv-wrap-7269 .stats-number'  data-responsive-json-new='{\"font-size\":\"\",\"line-height\":\"\"}'  class=\"stats-number ult-responsive\" style=\"font-size:28px; color:#ffffff; color:#ffffff;\" data-speed=\"2\" data-counter-value=\"4\" data-separator=\",\" data-decimal=\".\">0<\/div><div id=\"counter_338502566669d1c7d66b07a\"  data-ultimate-target='#counter-responsv-wrap-7269 .stats-text'  data-responsive-json-new='{\"font-size\":\"\",\"line-height\":\"\"}'  class=\"stats-text ult-responsive\" style=\"font-size:18px; color:#ffffff; \">Mil millones de metros c\u00fabicos de agua ahorrados.<\/div><\/div><\/div>[\/vc_column_inner][\/vc_row_inner][vc_separator color=&#8221;white&#8221; border_width=&#8221;2&#8243; css=&#8221;.vc_custom_1654729147004{margin-top: 10px !important;margin-bottom: 20px !important;}&#8221;][\/vc_column][\/vc_row]<\/p>\n","protected":false},"excerpt":{"rendered":"<p>[vc_row css=&#8221;.vc_custom_1664405935007{padding-top: 40px !important;padding-bottom: 18px !important;}&#8221;][vc_column][\/vc_column][\/vc_row][vc_row wrap_container=&#8221;yes&#8221; css=&#8221;.vc_custom_1677106352103{padding-top: 10px !important;background: #ffffff url(https:\/\/tiendas.ecopipo.com\/moms-babies\/wp-content\/uploads\/2022\/06\/Ecopipo_Footer_70.png?id=2131) !important;}&#8221;][vc_column][vc_empty_space el_id=&#8221;movil&#8221;][vc_empty_space][vc_row_inner][vc_column_inner width=&#8221;1\/2&#8243;][vc_column_text] 1 mill\u00f3n de Mam\u00e1s responsables que han usado pa\u00f1ales ECOPIPO en 13 a\u00f1os, han logrado [&hellip;]<\/p>\n","protected":false},"author":1,"featured_media":0,"parent":0,"menu_order":0,"comment_status":"closed","ping_status":"closed","template":"","meta":{"footnotes":""},"class_list":["post-2833","page","type-page","status-publish","hentry"],"_links":{"self":[{"href":"https:\/\/tiendas.ecopipo.com\/moms-babies\/wp-json\/wp\/v2\/pages\/2833","targetHints":{"allow":["GET"]}}],"collection":[{"href":"https:\/\/tiendas.ecopipo.com\/moms-babies\/wp-json\/wp\/v2\/pages"}],"about":[{"href":"https:\/\/tiendas.ecopipo.com\/moms-babies\/wp-json\/wp\/v2\/types\/page"}],"author":[{"embeddable":true,"href":"https:\/\/tiendas.ecopipo.com\/moms-babies\/wp-json\/wp\/v2\/users\/1"}],"replies":[{"embeddable":true,"href":"https:\/\/tiendas.ecopipo.com\/moms-babies\/wp-json\/wp\/v2\/comments?post=2833"}],"version-history":[{"count":25,"href":"https:\/\/tiendas.ecopipo.com\/moms-babies\/wp-json\/wp\/v2\/pages\/2833\/revisions"}],"predecessor-version":[{"id":6651,"href":"https:\/\/tiendas.ecopipo.com\/moms-babies\/wp-json\/wp\/v2\/pages\/2833\/revisions\/6651"}],"wp:attachment":[{"href":"https:\/\/tiendas.ecopipo.com\/moms-babies\/wp-json\/wp\/v2\/media?parent=2833"}],"curies":[{"name":"wp","href":"https:\/\/api.w.org\/{rel}","templated":true}]}}