
{"id":3456,"date":"2022-11-01T18:32:24","date_gmt":"2022-11-01T18:32:24","guid":{"rendered":"https:\/\/ecopipo.com\/tienda\/moms-babies\/?post_type=product&#038;p=3456"},"modified":"2025-04-06T00:02:52","modified_gmt":"2025-04-06T06:02:52","slug":"panal-retro-predoblado","status":"publish","type":"product","link":"https:\/\/tiendas.ecopipo.com\/moms-babies\/producto\/panal-retro-predoblado\/","title":{"rendered":"Pa\u00f1al Retro Predoblado"},"content":{"rendered":"<p class=\"prod_des\">El pa\u00f1al predoblado chico est\u00e1 elaborado con tela que cuida la piel de tu beb\u00e9, su versatilidad ayuda a que lo puedas utilizar como pa\u00f1al desde que nace tu beb\u00e9 hasta que pese entre 6 &#8211; 8 kg. o bien, como refuerzo de cualquier otro pa\u00f1al. Est\u00e1 reforzado de la parte de en medio para mejor absorci\u00f3n, a su uso le puedes agregar un liner de tela para lograr el efecto siempre seco. Este pa\u00f1al est\u00e1 dise\u00f1ado para ser utilizado con una cubierta impermeable, misma que se vende por separado. Su precio es muy accesible por lo que te recomendamos tener al menos diez pa\u00f1ales predoblados chicos y tres cubiertas impermeables, posteriormente puedes incorporar el uso de nuestro pa\u00f1al predoblado en tama\u00f1o grande. Los puedes lavar en lavadora por separado de la ropa de tu beb\u00e9 en ciclo muy sucio, con detergente para pa\u00f1ales Ecopipo o cualquier otro biodegradable.<\/p>\n","protected":false},"excerpt":{"rendered":"<p class=\"prod_des\">La versatilidad del pa\u00f1al predoblado te permite utilizarlo como un pa\u00f1al desde que tu beb\u00e9 nace o bien, como refuerzo de cualquier otro pa\u00f1al. Est\u00e1 elaborado con tela super suavecita al contacto con la piel y reforzado en la parte de en medio para mejor absorci\u00f3n.<\/p>\n","protected":false},"featured_media":8340,"template":"","meta":[],"product_cat":[153],"product_tag":[],"giftcard-category":[],"class_list":{"0":"post-3456","1":"product","2":"type-product","3":"status-publish","4":"has-post-thumbnail","6":"product_cat-bebes","8":"first","9":"instock","10":"taxable","11":"shipping-taxable","12":"purchasable","13":"product-type-variable","14":"rtwpvg-product"},"_links":{"self":[{"href":"https:\/\/tiendas.ecopipo.com\/moms-babies\/wp-json\/wp\/v2\/product\/3456","targetHints":{"allow":["GET"]}}],"collection":[{"href":"https:\/\/tiendas.ecopipo.com\/moms-babies\/wp-json\/wp\/v2\/product"}],"about":[{"href":"https:\/\/tiendas.ecopipo.com\/moms-babies\/wp-json\/wp\/v2\/types\/product"}],"wp:featuredmedia":[{"embeddable":true,"href":"https:\/\/tiendas.ecopipo.com\/moms-babies\/wp-json\/wp\/v2\/media\/8340"}],"wp:attachment":[{"href":"https:\/\/tiendas.ecopipo.com\/moms-babies\/wp-json\/wp\/v2\/media?parent=3456"}],"wp:term":[{"taxonomy":"product_cat","embeddable":true,"href":"https:\/\/tiendas.ecopipo.com\/moms-babies\/wp-json\/wp\/v2\/product_cat?post=3456"},{"taxonomy":"product_tag","embeddable":true,"href":"https:\/\/tiendas.ecopipo.com\/moms-babies\/wp-json\/wp\/v2\/product_tag?post=3456"},{"taxonomy":"giftcard-category","embeddable":true,"href":"https:\/\/tiendas.ecopipo.com\/moms-babies\/wp-json\/wp\/v2\/giftcard-category?post=3456"}],"curies":[{"name":"wp","href":"https:\/\/api.w.org\/{rel}","templated":true}]}}