
{"id":3810,"date":"2022-11-03T16:16:30","date_gmt":"2022-11-03T16:16:30","guid":{"rendered":"https:\/\/ecopipo.com\/tienda\/moms-babies\/?post_type=product&#038;p=3810"},"modified":"2025-04-06T00:02:52","modified_gmt":"2025-04-06T06:02:52","slug":"mochila-prescolar","status":"publish","type":"product","link":"https:\/\/tiendas.ecopipo.com\/moms-babies\/producto\/mochila-prescolar\/","title":{"rendered":"Mochila"},"content":{"rendered":"<p class=\"prod_des\">Elaborada con la calidad que nos caracteriza, la Mochila es excelente para ni\u00f1os y ni\u00f1as que van al preescolar por su amplitud, tambi\u00e9n la puedes utilizar como pa\u00f1alera. L\u00edmpiala con un pa\u00f1o h\u00famedo por fuera y con un pa\u00f1o seco por dentro, est\u00e1 hecha en M\u00e9xico, es 100% poli\u00e9ster y pintada con tintas a base de agua y libres de plomo. Medidas: Alto: 35 CM, Ancho: 27 CM, Fuelle: 10 CM.<\/p>\n","protected":false},"excerpt":{"rendered":"<p class=\"prod_des\">Est\u00e1 hecha en M\u00e9xico, en poli\u00e9ster y con tintas a base de agua y libres de plomo. Su tama\u00f1o es ideal para ni\u00f1os y ni\u00f1as de preescolar. Tiene una bolsa frontal y asas ajustables y acolchadas lo que la hacen muy c\u00f3moda.<\/p>\n","protected":false},"featured_media":8348,"template":"","meta":[],"product_cat":[234],"product_tag":[],"giftcard-category":[],"class_list":{"0":"post-3810","1":"product","2":"type-product","3":"status-publish","4":"has-post-thumbnail","6":"product_cat-outfit","8":"first","9":"instock","10":"taxable","11":"shipping-taxable","12":"purchasable","13":"product-type-variable","14":"rtwpvg-product"},"_links":{"self":[{"href":"https:\/\/tiendas.ecopipo.com\/moms-babies\/wp-json\/wp\/v2\/product\/3810","targetHints":{"allow":["GET"]}}],"collection":[{"href":"https:\/\/tiendas.ecopipo.com\/moms-babies\/wp-json\/wp\/v2\/product"}],"about":[{"href":"https:\/\/tiendas.ecopipo.com\/moms-babies\/wp-json\/wp\/v2\/types\/product"}],"wp:featuredmedia":[{"embeddable":true,"href":"https:\/\/tiendas.ecopipo.com\/moms-babies\/wp-json\/wp\/v2\/media\/8348"}],"wp:attachment":[{"href":"https:\/\/tiendas.ecopipo.com\/moms-babies\/wp-json\/wp\/v2\/media?parent=3810"}],"wp:term":[{"taxonomy":"product_cat","embeddable":true,"href":"https:\/\/tiendas.ecopipo.com\/moms-babies\/wp-json\/wp\/v2\/product_cat?post=3810"},{"taxonomy":"product_tag","embeddable":true,"href":"https:\/\/tiendas.ecopipo.com\/moms-babies\/wp-json\/wp\/v2\/product_tag?post=3810"},{"taxonomy":"giftcard-category","embeddable":true,"href":"https:\/\/tiendas.ecopipo.com\/moms-babies\/wp-json\/wp\/v2\/giftcard-category?post=3810"}],"curies":[{"name":"wp","href":"https:\/\/api.w.org\/{rel}","templated":true}]}}