
{"id":3850,"date":"2022-11-03T20:51:20","date_gmt":"2022-11-04T02:51:20","guid":{"rendered":"https:\/\/ecopipo.com\/tienda\/moms-babies\/?post_type=product&#038;p=3850"},"modified":"2025-04-06T00:02:48","modified_gmt":"2025-04-06T06:02:48","slug":"rlr-lavado-profundo","status":"publish","type":"product","link":"https:\/\/tiendas.ecopipo.com\/moms-babies\/producto\/rlr-lavado-profundo\/","title":{"rendered":"Lavado Profundo"},"content":{"rendered":"<p>Utiliza este tratamiento en tus pa\u00f1ales para retirar los excesos de orina, detergente y sales minerales que provocan el olor a amoniaco, las manchas y percudidos. Haz este tratamiento peri\u00f3dicamente y con moderaci\u00f3n ya sea en lavadora convencional o en una tina grande, no se recomienda utilizarlo en lavadoras HE, ya que \u00e9stas no terminan de quitar los excesos del lavado profundo. Siempre verifica que el agua quede transparente, ya que esto asegura que el tratamiento fue retirado totalmente de los pa\u00f1ales. Utilizarlo de forma frecuente puede llegar a da\u00f1ar tus prendas. Un Bolsa Impermeable de Salida Sobre es suficiente para tratar entre 15 y 18 pa\u00f1ales completos. Es recomendable hacer este tratamiento en tus pa\u00f1ales si los vas a utilizar con un segundo o tercer beb\u00e9.<\/p>\n","protected":false},"excerpt":{"rendered":"<p>Con este tratamiento de lavado profundo tus pa\u00f1ales se mantendr\u00e1n como nuevos, es ideal para eliminar el olor penetrante que generan los residuos de orina, carbonato de calcio y detergente. Adem\u00e1s blanquea la ropa sin tener cloro y es biodegradable.<\/p>\n","protected":false},"featured_media":7385,"template":"","meta":[],"product_cat":[261],"product_tag":[],"giftcard-category":[],"class_list":{"0":"post-3850","1":"product","2":"type-product","3":"status-publish","4":"has-post-thumbnail","6":"product_cat-cuidado","8":"first","9":"instock","10":"taxable","11":"shipping-taxable","12":"purchasable","13":"product-type-simple"},"_links":{"self":[{"href":"https:\/\/tiendas.ecopipo.com\/moms-babies\/wp-json\/wp\/v2\/product\/3850","targetHints":{"allow":["GET"]}}],"collection":[{"href":"https:\/\/tiendas.ecopipo.com\/moms-babies\/wp-json\/wp\/v2\/product"}],"about":[{"href":"https:\/\/tiendas.ecopipo.com\/moms-babies\/wp-json\/wp\/v2\/types\/product"}],"wp:featuredmedia":[{"embeddable":true,"href":"https:\/\/tiendas.ecopipo.com\/moms-babies\/wp-json\/wp\/v2\/media\/7385"}],"wp:attachment":[{"href":"https:\/\/tiendas.ecopipo.com\/moms-babies\/wp-json\/wp\/v2\/media?parent=3850"}],"wp:term":[{"taxonomy":"product_cat","embeddable":true,"href":"https:\/\/tiendas.ecopipo.com\/moms-babies\/wp-json\/wp\/v2\/product_cat?post=3850"},{"taxonomy":"product_tag","embeddable":true,"href":"https:\/\/tiendas.ecopipo.com\/moms-babies\/wp-json\/wp\/v2\/product_tag?post=3850"},{"taxonomy":"giftcard-category","embeddable":true,"href":"https:\/\/tiendas.ecopipo.com\/moms-babies\/wp-json\/wp\/v2\/giftcard-category?post=3850"}],"curies":[{"name":"wp","href":"https:\/\/api.w.org\/{rel}","templated":true}]}}