
{"id":3855,"date":"2022-11-04T03:06:59","date_gmt":"2022-11-04T03:06:59","guid":{"rendered":"https:\/\/ecopipo.com\/tienda\/moms-babies\/?post_type=product&#038;p=3855"},"modified":"2025-04-06T00:02:48","modified_gmt":"2025-04-06T06:02:48","slug":"locion-para-pompis","status":"publish","type":"product","link":"https:\/\/tiendas.ecopipo.com\/moms-babies\/producto\/locion-para-pompis\/","title":{"rendered":"Loci\u00f3n Para Pompis"},"content":{"rendered":"<p>Es excelente auxiliar para la limpieza de las pompis de tu beb\u00e9, adem\u00e1s el complemento perfecto de nuestras toallitas lavables, ambos productos juntos sustituyen las toallitas h\u00famedas desechables, nuestra Loci\u00f3n para limpieza de pompis, no contiene qu\u00edmicos t\u00f3xicos, ayuda a regenerar la piel de tu beb\u00e9 y es excelente para rozaduras e irritaciones, por sus propiedades antis\u00e9pticas, contribuye a tener una piel sana, adem\u00e1s en antiinflamatoria y fungicida.<\/p>\n","protected":false},"excerpt":{"rendered":"<p>Utiliza nuestra Loci\u00f3n para limpieza de pompis en cada cambio de pa\u00f1al, te ayudar\u00e1 a limpiar y cuidar la piel de tu beb\u00e9, es antis\u00e9ptica y est\u00e1 elaborada con ingredientes naturales como manzanilla y cal\u00e9ndula que evita rozaduras, ayuda a la cicatrizaci\u00f3n y refresca la piel de tu beb\u00e9.<\/p>\n","protected":false},"featured_media":5336,"template":"","meta":[],"product_cat":[261],"product_tag":[],"giftcard-category":[],"class_list":{"0":"post-3855","1":"product","2":"type-product","3":"status-publish","4":"has-post-thumbnail","6":"product_cat-cuidado","8":"first","9":"instock","10":"taxable","11":"shipping-taxable","12":"purchasable","13":"product-type-simple"},"_links":{"self":[{"href":"https:\/\/tiendas.ecopipo.com\/moms-babies\/wp-json\/wp\/v2\/product\/3855","targetHints":{"allow":["GET"]}}],"collection":[{"href":"https:\/\/tiendas.ecopipo.com\/moms-babies\/wp-json\/wp\/v2\/product"}],"about":[{"href":"https:\/\/tiendas.ecopipo.com\/moms-babies\/wp-json\/wp\/v2\/types\/product"}],"wp:featuredmedia":[{"embeddable":true,"href":"https:\/\/tiendas.ecopipo.com\/moms-babies\/wp-json\/wp\/v2\/media\/5336"}],"wp:attachment":[{"href":"https:\/\/tiendas.ecopipo.com\/moms-babies\/wp-json\/wp\/v2\/media?parent=3855"}],"wp:term":[{"taxonomy":"product_cat","embeddable":true,"href":"https:\/\/tiendas.ecopipo.com\/moms-babies\/wp-json\/wp\/v2\/product_cat?post=3855"},{"taxonomy":"product_tag","embeddable":true,"href":"https:\/\/tiendas.ecopipo.com\/moms-babies\/wp-json\/wp\/v2\/product_tag?post=3855"},{"taxonomy":"giftcard-category","embeddable":true,"href":"https:\/\/tiendas.ecopipo.com\/moms-babies\/wp-json\/wp\/v2\/giftcard-category?post=3855"}],"curies":[{"name":"wp","href":"https:\/\/api.w.org\/{rel}","templated":true}]}}