
{"id":3856,"date":"2022-11-03T21:09:50","date_gmt":"2022-11-04T03:09:50","guid":{"rendered":"https:\/\/ecopipo.com\/tienda\/moms-babies\/?post_type=product&#038;p=3856"},"modified":"2025-04-06T00:02:48","modified_gmt":"2025-04-06T06:02:48","slug":"balsamo-para-rozaduras","status":"publish","type":"product","link":"https:\/\/tiendas.ecopipo.com\/moms-babies\/producto\/balsamo-para-rozaduras\/","title":{"rendered":"B\u00e1lsamo"},"content":{"rendered":"<p>Nuestro B\u00e1lsamo adem\u00e1s de cuidar la piel de tu beb\u00e9, al usarlo ayudas a que el funcionamiento de tus pa\u00f1ales no se vea afectado, pues est\u00e1 elaborado con ingredientes naturales y no tapan la tela de los pa\u00f1ales, es un excelente auxiliar en rozaduras (si \u00e9stas persisten por m\u00e1s de tres d\u00edas, acude al pediatra), es totalmente biodegradable y tambi\u00e9n lo puedes utilizar en piquetes de mosquito, piel irritada, despu\u00e9s de asolearte, labios partidos y quemaduras leves por el sol o el calor.<\/p>\n","protected":false},"excerpt":{"rendered":"<p>Elaborado con ingredientes naturales que cuidan la piel de tu beb\u00e9, es excelente auxiliar en el tratamiento de rozaduras, no contiene qu\u00edmicos t\u00f3xicos, nuestro B\u00e1lsamo tambi\u00e9n ayuda al cuidado de tus pa\u00f1ales ecol\u00f3gicos, ya que no los da\u00f1a ni los tapa.<\/p>\n","protected":false},"featured_media":5334,"template":"","meta":[],"product_cat":[261],"product_tag":[],"giftcard-category":[],"class_list":{"0":"post-3856","1":"product","2":"type-product","3":"status-publish","4":"has-post-thumbnail","6":"product_cat-cuidado","8":"first","9":"instock","10":"taxable","11":"shipping-taxable","12":"purchasable","13":"product-type-simple"},"_links":{"self":[{"href":"https:\/\/tiendas.ecopipo.com\/moms-babies\/wp-json\/wp\/v2\/product\/3856","targetHints":{"allow":["GET"]}}],"collection":[{"href":"https:\/\/tiendas.ecopipo.com\/moms-babies\/wp-json\/wp\/v2\/product"}],"about":[{"href":"https:\/\/tiendas.ecopipo.com\/moms-babies\/wp-json\/wp\/v2\/types\/product"}],"wp:featuredmedia":[{"embeddable":true,"href":"https:\/\/tiendas.ecopipo.com\/moms-babies\/wp-json\/wp\/v2\/media\/5334"}],"wp:attachment":[{"href":"https:\/\/tiendas.ecopipo.com\/moms-babies\/wp-json\/wp\/v2\/media?parent=3856"}],"wp:term":[{"taxonomy":"product_cat","embeddable":true,"href":"https:\/\/tiendas.ecopipo.com\/moms-babies\/wp-json\/wp\/v2\/product_cat?post=3856"},{"taxonomy":"product_tag","embeddable":true,"href":"https:\/\/tiendas.ecopipo.com\/moms-babies\/wp-json\/wp\/v2\/product_tag?post=3856"},{"taxonomy":"giftcard-category","embeddable":true,"href":"https:\/\/tiendas.ecopipo.com\/moms-babies\/wp-json\/wp\/v2\/giftcard-category?post=3856"}],"curies":[{"name":"wp","href":"https:\/\/api.w.org\/{rel}","templated":true}]}}