
{"id":3857,"date":"2022-11-04T03:18:55","date_gmt":"2022-11-04T03:18:55","guid":{"rendered":"https:\/\/ecopipo.com\/tienda\/moms-babies\/?post_type=product&#038;p=3857"},"modified":"2025-04-06T00:02:52","modified_gmt":"2025-04-06T06:02:52","slug":"toallitas-lavables-nina-nino","status":"publish","type":"product","link":"https:\/\/tiendas.ecopipo.com\/moms-babies\/producto\/toallitas-lavables-nina-nino\/","title":{"rendered":"Toallitas Lavables"},"content":{"rendered":"<p class=\"prod_des\">Las toallitas lavables vienen en presentaci\u00f3n de 10 piezas y est\u00e1n elaboradas con tela de la mejor calidad y muy suave, las puedes utilizar para limpiar las babitas, ponerlas en tu hombro para hacer eructar a tu beb\u00e9, para limpiar la boquita cuando ya est\u00e1n en la etapa de ablactaci\u00f3n o bien para limpiar las pompis de una forma m\u00e1s ecol\u00f3gica y sin contaminar, para esto te recomendamos complementar con nuestra loci\u00f3n para limpieza de pompis y as\u00ed evitar las toallitas h\u00famedas desechables que irritan la piel, las puedes lavar junto con tus pa\u00f1ales, con detergente para pa\u00f1ales Ecopipo o bien, con cualquier otro detergente biodegradable, las puedes meter a la lavadora, secar al sol de preferencia o a la sombra, son f\u00e1ciles de desmanchar.<\/p>\n","protected":false},"excerpt":{"rendered":"<p class=\"prod_des\">Nuestras toallitas lavables est\u00e1n elaboradas con tela muy suave al contacto con la piel, son ideales para limpiar babitas, ponerlas en tu hombro para hacer eructar a tu beb\u00e9 o bien para limpiar las pompis de una forma m\u00e1s ecol\u00f3gica y sin contaminar y as\u00ed evitar las toallitas h\u00famedas desechables.<\/p>\n","protected":false},"featured_media":5350,"template":"","meta":[],"product_cat":[261],"product_tag":[],"giftcard-category":[],"class_list":{"0":"post-3857","1":"product","2":"type-product","3":"status-publish","4":"has-post-thumbnail","6":"product_cat-cuidado","8":"first","9":"instock","10":"taxable","11":"shipping-taxable","12":"purchasable","13":"product-type-variable","14":"rtwpvg-product"},"_links":{"self":[{"href":"https:\/\/tiendas.ecopipo.com\/moms-babies\/wp-json\/wp\/v2\/product\/3857","targetHints":{"allow":["GET"]}}],"collection":[{"href":"https:\/\/tiendas.ecopipo.com\/moms-babies\/wp-json\/wp\/v2\/product"}],"about":[{"href":"https:\/\/tiendas.ecopipo.com\/moms-babies\/wp-json\/wp\/v2\/types\/product"}],"wp:featuredmedia":[{"embeddable":true,"href":"https:\/\/tiendas.ecopipo.com\/moms-babies\/wp-json\/wp\/v2\/media\/5350"}],"wp:attachment":[{"href":"https:\/\/tiendas.ecopipo.com\/moms-babies\/wp-json\/wp\/v2\/media?parent=3857"}],"wp:term":[{"taxonomy":"product_cat","embeddable":true,"href":"https:\/\/tiendas.ecopipo.com\/moms-babies\/wp-json\/wp\/v2\/product_cat?post=3857"},{"taxonomy":"product_tag","embeddable":true,"href":"https:\/\/tiendas.ecopipo.com\/moms-babies\/wp-json\/wp\/v2\/product_tag?post=3857"},{"taxonomy":"giftcard-category","embeddable":true,"href":"https:\/\/tiendas.ecopipo.com\/moms-babies\/wp-json\/wp\/v2\/giftcard-category?post=3857"}],"curies":[{"name":"wp","href":"https:\/\/api.w.org\/{rel}","templated":true}]}}