
{"id":3882,"date":"2022-11-04T15:24:16","date_gmt":"2022-11-04T15:24:16","guid":{"rendered":"https:\/\/ecopipo.com\/tienda\/moms-babies\/?post_type=product&#038;p=3882"},"modified":"2025-08-21T14:40:58","modified_gmt":"2025-08-21T20:40:58","slug":"bolsa-de-salida-estampada","status":"publish","type":"product","link":"https:\/\/tiendas.ecopipo.com\/moms-babies\/producto\/bolsa-de-salida-estampada\/","title":{"rendered":"Bolsa De Salida Estampada"},"content":{"rendered":"<p class=\"prod_des\">Las bolsas impermeables Ecopipo son de gran utilidad para el almacenamiento de los pa\u00f1ales. Su tela de pul laminado, las hace perfectas para guardar los pa\u00f1ales sucios sin que el olor se perciba al exterior. La bolsa para salir es muy c\u00f3moda y del tama\u00f1o adecuado para guardarse en la pa\u00f1alera, auto, carreola o, incluso, para llevarla caminando. Cuenta con doble bolsa, cada una con su cierre independiente para separar los pa\u00f1ales limpios de los sucios. Tiene tambi\u00e9n una jareta para colgarla que la hace muy pr\u00e1ctica. Le caben entre 3 y 5 pa\u00f1ales limpios y sucios.<\/p>\n","protected":false},"excerpt":{"rendered":"<p class=\"prod_des\">Las bolsas impermeables Ecopipo son de gran utilidad para el almacenamiento de los pa\u00f1ales. Su tela de pul laminado, las hace perfectas para guardar los pa\u00f1ales sucios sin que el olor se perciba al exterior. La bolsa para salir es muy c\u00f3moda y del tama\u00f1o adecuado para guardarse en la pa\u00f1alera, auto, carreola o, incluso, para llevarla caminando. Cuenta con doble bolsa, cada una con su cierre independiente para separar los pa\u00f1ales limpios de los sucios. Tiene tambi\u00e9n una jareta para colgarla que la hace muy pr\u00e1ctica. Le caben entre 3 y 5 pa\u00f1ales limpios y sucios.<\/p>\n","protected":false},"featured_media":8352,"template":"","meta":[],"product_cat":[261],"product_tag":[],"giftcard-category":[],"class_list":{"0":"post-3882","1":"product","2":"type-product","3":"status-publish","4":"has-post-thumbnail","6":"product_cat-cuidado","8":"first","9":"instock","10":"taxable","11":"shipping-taxable","12":"purchasable","13":"product-type-variable","14":"rtwpvg-product"},"_links":{"self":[{"href":"https:\/\/tiendas.ecopipo.com\/moms-babies\/wp-json\/wp\/v2\/product\/3882","targetHints":{"allow":["GET"]}}],"collection":[{"href":"https:\/\/tiendas.ecopipo.com\/moms-babies\/wp-json\/wp\/v2\/product"}],"about":[{"href":"https:\/\/tiendas.ecopipo.com\/moms-babies\/wp-json\/wp\/v2\/types\/product"}],"wp:featuredmedia":[{"embeddable":true,"href":"https:\/\/tiendas.ecopipo.com\/moms-babies\/wp-json\/wp\/v2\/media\/8352"}],"wp:attachment":[{"href":"https:\/\/tiendas.ecopipo.com\/moms-babies\/wp-json\/wp\/v2\/media?parent=3882"}],"wp:term":[{"taxonomy":"product_cat","embeddable":true,"href":"https:\/\/tiendas.ecopipo.com\/moms-babies\/wp-json\/wp\/v2\/product_cat?post=3882"},{"taxonomy":"product_tag","embeddable":true,"href":"https:\/\/tiendas.ecopipo.com\/moms-babies\/wp-json\/wp\/v2\/product_tag?post=3882"},{"taxonomy":"giftcard-category","embeddable":true,"href":"https:\/\/tiendas.ecopipo.com\/moms-babies\/wp-json\/wp\/v2\/giftcard-category?post=3882"}],"curies":[{"name":"wp","href":"https:\/\/api.w.org\/{rel}","templated":true}]}}