
{"id":4024,"date":"2022-11-04T23:25:40","date_gmt":"2022-11-04T23:25:40","guid":{"rendered":"https:\/\/ecopipo.com\/tienda\/moms-babies\/?post_type=product&#038;p=4024"},"modified":"2025-04-06T00:02:52","modified_gmt":"2025-04-06T06:02:52","slug":"pantiprotector-tanga","status":"publish","type":"product","link":"https:\/\/tiendas.ecopipo.com\/moms-babies\/producto\/pantiprotector-tanga\/","title":{"rendered":"Pantiprotector Tanga"},"content":{"rendered":"<p class=\"prod_des\">Las toallas femeninas est\u00e1n elaboradas de 3 telas, la exterior es de Pul que es poli\u00e9ster laminado con poliuretano que tiene micro poros por lo que no solo es impermeable sino que permite el intercambio de aire, dando una sensaci\u00f3n de frescura sin malos olores. La tela que toca la piel es microfleece o siempre seco, \u00e9sta permite una r\u00e1pida absorci\u00f3n y produce una sensaci\u00f3n de estar seca durante tu periodo, adem\u00e1s es f\u00e1cil de desmanchar lo que te permite que las toallas se mantengan blancas durante muchos a\u00f1os. El interior es de microfibra una tela que absorbe muy r\u00e1pido. Para un ajuste y comodidad durante tu periodo, cada toalla tiene el tama\u00f1o, forma y absorbencia ideal y para sujetarse a tu prenda \u00edntima se colocaron 2 broches que permiten obtener un ajuste perfecto y que se quede en su lugar al realizar las actividades cotidianas.<\/p>\n","protected":false},"excerpt":{"rendered":"<p class=\"prod_des\">Las toallas femeninas est\u00e1n elaboradas de 3 telas, la exterior es de Pul que es poli\u00e9ster laminado con poliuretano que tiene micro poros por lo que no solo es impermeable sino que permite el intercambio de aire, dando una sensaci\u00f3n de frescura sin malos olores.<\/p>\n","protected":false},"featured_media":8356,"template":"","meta":[],"product_cat":[314],"product_tag":[],"giftcard-category":[],"class_list":{"0":"post-4024","1":"product","2":"type-product","3":"status-publish","4":"has-post-thumbnail","6":"product_cat-mujer","8":"first","9":"instock","10":"taxable","11":"shipping-taxable","12":"purchasable","13":"product-type-variable","14":"rtwpvg-product"},"_links":{"self":[{"href":"https:\/\/tiendas.ecopipo.com\/moms-babies\/wp-json\/wp\/v2\/product\/4024","targetHints":{"allow":["GET"]}}],"collection":[{"href":"https:\/\/tiendas.ecopipo.com\/moms-babies\/wp-json\/wp\/v2\/product"}],"about":[{"href":"https:\/\/tiendas.ecopipo.com\/moms-babies\/wp-json\/wp\/v2\/types\/product"}],"wp:featuredmedia":[{"embeddable":true,"href":"https:\/\/tiendas.ecopipo.com\/moms-babies\/wp-json\/wp\/v2\/media\/8356"}],"wp:attachment":[{"href":"https:\/\/tiendas.ecopipo.com\/moms-babies\/wp-json\/wp\/v2\/media?parent=4024"}],"wp:term":[{"taxonomy":"product_cat","embeddable":true,"href":"https:\/\/tiendas.ecopipo.com\/moms-babies\/wp-json\/wp\/v2\/product_cat?post=4024"},{"taxonomy":"product_tag","embeddable":true,"href":"https:\/\/tiendas.ecopipo.com\/moms-babies\/wp-json\/wp\/v2\/product_tag?post=4024"},{"taxonomy":"giftcard-category","embeddable":true,"href":"https:\/\/tiendas.ecopipo.com\/moms-babies\/wp-json\/wp\/v2\/giftcard-category?post=4024"}],"curies":[{"name":"wp","href":"https:\/\/api.w.org\/{rel}","templated":true}]}}