
{"id":4057,"date":"2022-11-04T23:45:22","date_gmt":"2022-11-04T23:45:22","guid":{"rendered":"https:\/\/ecopipo.com\/tienda\/moms-babies\/?post_type=product&#038;p=4057"},"modified":"2026-02-09T22:20:27","modified_gmt":"2026-02-10T04:20:27","slug":"pantiprotector","status":"publish","type":"product","link":"https:\/\/tiendas.ecopipo.com\/moms-babies\/producto\/pantiprotector\/","title":{"rendered":"Pantiprotector"},"content":{"rendered":"<p class=\"prod_des\">Ideales para un flujo ligero, est\u00e1n elaborados con suaves telas certificadas que no da\u00f1an tu piel, son impermeables, transpirables, s\u00faper absorbentes y gracias a su efecto siempre seco, tendr\u00e1s esta misma sensaci\u00f3n mientras los utilizas, tienen alitas con dos broches en una de ellas para asegurarlo a tu prenda y su ajuste sea perfecto. No guardan malos olores, son suaves y c\u00f3modos. Para lavarlos, utiliza el detergente para toallas femeninas de tela de Lubella, con este, aseguras su buen funcionamiento y alargas la vida de los mismos; o bien, puedes utilizar cualquier detergente biodegradable. Aprovecha el momento de la ducha para hacer un prelavado con unas gotas de detergente y tall\u00e1ndolos suavemente entre s\u00ed mismos y sin restregar, enjuaga y deja secar. Cuando tengas suficientes pantiprotectores prelavados, m\u00e9telos a la lavadora con una o dos gotas de detergente por cada uno, tiende a la sombra. No utilices cloro, suavizantes de telas, jab\u00f3n de barra, vinagre o productos con \u00f3xido de zinc.<\/p>\n","protected":false},"excerpt":{"rendered":"<p class=\"prod_des\">Al utilizarlos, mantienes tu piel seca, fresca y libre de qu\u00edmicos nocivos para la salud, disminuyendo considerablemente la probabilidad de una infecci\u00f3n, entre otros problemas de salud. Est\u00e1n pensados para facilitar la gesti\u00f3n menstrual, el cuidado del cuerpo, el planeta y la econom\u00eda de las mujeres.<\/p>\n","protected":false},"featured_media":8357,"template":"","meta":[],"product_cat":[314],"product_tag":[],"giftcard-category":[],"class_list":{"0":"post-4057","1":"product","2":"type-product","3":"status-publish","4":"has-post-thumbnail","6":"product_cat-mujer","8":"first","9":"instock","10":"taxable","11":"shipping-taxable","12":"purchasable","13":"product-type-variable","14":"rtwpvg-product"},"_links":{"self":[{"href":"https:\/\/tiendas.ecopipo.com\/moms-babies\/wp-json\/wp\/v2\/product\/4057","targetHints":{"allow":["GET"]}}],"collection":[{"href":"https:\/\/tiendas.ecopipo.com\/moms-babies\/wp-json\/wp\/v2\/product"}],"about":[{"href":"https:\/\/tiendas.ecopipo.com\/moms-babies\/wp-json\/wp\/v2\/types\/product"}],"wp:featuredmedia":[{"embeddable":true,"href":"https:\/\/tiendas.ecopipo.com\/moms-babies\/wp-json\/wp\/v2\/media\/8357"}],"wp:attachment":[{"href":"https:\/\/tiendas.ecopipo.com\/moms-babies\/wp-json\/wp\/v2\/media?parent=4057"}],"wp:term":[{"taxonomy":"product_cat","embeddable":true,"href":"https:\/\/tiendas.ecopipo.com\/moms-babies\/wp-json\/wp\/v2\/product_cat?post=4057"},{"taxonomy":"product_tag","embeddable":true,"href":"https:\/\/tiendas.ecopipo.com\/moms-babies\/wp-json\/wp\/v2\/product_tag?post=4057"},{"taxonomy":"giftcard-category","embeddable":true,"href":"https:\/\/tiendas.ecopipo.com\/moms-babies\/wp-json\/wp\/v2\/giftcard-category?post=4057"}],"curies":[{"name":"wp","href":"https:\/\/api.w.org\/{rel}","templated":true}]}}