
{"id":4275,"date":"2022-11-08T12:07:19","date_gmt":"2022-11-08T18:07:19","guid":{"rendered":"https:\/\/ecopipo.com\/tienda\/moms-babies\/?post_type=product&#038;p=4275"},"modified":"2025-04-06T00:02:45","modified_gmt":"2025-04-06T06:02:45","slug":"detergente-para-toallas-femeninas","status":"publish","type":"product","link":"https:\/\/tiendas.ecopipo.com\/moms-babies\/producto\/detergente-para-toallas-femeninas\/","title":{"rendered":"Detergente para toallas femeninas"},"content":{"rendered":"<p>Con el detergente para toallas femeninas de tela, aseguras el buen funcionamiento de \u00e9stas, adem\u00e1s alarga la vida de las mismas, es libre de fosfatos y ultra concentrado, por lo que una botella te puede durar 6 meses o m\u00e1s. Gracias a las enzimas que contiene, ayuda a quitar con mayor facilidad los residuos de sangre. Puedes aprovechar el momento de la ducha para hacer un prelavado con unas gotas de detergente y tall\u00e1ndolas suavemente entre s\u00ed mismas y sin restregar, tambi\u00e9n te puedes ayudar de un cepillo suave para lavar ropa, enjuaga y deja secar. Una vez que tengas suficientes toallas, las puedes meter a la lavadora con una o dos gotas de detergente por toalla, tiende a la sombra.<\/p>\n","protected":false},"excerpt":{"rendered":"<p>Est\u00e1 elaborado especialmente para lavar tus toallas femeninas de tela, sus enzimas ayudan a desprender f\u00e1cilmente los residuos de sangre, gracias a su f\u00f3rmula concentrada, una o dos gotas por toalla es suficiente para lavar perfectamente, adem\u00e1s es biodegradable.<\/p>\n","protected":false},"featured_media":5339,"template":"","meta":[],"product_cat":[314],"product_tag":[],"giftcard-category":[],"class_list":{"0":"post-4275","1":"product","2":"type-product","3":"status-publish","4":"has-post-thumbnail","6":"product_cat-mujer","8":"first","9":"instock","10":"taxable","11":"shipping-taxable","12":"purchasable","13":"product-type-simple"},"_links":{"self":[{"href":"https:\/\/tiendas.ecopipo.com\/moms-babies\/wp-json\/wp\/v2\/product\/4275","targetHints":{"allow":["GET"]}}],"collection":[{"href":"https:\/\/tiendas.ecopipo.com\/moms-babies\/wp-json\/wp\/v2\/product"}],"about":[{"href":"https:\/\/tiendas.ecopipo.com\/moms-babies\/wp-json\/wp\/v2\/types\/product"}],"wp:featuredmedia":[{"embeddable":true,"href":"https:\/\/tiendas.ecopipo.com\/moms-babies\/wp-json\/wp\/v2\/media\/5339"}],"wp:attachment":[{"href":"https:\/\/tiendas.ecopipo.com\/moms-babies\/wp-json\/wp\/v2\/media?parent=4275"}],"wp:term":[{"taxonomy":"product_cat","embeddable":true,"href":"https:\/\/tiendas.ecopipo.com\/moms-babies\/wp-json\/wp\/v2\/product_cat?post=4275"},{"taxonomy":"product_tag","embeddable":true,"href":"https:\/\/tiendas.ecopipo.com\/moms-babies\/wp-json\/wp\/v2\/product_tag?post=4275"},{"taxonomy":"giftcard-category","embeddable":true,"href":"https:\/\/tiendas.ecopipo.com\/moms-babies\/wp-json\/wp\/v2\/giftcard-category?post=4275"}],"curies":[{"name":"wp","href":"https:\/\/api.w.org\/{rel}","templated":true}]}}