
{"id":4277,"date":"2022-11-08T18:19:03","date_gmt":"2022-11-08T18:19:03","guid":{"rendered":"https:\/\/ecopipo.com\/tienda\/moms-babies\/?post_type=product&#038;p=4277"},"modified":"2025-04-06T00:02:51","modified_gmt":"2025-04-06T06:02:51","slug":"panoleta-estampada","status":"publish","type":"product","link":"https:\/\/tiendas.ecopipo.com\/moms-babies\/producto\/panoleta-estampada\/","title":{"rendered":"Pa\u00f1oleta Estampada"},"content":{"rendered":"<p class=\"prod_des\">Nuestras pa\u00f1oletas tienen el tama\u00f1o perfecto para utilizarlas para el cabello, en el cuello, en la mu\u00f1eca o para decorar tu bolso. Est\u00e1n hechas en M\u00e9xico con tela satinada y muy suave. Las puedes lavar a mano o en lavadora en ciclo delicado con detergente biodegradable, seca a la sombra.<\/p>\n","protected":false},"excerpt":{"rendered":"<p class=\"prod_des\">Incluye en tu outfit esta incre\u00edble pa\u00f1oleta de tela satinada y suave que te har\u00e1 lucir espectacular.<\/p>\n","protected":false},"featured_media":8361,"template":"","meta":[],"product_cat":[314],"product_tag":[],"giftcard-category":[],"class_list":{"0":"post-4277","1":"product","2":"type-product","3":"status-publish","4":"has-post-thumbnail","6":"product_cat-mujer","8":"first","9":"instock","10":"taxable","11":"shipping-taxable","12":"purchasable","13":"product-type-variable","14":"rtwpvg-product"},"_links":{"self":[{"href":"https:\/\/tiendas.ecopipo.com\/moms-babies\/wp-json\/wp\/v2\/product\/4277","targetHints":{"allow":["GET"]}}],"collection":[{"href":"https:\/\/tiendas.ecopipo.com\/moms-babies\/wp-json\/wp\/v2\/product"}],"about":[{"href":"https:\/\/tiendas.ecopipo.com\/moms-babies\/wp-json\/wp\/v2\/types\/product"}],"wp:featuredmedia":[{"embeddable":true,"href":"https:\/\/tiendas.ecopipo.com\/moms-babies\/wp-json\/wp\/v2\/media\/8361"}],"wp:attachment":[{"href":"https:\/\/tiendas.ecopipo.com\/moms-babies\/wp-json\/wp\/v2\/media?parent=4277"}],"wp:term":[{"taxonomy":"product_cat","embeddable":true,"href":"https:\/\/tiendas.ecopipo.com\/moms-babies\/wp-json\/wp\/v2\/product_cat?post=4277"},{"taxonomy":"product_tag","embeddable":true,"href":"https:\/\/tiendas.ecopipo.com\/moms-babies\/wp-json\/wp\/v2\/product_tag?post=4277"},{"taxonomy":"giftcard-category","embeddable":true,"href":"https:\/\/tiendas.ecopipo.com\/moms-babies\/wp-json\/wp\/v2\/giftcard-category?post=4277"}],"curies":[{"name":"wp","href":"https:\/\/api.w.org\/{rel}","templated":true}]}}