
{"id":4457,"date":"2022-11-15T18:59:48","date_gmt":"2022-11-15T18:59:48","guid":{"rendered":"https:\/\/ecopipo.com\/tienda\/moms-babies\/?post_type=product&#038;p=4457"},"modified":"2025-04-06T00:02:51","modified_gmt":"2025-04-06T06:02:51","slug":"panal-kids-liso","status":"publish","type":"product","link":"https:\/\/tiendas.ecopipo.com\/moms-babies\/producto\/panal-kids-liso\/","title":{"rendered":"Pa\u00f1al Kids Liso"},"content":{"rendered":"<p class=\"prod_des\">Nuestra l\u00ednea de pa\u00f1ales ecol\u00f3gicos reutilizables para ni\u00f1os y ni\u00f1as grandes, est\u00e1 elaborada con telas certificadas y de m\u00e1xima calidad, no s\u00f3lo te permitir\u00e1n cuidar de la piel de tus peques, tambi\u00e9n ayudar\u00e1n a cuidar tu bolsillo y beneficiar\u00e1 al planeta al evitar cientos de toneladas de basura al ser reutilizables y ajustables, Se recomienda su uso en ni\u00f1os y ni\u00f1as que contin\u00faan con el proceso de control de esf\u00ednteres o bien, que tienen alguna condici\u00f3n espec\u00edfica que les impida el traslado al ba\u00f1o. Cuentan con broches para ajustar la talla en el tiro y a la cintura se ajusta por medio de velcros. Incluye un absorbente de tres capas de microfibra. Son muy f\u00e1ciles de lavar, lo puedes hacer en lavadora con detergente para pa\u00f1ales Ecopipo o cualquier detergente que sea biodegradable.<\/p>\n","protected":false},"excerpt":{"rendered":"<p class=\"prod_des\">Hechos en M\u00e9xico con telas certificadas para cuidar la piel de tus peques y gracias a su efecto siempre seco, los mantiene frescos y secos al utilizarlos, pensados en ni\u00f1as y ni\u00f1os grandes que tienen alguna condici\u00f3n espec\u00edfica y que requieren usar a\u00fan pa\u00f1al, son ajustables, reusables y c\u00f3modos.<\/p>\n","protected":false},"featured_media":8341,"template":"","meta":[],"product_cat":[225],"product_tag":[],"giftcard-category":[],"class_list":{"0":"post-4457","1":"product","2":"type-product","3":"status-publish","4":"has-post-thumbnail","6":"product_cat-kids","8":"first","9":"instock","10":"taxable","11":"shipping-taxable","12":"purchasable","13":"product-type-variable","14":"rtwpvg-product"},"_links":{"self":[{"href":"https:\/\/tiendas.ecopipo.com\/moms-babies\/wp-json\/wp\/v2\/product\/4457","targetHints":{"allow":["GET"]}}],"collection":[{"href":"https:\/\/tiendas.ecopipo.com\/moms-babies\/wp-json\/wp\/v2\/product"}],"about":[{"href":"https:\/\/tiendas.ecopipo.com\/moms-babies\/wp-json\/wp\/v2\/types\/product"}],"wp:featuredmedia":[{"embeddable":true,"href":"https:\/\/tiendas.ecopipo.com\/moms-babies\/wp-json\/wp\/v2\/media\/8341"}],"wp:attachment":[{"href":"https:\/\/tiendas.ecopipo.com\/moms-babies\/wp-json\/wp\/v2\/media?parent=4457"}],"wp:term":[{"taxonomy":"product_cat","embeddable":true,"href":"https:\/\/tiendas.ecopipo.com\/moms-babies\/wp-json\/wp\/v2\/product_cat?post=4457"},{"taxonomy":"product_tag","embeddable":true,"href":"https:\/\/tiendas.ecopipo.com\/moms-babies\/wp-json\/wp\/v2\/product_tag?post=4457"},{"taxonomy":"giftcard-category","embeddable":true,"href":"https:\/\/tiendas.ecopipo.com\/moms-babies\/wp-json\/wp\/v2\/giftcard-category?post=4457"}],"curies":[{"name":"wp","href":"https:\/\/api.w.org\/{rel}","templated":true}]}}