
{"id":4526,"date":"2022-11-15T21:09:52","date_gmt":"2022-11-15T21:09:52","guid":{"rendered":"https:\/\/ecopipo.com\/tienda\/moms-babies\/?post_type=product&#038;p=4526"},"modified":"2025-05-29T10:54:44","modified_gmt":"2025-05-29T16:54:44","slug":"leggings","status":"publish","type":"product","link":"https:\/\/tiendas.ecopipo.com\/moms-babies\/producto\/leggings\/","title":{"rendered":"Leggings 6 Meses &#8211; 6 A\u00f1os"},"content":{"rendered":"<p class=\"prod_des\">Est\u00e1n fabricados en M\u00e9xico con una tela muy suave que simula la piel de durazno, es fresca, ligera y de f\u00e1cil secado. Los encuentras en tres tallas que van desde los 6 meses hasta los 6 a\u00f1os. Utiliza detergente para pa\u00f1ales Ecopipo o cualquier detergente biodegradable para alargar la vida de esta prenda, no los exprimas, s\u00e9calos horizontalmente.<\/p>\n","protected":false},"excerpt":{"rendered":"<p class=\"prod_des\">Nuestros leggings son el complemento perfecto para el outfit de tu beb\u00e9, toddler o hasta ni\u00f1os de preescolar, est\u00e1n hechos con tela muy suave que tiene la sensaci\u00f3n de piel de durazno, son tan flexibles que permiten el libre movimiento y el porteo.<\/p>\n","protected":false},"featured_media":8345,"template":"","meta":[],"product_cat":[234],"product_tag":[],"giftcard-category":[],"class_list":{"0":"post-4526","1":"product","2":"type-product","3":"status-publish","4":"has-post-thumbnail","6":"product_cat-outfit","8":"first","9":"instock","10":"taxable","11":"shipping-taxable","12":"purchasable","13":"product-type-variable","14":"rtwpvg-product"},"_links":{"self":[{"href":"https:\/\/tiendas.ecopipo.com\/moms-babies\/wp-json\/wp\/v2\/product\/4526","targetHints":{"allow":["GET"]}}],"collection":[{"href":"https:\/\/tiendas.ecopipo.com\/moms-babies\/wp-json\/wp\/v2\/product"}],"about":[{"href":"https:\/\/tiendas.ecopipo.com\/moms-babies\/wp-json\/wp\/v2\/types\/product"}],"wp:featuredmedia":[{"embeddable":true,"href":"https:\/\/tiendas.ecopipo.com\/moms-babies\/wp-json\/wp\/v2\/media\/8345"}],"wp:attachment":[{"href":"https:\/\/tiendas.ecopipo.com\/moms-babies\/wp-json\/wp\/v2\/media?parent=4526"}],"wp:term":[{"taxonomy":"product_cat","embeddable":true,"href":"https:\/\/tiendas.ecopipo.com\/moms-babies\/wp-json\/wp\/v2\/product_cat?post=4526"},{"taxonomy":"product_tag","embeddable":true,"href":"https:\/\/tiendas.ecopipo.com\/moms-babies\/wp-json\/wp\/v2\/product_tag?post=4526"},{"taxonomy":"giftcard-category","embeddable":true,"href":"https:\/\/tiendas.ecopipo.com\/moms-babies\/wp-json\/wp\/v2\/giftcard-category?post=4526"}],"curies":[{"name":"wp","href":"https:\/\/api.w.org\/{rel}","templated":true}]}}