
{"id":4586,"date":"2022-11-15T22:40:29","date_gmt":"2022-11-15T22:40:29","guid":{"rendered":"https:\/\/ecopipo.com\/tienda\/moms-babies\/?post_type=product&#038;p=4586"},"modified":"2025-08-14T10:58:32","modified_gmt":"2025-08-14T16:58:32","slug":"batita","status":"publish","type":"product","link":"https:\/\/tiendas.ecopipo.com\/moms-babies\/producto\/batita\/","title":{"rendered":"Batita"},"content":{"rendered":"<p class=\"prod_des\">Elaborada con tela impermeable, nuestra batita es una excelente opci\u00f3n para el cuidado de la ropa de tu beb\u00e9 al momento de realizar actividades dignas de un peque\u00f1o o peque\u00f1a que comienza a descubrir el mundo y que van desde manualidades, hasta la hora de comer. Tenemos una gran variedad de estampados para que puedas convertirlas en parte del outfit de tu peque, \u00a1lucir\u00e1 fenomenal! Es muy f\u00e1cil de lavar, pues lo puedes hacer a mano o en lavadora en ciclo delicado, es recomendable secar a la sombra y no usar secadora, puedes limpiar con un pa\u00f1o las manchas de pintura antes de guardarla para el d\u00eda de lavado. Las tenemos en dos tallas y en una gran variedad de dise\u00f1os que te van a enamorar. Cuidemos de nuestro planeta al utilizar productos reutilizables como nuestras batitas, hechas con la misma calidad que nos ha hecho l\u00edderes por m\u00e1s de 13 a\u00f1os.<\/p>\n","protected":false},"excerpt":{"rendered":"<p class=\"prod_des\">Es ideal para salvaguardar la ropita de tu beb\u00e9, gracias a su tela impermeable que evita el traspaso de l\u00edquidos, sus bolsitas delanteras evitar\u00e1n que la comida ruede hasta el piso, hechas en M\u00e9xico con la calidad que nos caracteriza y la experiencia en el cuidado de tu beb\u00e9.<\/p>\n","protected":false},"featured_media":8347,"template":"","meta":[],"product_cat":[234],"product_tag":[],"giftcard-category":[],"class_list":{"0":"post-4586","1":"product","2":"type-product","3":"status-publish","4":"has-post-thumbnail","6":"product_cat-outfit","8":"first","9":"instock","10":"taxable","11":"shipping-taxable","12":"purchasable","13":"product-type-variable","14":"rtwpvg-product"},"_links":{"self":[{"href":"https:\/\/tiendas.ecopipo.com\/moms-babies\/wp-json\/wp\/v2\/product\/4586","targetHints":{"allow":["GET"]}}],"collection":[{"href":"https:\/\/tiendas.ecopipo.com\/moms-babies\/wp-json\/wp\/v2\/product"}],"about":[{"href":"https:\/\/tiendas.ecopipo.com\/moms-babies\/wp-json\/wp\/v2\/types\/product"}],"wp:featuredmedia":[{"embeddable":true,"href":"https:\/\/tiendas.ecopipo.com\/moms-babies\/wp-json\/wp\/v2\/media\/8347"}],"wp:attachment":[{"href":"https:\/\/tiendas.ecopipo.com\/moms-babies\/wp-json\/wp\/v2\/media?parent=4586"}],"wp:term":[{"taxonomy":"product_cat","embeddable":true,"href":"https:\/\/tiendas.ecopipo.com\/moms-babies\/wp-json\/wp\/v2\/product_cat?post=4586"},{"taxonomy":"product_tag","embeddable":true,"href":"https:\/\/tiendas.ecopipo.com\/moms-babies\/wp-json\/wp\/v2\/product_tag?post=4586"},{"taxonomy":"giftcard-category","embeddable":true,"href":"https:\/\/tiendas.ecopipo.com\/moms-babies\/wp-json\/wp\/v2\/giftcard-category?post=4586"}],"curies":[{"name":"wp","href":"https:\/\/api.w.org\/{rel}","templated":true}]}}