
{"id":6031,"date":"2022-12-15T23:22:06","date_gmt":"2022-12-15T23:22:06","guid":{"rendered":"https:\/\/ecopipo.com\/tienda\/moms-babies\/?post_type=product&#038;p=6031"},"modified":"2025-09-13T19:23:03","modified_gmt":"2025-09-14T01:23:03","slug":"panal-premium-estampado","status":"publish","type":"product","link":"https:\/\/tiendas.ecopipo.com\/moms-babies\/producto\/panal-premium-estampado\/","title":{"rendered":"Pa\u00f1al Premium Estampado"},"content":{"rendered":"<p class=\"prod_des\">Nuestro pa\u00f1al premium es el m\u00e1s completo y por ello es el mejor del mercado. Cada pa\u00f1al incluye tres absorbentes, lo puedes utilizar desde los 3.5 kg. de peso de tu beb\u00e9, hasta los 16 kg., por eso es unitalla, se ajusta al tiro con broches frontales y a la cintura con velcros o broches, lo que m\u00e1s te guste. En la versi\u00f3n velcro, tambi\u00e9n cuenta con velcros de seguridad al interior que te permiten lavarlos con mayor facilidad. Tienen doble barrera antiescurrimiento patentada, est\u00e1n hechos en M\u00e9xico con telas certificadas de la mejor calidad que reducen las rozaduras y son hipoalerg\u00e9nicos. F\u00e1ciles de lavar, puedes utilizar lavadora y detergente para pa\u00f1ales Ecopipo o cualquier otro detergente biodegradable para alargar su vida \u00fatil, en ciclo de lavado muy sucio o intenso. Los absorbentes los puedes secar en secadora, la cubierta de bolsillo la puedes centrifugar y secar a la sombra, si llegan a tener manchitas, los puedes poner al sol 30 minutos para que se desmanchen.<\/p>\n","protected":false},"excerpt":{"rendered":"<p class=\"prod_des\">Nuestro pa\u00f1al premium es el m\u00e1s completo del mercado, incluye tres absorbentes, es unitalla, es decir, crece con tu beb\u00e9, muy f\u00e1cil de lavar y lo puedes ajustar a la cintura con velcros o con broches, tiene doble barrera antiescurrimiento y est\u00e1 elaborado con telas certificadas y libres de qu\u00edmicos t\u00f3xicos.<\/p>\n","protected":false},"featured_media":8334,"template":"","meta":[],"product_cat":[153],"product_tag":[],"giftcard-category":[],"class_list":{"0":"post-6031","1":"product","2":"type-product","3":"status-publish","4":"has-post-thumbnail","6":"product_cat-bebes","8":"first","9":"instock","10":"taxable","11":"shipping-taxable","12":"purchasable","13":"product-type-variable","14":"rtwpvg-product"},"_links":{"self":[{"href":"https:\/\/tiendas.ecopipo.com\/moms-babies\/wp-json\/wp\/v2\/product\/6031","targetHints":{"allow":["GET"]}}],"collection":[{"href":"https:\/\/tiendas.ecopipo.com\/moms-babies\/wp-json\/wp\/v2\/product"}],"about":[{"href":"https:\/\/tiendas.ecopipo.com\/moms-babies\/wp-json\/wp\/v2\/types\/product"}],"wp:featuredmedia":[{"embeddable":true,"href":"https:\/\/tiendas.ecopipo.com\/moms-babies\/wp-json\/wp\/v2\/media\/8334"}],"wp:attachment":[{"href":"https:\/\/tiendas.ecopipo.com\/moms-babies\/wp-json\/wp\/v2\/media?parent=6031"}],"wp:term":[{"taxonomy":"product_cat","embeddable":true,"href":"https:\/\/tiendas.ecopipo.com\/moms-babies\/wp-json\/wp\/v2\/product_cat?post=6031"},{"taxonomy":"product_tag","embeddable":true,"href":"https:\/\/tiendas.ecopipo.com\/moms-babies\/wp-json\/wp\/v2\/product_tag?post=6031"},{"taxonomy":"giftcard-category","embeddable":true,"href":"https:\/\/tiendas.ecopipo.com\/moms-babies\/wp-json\/wp\/v2\/giftcard-category?post=6031"}],"curies":[{"name":"wp","href":"https:\/\/api.w.org\/{rel}","templated":true}]}}