
{"id":7018,"date":"2023-04-11T14:51:33","date_gmt":"2023-04-11T20:51:33","guid":{"rendered":"https:\/\/ecopipo.com\/tienda\/moms-babies\/producto\/panal-prematuro-rosa\/"},"modified":"2025-04-06T00:02:41","modified_gmt":"2025-04-06T06:02:41","slug":"panal-prematuro-rosa","status":"publish","type":"product","link":"https:\/\/tiendas.ecopipo.com\/moms-babies\/producto\/panal-prematuro-rosa\/","title":{"rendered":"Pa\u00f1al Prematuro Rosa"},"content":{"rendered":"","protected":false},"excerpt":{"rendered":"<p>Este pa\u00f1al de ajusta desde los 2,800 kg hasta los 6 kilos, cada pa\u00f1al trae unos broches frontales para ajustarlo a las diferentes tallas (tiro) y se ajustan a la cintura por medio de velcro , incluso puede colocarse una bandita sobre otra. Cada pa\u00f1al incluye 2 absorbentes :  uno de 3 capas de  microfibra, y unrefuerzo de 2 capas bamb\u00fa. Se recomienda utilizar ambos absorbentes desde el principio.<\/p>\n","protected":false},"featured_media":0,"template":"","meta":[],"product_cat":[385,392,389],"product_tag":[],"giftcard-category":[],"class_list":{"0":"post-7018","1":"product","2":"type-product","3":"status-publish","5":"product_cat-fuera-de-catalogo","6":"product_cat-liso","7":"product_cat-prematuro","9":"first","10":"instock","11":"taxable","12":"shipping-taxable","13":"purchasable","14":"product-type-simple"},"_links":{"self":[{"href":"https:\/\/tiendas.ecopipo.com\/moms-babies\/wp-json\/wp\/v2\/product\/7018","targetHints":{"allow":["GET"]}}],"collection":[{"href":"https:\/\/tiendas.ecopipo.com\/moms-babies\/wp-json\/wp\/v2\/product"}],"about":[{"href":"https:\/\/tiendas.ecopipo.com\/moms-babies\/wp-json\/wp\/v2\/types\/product"}],"wp:attachment":[{"href":"https:\/\/tiendas.ecopipo.com\/moms-babies\/wp-json\/wp\/v2\/media?parent=7018"}],"wp:term":[{"taxonomy":"product_cat","embeddable":true,"href":"https:\/\/tiendas.ecopipo.com\/moms-babies\/wp-json\/wp\/v2\/product_cat?post=7018"},{"taxonomy":"product_tag","embeddable":true,"href":"https:\/\/tiendas.ecopipo.com\/moms-babies\/wp-json\/wp\/v2\/product_tag?post=7018"},{"taxonomy":"giftcard-category","embeddable":true,"href":"https:\/\/tiendas.ecopipo.com\/moms-babies\/wp-json\/wp\/v2\/giftcard-category?post=7018"}],"curies":[{"name":"wp","href":"https:\/\/api.w.org\/{rel}","templated":true}]}}