
{"id":7026,"date":"2023-04-11T14:51:34","date_gmt":"2023-04-11T20:51:34","guid":{"rendered":"https:\/\/ecopipo.com\/tienda\/moms-babies\/producto\/panal-ecobebe-bolsillo-monster-truck\/"},"modified":"2025-04-06T00:02:41","modified_gmt":"2025-04-06T06:02:41","slug":"panal-ecobebe-bolsillo-monster-truck","status":"publish","type":"product","link":"https:\/\/tiendas.ecopipo.com\/moms-babies\/producto\/panal-ecobebe-bolsillo-monster-truck\/","title":{"rendered":"Pa\u00f1al Ecobeb\u00e9 Bolsillo Monster Truck"},"content":{"rendered":"<p>F\u00e1cil de utilizar porque puedes s\u00f3lo cambiar el absorbente que ya incluye, cuando tu beb\u00e9 haga pip\u00ed y reutilizar la cubierta con un nuevo absorbente que se vende por separado, lo puedes utilizar desde los 3.5 kg. de peso de tu beb\u00e9, hasta los 15 kg., es un pa\u00f1al unitalla que se ajusta al tiro y a la cintura con broches. Tiene doble barrera antiescurrimiento y est\u00e1n hechos en M\u00e9xico con telas certificadas de la mejor calidad que reducen las rozaduras.<\/p>\n","protected":false},"excerpt":{"rendered":"<p>Nuestro pa\u00f1al Ecobeb\u00e9 te permite s\u00f3lo cambiar el absorbente que ya incluye cuando tu beb\u00e9 hace pip\u00ed y reutilizar la cubierta con un nuevo absorbente, es unitalla, muy f\u00e1cil de lavar, tiene doble barrera antiescurrimiento y est\u00e1 elaborado con telas de la mejor calidad y libres de qu\u00edmicos t\u00f3xicos.<\/p>\n","protected":false},"featured_media":0,"template":"","meta":[],"product_cat":[446,385],"product_tag":[],"giftcard-category":[],"class_list":{"0":"post-7026","1":"product","2":"type-product","3":"status-publish","5":"product_cat-ecobebe-bolsillo","6":"product_cat-fuera-de-catalogo","8":"first","9":"instock","10":"taxable","11":"shipping-taxable","12":"purchasable","13":"product-type-simple"},"_links":{"self":[{"href":"https:\/\/tiendas.ecopipo.com\/moms-babies\/wp-json\/wp\/v2\/product\/7026","targetHints":{"allow":["GET"]}}],"collection":[{"href":"https:\/\/tiendas.ecopipo.com\/moms-babies\/wp-json\/wp\/v2\/product"}],"about":[{"href":"https:\/\/tiendas.ecopipo.com\/moms-babies\/wp-json\/wp\/v2\/types\/product"}],"wp:attachment":[{"href":"https:\/\/tiendas.ecopipo.com\/moms-babies\/wp-json\/wp\/v2\/media?parent=7026"}],"wp:term":[{"taxonomy":"product_cat","embeddable":true,"href":"https:\/\/tiendas.ecopipo.com\/moms-babies\/wp-json\/wp\/v2\/product_cat?post=7026"},{"taxonomy":"product_tag","embeddable":true,"href":"https:\/\/tiendas.ecopipo.com\/moms-babies\/wp-json\/wp\/v2\/product_tag?post=7026"},{"taxonomy":"giftcard-category","embeddable":true,"href":"https:\/\/tiendas.ecopipo.com\/moms-babies\/wp-json\/wp\/v2\/giftcard-category?post=7026"}],"curies":[{"name":"wp","href":"https:\/\/api.w.org\/{rel}","templated":true}]}}