
{"id":7062,"date":"2023-04-11T14:51:45","date_gmt":"2023-04-11T20:51:45","guid":{"rendered":"https:\/\/ecopipo.com\/tienda\/moms-babies\/producto\/panal-g3-unitalla-velcro-verde-manzana\/"},"modified":"2025-04-06T00:02:39","modified_gmt":"2025-04-06T06:02:39","slug":"panal-g3-unitalla-velcro-verde-manzana","status":"publish","type":"product","link":"https:\/\/tiendas.ecopipo.com\/moms-babies\/producto\/panal-g3-unitalla-velcro-verde-manzana\/","title":{"rendered":"Pa\u00f1al G3 Unitalla Velcro Verde Manzana"},"content":{"rendered":"","protected":false},"excerpt":{"rendered":"<p>Pa\u00f1al unitalla que se ajusta desde los 3 kg y hasta los 16 kg, cuenta con broches frontales para ajustarlo a las diferentes tallas y velcro en la cintura. Cada pa\u00f1al cuenta con tres absorbentes: uno corto de 3 capas de microfibra, uno corto de refuerzo con 2 capas de bamb\u00fa Terry  y  uno largo de 2 capas de bamb\u00fa.<\/p>\n","protected":false},"featured_media":0,"template":"","meta":[],"product_cat":[385,428,392],"product_tag":[],"giftcard-category":[],"class_list":{"0":"post-7062","1":"product","2":"type-product","3":"status-publish","5":"product_cat-fuera-de-catalogo","6":"product_cat-g3","7":"product_cat-liso","9":"first","10":"instock","11":"taxable","12":"shipping-taxable","13":"purchasable","14":"product-type-simple"},"_links":{"self":[{"href":"https:\/\/tiendas.ecopipo.com\/moms-babies\/wp-json\/wp\/v2\/product\/7062","targetHints":{"allow":["GET"]}}],"collection":[{"href":"https:\/\/tiendas.ecopipo.com\/moms-babies\/wp-json\/wp\/v2\/product"}],"about":[{"href":"https:\/\/tiendas.ecopipo.com\/moms-babies\/wp-json\/wp\/v2\/types\/product"}],"wp:attachment":[{"href":"https:\/\/tiendas.ecopipo.com\/moms-babies\/wp-json\/wp\/v2\/media?parent=7062"}],"wp:term":[{"taxonomy":"product_cat","embeddable":true,"href":"https:\/\/tiendas.ecopipo.com\/moms-babies\/wp-json\/wp\/v2\/product_cat?post=7062"},{"taxonomy":"product_tag","embeddable":true,"href":"https:\/\/tiendas.ecopipo.com\/moms-babies\/wp-json\/wp\/v2\/product_tag?post=7062"},{"taxonomy":"giftcard-category","embeddable":true,"href":"https:\/\/tiendas.ecopipo.com\/moms-babies\/wp-json\/wp\/v2\/giftcard-category?post=7062"}],"curies":[{"name":"wp","href":"https:\/\/api.w.org\/{rel}","templated":true}]}}