
{"id":7140,"date":"2023-04-11T14:52:04","date_gmt":"2023-04-11T20:52:04","guid":{"rendered":"https:\/\/ecopipo.com\/tienda\/moms-babies\/producto\/cubierta-prematuro-velcro-aqua\/"},"modified":"2025-04-06T00:02:36","modified_gmt":"2025-04-06T06:02:36","slug":"cubierta-prematuro-velcro-aqua","status":"publish","type":"product","link":"https:\/\/tiendas.ecopipo.com\/moms-babies\/producto\/cubierta-prematuro-velcro-aqua\/","title":{"rendered":"Cubierta Prematuro Velcro Aqua"},"content":{"rendered":"","protected":false},"excerpt":{"rendered":"<p>Las cubiertas se utilizan para hacer impermeables a los pa\u00f1ales que no cuenten con ninguna barrera, por ejemplo pa\u00f1ales ajustados o predoblados. Son muy \u00fatiles porque al estar hechas completamente de PUL se pueden reutilizar varias veces antes de tener que lavarlas.<\/p>\n","protected":false},"featured_media":0,"template":"","meta":[],"product_cat":[450,385,392],"product_tag":[],"giftcard-category":[],"class_list":{"0":"post-7140","1":"product","2":"type-product","3":"status-publish","5":"product_cat-cubierta-prematuro","6":"product_cat-fuera-de-catalogo","7":"product_cat-liso","9":"first","10":"outofstock","11":"taxable","12":"shipping-taxable","13":"purchasable","14":"product-type-simple"},"_links":{"self":[{"href":"https:\/\/tiendas.ecopipo.com\/moms-babies\/wp-json\/wp\/v2\/product\/7140","targetHints":{"allow":["GET"]}}],"collection":[{"href":"https:\/\/tiendas.ecopipo.com\/moms-babies\/wp-json\/wp\/v2\/product"}],"about":[{"href":"https:\/\/tiendas.ecopipo.com\/moms-babies\/wp-json\/wp\/v2\/types\/product"}],"wp:attachment":[{"href":"https:\/\/tiendas.ecopipo.com\/moms-babies\/wp-json\/wp\/v2\/media?parent=7140"}],"wp:term":[{"taxonomy":"product_cat","embeddable":true,"href":"https:\/\/tiendas.ecopipo.com\/moms-babies\/wp-json\/wp\/v2\/product_cat?post=7140"},{"taxonomy":"product_tag","embeddable":true,"href":"https:\/\/tiendas.ecopipo.com\/moms-babies\/wp-json\/wp\/v2\/product_tag?post=7140"},{"taxonomy":"giftcard-category","embeddable":true,"href":"https:\/\/tiendas.ecopipo.com\/moms-babies\/wp-json\/wp\/v2\/giftcard-category?post=7140"}],"curies":[{"name":"wp","href":"https:\/\/api.w.org\/{rel}","templated":true}]}}