
{"id":7470,"date":"2023-05-11T19:21:48","date_gmt":"2023-05-11T19:21:48","guid":{"rendered":"https:\/\/ecopipo.com\/tienda\/moms-babies\/?post_type=product&#038;p=7470"},"modified":"2025-04-06T00:02:33","modified_gmt":"2025-04-06T06:02:33","slug":"leggings-6-10-anos","status":"publish","type":"product","link":"https:\/\/tiendas.ecopipo.com\/moms-babies\/producto\/leggings-6-10-anos\/","title":{"rendered":"Leggings 6 &#8211; 10 A\u00f1os"},"content":{"rendered":"<p class=\"prod_des\">Nuestros leggings son el complemento perfecto para el outfit de tu beb\u00e9, toddler o hasta ni\u00f1os de preescolar, est\u00e1n hechos con tela muy suave que tiene la sensaci\u00f3n de piel de durazno, son tan flexibles que permiten el libre movimiento y el porteo..<\/p>\n","protected":false},"excerpt":{"rendered":"<p class=\"prod_des\">Nuestros leggings son el complemento perfecto para el outfit de tu beb\u00e9, toddler o hasta ni\u00f1os de preescolar, est\u00e1n hechos con tela muy suave que tiene la sensaci\u00f3n de piel de durazno, son tan flexibles que permiten el libre movimiento y el porteo.<\/p>\n","protected":false},"featured_media":8343,"template":"","meta":[],"product_cat":[234],"product_tag":[],"giftcard-category":[],"class_list":{"0":"post-7470","1":"product","2":"type-product","3":"status-publish","4":"has-post-thumbnail","6":"product_cat-outfit","8":"first","9":"outofstock","10":"taxable","11":"shipping-taxable","12":"product-type-variable","13":"rtwpvg-product"},"_links":{"self":[{"href":"https:\/\/tiendas.ecopipo.com\/moms-babies\/wp-json\/wp\/v2\/product\/7470","targetHints":{"allow":["GET"]}}],"collection":[{"href":"https:\/\/tiendas.ecopipo.com\/moms-babies\/wp-json\/wp\/v2\/product"}],"about":[{"href":"https:\/\/tiendas.ecopipo.com\/moms-babies\/wp-json\/wp\/v2\/types\/product"}],"wp:featuredmedia":[{"embeddable":true,"href":"https:\/\/tiendas.ecopipo.com\/moms-babies\/wp-json\/wp\/v2\/media\/8343"}],"wp:attachment":[{"href":"https:\/\/tiendas.ecopipo.com\/moms-babies\/wp-json\/wp\/v2\/media?parent=7470"}],"wp:term":[{"taxonomy":"product_cat","embeddable":true,"href":"https:\/\/tiendas.ecopipo.com\/moms-babies\/wp-json\/wp\/v2\/product_cat?post=7470"},{"taxonomy":"product_tag","embeddable":true,"href":"https:\/\/tiendas.ecopipo.com\/moms-babies\/wp-json\/wp\/v2\/product_tag?post=7470"},{"taxonomy":"giftcard-category","embeddable":true,"href":"https:\/\/tiendas.ecopipo.com\/moms-babies\/wp-json\/wp\/v2\/giftcard-category?post=7470"}],"curies":[{"name":"wp","href":"https:\/\/api.w.org\/{rel}","templated":true}]}}