
{"id":7985,"date":"2024-01-08T21:16:34","date_gmt":"2024-01-08T21:16:34","guid":{"rendered":"https:\/\/tiendas.ecopipo.com\/moms-babies\/?post_type=product&#038;p=7985"},"modified":"2025-04-06T00:02:33","modified_gmt":"2025-04-06T06:02:33","slug":"sudadera-adulto","status":"publish","type":"product","link":"https:\/\/tiendas.ecopipo.com\/moms-babies\/producto\/sudadera-adulto\/","title":{"rendered":"Sudadera Adulto"},"content":{"rendered":"<p>Las Sudaderas Ecopipo est\u00e1n elaboradas con tela de polyester que es repelente al agua por fuera y muy suave y aterciopelada por dentro, tiene una bolsa al frente ya sea para guardar alg\u00fan objeto, o para meter las manos y protegerse del fr\u00edo. Cuentan con su capucha y su cord\u00f3n al cuello para sujetarse.<\/p>\n","protected":false},"excerpt":{"rendered":"<p>Las Sudaderas Ecopipo est\u00e1n elaboradas con tela de polyester que es repelente al agua por fuera y muy suave y aterciopelada por dentro, tiene una bolsa al frente ya sea para guardar alg\u00fan objeto, o para meter las manos y protegerse del fr\u00edo. Cuentan con su capucha y su cord\u00f3n al cuello para sujetarse.<\/p>\n","protected":false},"featured_media":8355,"template":"","meta":[],"product_cat":[290],"product_tag":[],"giftcard-category":[],"class_list":{"0":"post-7985","1":"product","2":"type-product","3":"status-publish","4":"has-post-thumbnail","6":"product_cat-adulto","8":"first","9":"outofstock","10":"taxable","11":"shipping-taxable","12":"product-type-variable","13":"rtwpvg-product"},"_links":{"self":[{"href":"https:\/\/tiendas.ecopipo.com\/moms-babies\/wp-json\/wp\/v2\/product\/7985","targetHints":{"allow":["GET"]}}],"collection":[{"href":"https:\/\/tiendas.ecopipo.com\/moms-babies\/wp-json\/wp\/v2\/product"}],"about":[{"href":"https:\/\/tiendas.ecopipo.com\/moms-babies\/wp-json\/wp\/v2\/types\/product"}],"wp:featuredmedia":[{"embeddable":true,"href":"https:\/\/tiendas.ecopipo.com\/moms-babies\/wp-json\/wp\/v2\/media\/8355"}],"wp:attachment":[{"href":"https:\/\/tiendas.ecopipo.com\/moms-babies\/wp-json\/wp\/v2\/media?parent=7985"}],"wp:term":[{"taxonomy":"product_cat","embeddable":true,"href":"https:\/\/tiendas.ecopipo.com\/moms-babies\/wp-json\/wp\/v2\/product_cat?post=7985"},{"taxonomy":"product_tag","embeddable":true,"href":"https:\/\/tiendas.ecopipo.com\/moms-babies\/wp-json\/wp\/v2\/product_tag?post=7985"},{"taxonomy":"giftcard-category","embeddable":true,"href":"https:\/\/tiendas.ecopipo.com\/moms-babies\/wp-json\/wp\/v2\/giftcard-category?post=7985"}],"curies":[{"name":"wp","href":"https:\/\/api.w.org\/{rel}","templated":true}]}}