
{"id":8059,"date":"2024-01-09T20:08:07","date_gmt":"2024-01-09T20:08:07","guid":{"rendered":"https:\/\/tiendas.ecopipo.com\/moms-babies\/?post_type=product&#038;p=8059"},"modified":"2025-04-06T00:02:32","modified_gmt":"2025-04-06T06:02:32","slug":"panal-de-natacion-kids","status":"publish","type":"product","link":"https:\/\/tiendas.ecopipo.com\/moms-babies\/producto\/panal-de-natacion-kids\/","title":{"rendered":"Pa\u00f1al de Nataci\u00f3n Kids"},"content":{"rendered":"<p>Nuestro pa\u00f1al de nataci\u00f3n, adem\u00e1s de ser reutilizable, est\u00e1 hecho con telas de m\u00e1xima calidad sin materiales t\u00f3xicos. Crece con tu beb\u00e9, por lo que lo puedes usar a partir de los 3 meses de nacer, hasta los 3 a\u00f1os y medio o m\u00e1s, dependiendo de la complexi\u00f3n.<\/p>\n","protected":false},"excerpt":{"rendered":"<p>Cuida el medio ambiente utilizando nuestro pa\u00f1al de nataci\u00f3n reutilizable, que adem\u00e1s crece con tu beb\u00e9, es muy f\u00e1cil de lavar y de secar, te puede ayudar a salvarte del c\u00f3digo caf\u00e9, gracias a su barrera anti escurrimiento que atrapa los s\u00f3lidos de tu beb\u00e9.<\/p>\n","protected":false},"featured_media":7385,"template":"","meta":[],"product_cat":[225],"product_tag":[],"giftcard-category":[],"class_list":{"0":"post-8059","1":"product","2":"type-product","3":"status-publish","4":"has-post-thumbnail","6":"product_cat-kids","8":"first","9":"outofstock","10":"taxable","11":"shipping-taxable","12":"product-type-variable","13":"rtwpvg-product"},"_links":{"self":[{"href":"https:\/\/tiendas.ecopipo.com\/moms-babies\/wp-json\/wp\/v2\/product\/8059","targetHints":{"allow":["GET"]}}],"collection":[{"href":"https:\/\/tiendas.ecopipo.com\/moms-babies\/wp-json\/wp\/v2\/product"}],"about":[{"href":"https:\/\/tiendas.ecopipo.com\/moms-babies\/wp-json\/wp\/v2\/types\/product"}],"wp:featuredmedia":[{"embeddable":true,"href":"https:\/\/tiendas.ecopipo.com\/moms-babies\/wp-json\/wp\/v2\/media\/7385"}],"wp:attachment":[{"href":"https:\/\/tiendas.ecopipo.com\/moms-babies\/wp-json\/wp\/v2\/media?parent=8059"}],"wp:term":[{"taxonomy":"product_cat","embeddable":true,"href":"https:\/\/tiendas.ecopipo.com\/moms-babies\/wp-json\/wp\/v2\/product_cat?post=8059"},{"taxonomy":"product_tag","embeddable":true,"href":"https:\/\/tiendas.ecopipo.com\/moms-babies\/wp-json\/wp\/v2\/product_tag?post=8059"},{"taxonomy":"giftcard-category","embeddable":true,"href":"https:\/\/tiendas.ecopipo.com\/moms-babies\/wp-json\/wp\/v2\/giftcard-category?post=8059"}],"curies":[{"name":"wp","href":"https:\/\/api.w.org\/{rel}","templated":true}]}}