
{"id":8196,"date":"2024-03-04T22:21:10","date_gmt":"2024-03-05T04:21:10","guid":{"rendered":"https:\/\/tiendas.ecopipo.com\/moms-babies\/producto\/delantal\/"},"modified":"2026-02-09T22:52:56","modified_gmt":"2026-02-10T04:52:56","slug":"delantal","status":"publish","type":"product","link":"https:\/\/tiendas.ecopipo.com\/moms-babies\/producto\/delantal\/","title":{"rendered":"Delantal"},"content":{"rendered":"<p>Haz match con tu beb\u00e9 mientras realizas otras actividades sin tener que manchar tu ropa, los delantales Ecopipo har\u00e1n que combines tu outfit con el de tu beb\u00e9 en sus actividades diarias y luce espectacular.<\/p>\n","protected":false},"excerpt":{"rendered":"<p>Haz match con tu beb\u00e9 mientras realizas otras actividades sin tener que manchar tu ropa, los delantales Ecopipo har\u00e1n que combines tu outfit con el de tu beb\u00e9 en sus actividades diarias y luce espectacular.<\/p>\n","protected":false},"featured_media":0,"template":"","meta":[],"product_cat":[314],"product_tag":[],"giftcard-category":[],"class_list":{"0":"post-8196","1":"product","2":"type-product","3":"status-publish","5":"product_cat-mujer","7":"first","8":"instock","9":"taxable","10":"shipping-taxable","11":"purchasable","12":"product-type-variable","13":"rtwpvg-product"},"_links":{"self":[{"href":"https:\/\/tiendas.ecopipo.com\/moms-babies\/wp-json\/wp\/v2\/product\/8196","targetHints":{"allow":["GET"]}}],"collection":[{"href":"https:\/\/tiendas.ecopipo.com\/moms-babies\/wp-json\/wp\/v2\/product"}],"about":[{"href":"https:\/\/tiendas.ecopipo.com\/moms-babies\/wp-json\/wp\/v2\/types\/product"}],"wp:attachment":[{"href":"https:\/\/tiendas.ecopipo.com\/moms-babies\/wp-json\/wp\/v2\/media?parent=8196"}],"wp:term":[{"taxonomy":"product_cat","embeddable":true,"href":"https:\/\/tiendas.ecopipo.com\/moms-babies\/wp-json\/wp\/v2\/product_cat?post=8196"},{"taxonomy":"product_tag","embeddable":true,"href":"https:\/\/tiendas.ecopipo.com\/moms-babies\/wp-json\/wp\/v2\/product_tag?post=8196"},{"taxonomy":"giftcard-category","embeddable":true,"href":"https:\/\/tiendas.ecopipo.com\/moms-babies\/wp-json\/wp\/v2\/giftcard-category?post=8196"}],"curies":[{"name":"wp","href":"https:\/\/api.w.org\/{rel}","templated":true}]}}