
{"id":8408,"date":"2024-09-27T01:03:02","date_gmt":"2024-09-27T07:03:02","guid":{"rendered":"https:\/\/tiendas.ecopipo.com\/moms-babies\/producto\/calzon-menstrual-teen-moderado-abundante\/"},"modified":"2025-04-14T07:27:15","modified_gmt":"2025-04-14T13:27:15","slug":"calzon-menstrual-teen-moderado-abundante","status":"publish","type":"product","link":"https:\/\/tiendas.ecopipo.com\/moms-babies\/producto\/calzon-menstrual-teen-moderado-abundante\/","title":{"rendered":"Calz\u00f3n Menstrual Teen Moderado\/Abundante"},"content":{"rendered":"<p>Pensando en la seguridad y comodidad de tu hija, creamos un calz\u00f3n menstrual para teens con la absorci\u00f3n suficiente gracias al bamb\u00fa de su interior que permitir\u00e1 usarlo hasta por 6 horas, en otras palabras, absorbe el equivalente a 4 tampones o 40 ml., aunque sabemos que por higiene, se debe cambiar cada 3 horas. Su interior en tono claro, permite conocer el tono de la sangre para llevar una gesti\u00f3n menstrual m\u00e1s cuidada y tambi\u00e9n ayuda a saber en qu\u00e9 momento cambiarlo e impedir fugas. Adem\u00e1s es antibacterial y transpirable para evitar sarpullidos y sudoraciones, no guarda olores, es reutilizable, lo puedes lavar en lavadora con detergente biodegradable e incluso detergente para toallas femeninas. \u00bfCu\u00e1ntos necesitar\u00e1? Los que consideres suficientes para dos o tres d\u00edas, lavarlos y volverlos a usar, son ideales para flujo de ligero a moderado,\u00a0 tienen un periodo de vida de al menos 7 a\u00f1os, los calzones menstruales Lubella est\u00e1n hechos en M\u00e9xico y adem\u00e1s cuentan con garant\u00eda (consulta t\u00e9rminos de la misma).<\/p>\n","protected":false},"excerpt":{"rendered":"<p>Cuidamos a tu hija desde su primer d\u00eda de menstruaci\u00f3n con un calz\u00f3n reutilizable y c\u00f3modo, en un dise\u00f1o anat\u00f3mico y con excelente absorci\u00f3n, que no altera sus ciclos menstruales y sin fugas. Ir a la escuela, hacer deporte, salir con las amigas ser\u00e1n actividades que har\u00e1 sin temor a tener accidentes.<\/p>\n","protected":false},"featured_media":8409,"template":"","meta":[],"product_cat":[421,314],"product_tag":[],"giftcard-category":[],"class_list":{"0":"post-8408","1":"product","2":"type-product","3":"status-publish","4":"has-post-thumbnail","6":"product_cat-calzon","7":"product_cat-mujer","9":"first","10":"instock","11":"taxable","12":"shipping-taxable","13":"purchasable","14":"product-type-variable","15":"rtwpvg-product"},"_links":{"self":[{"href":"https:\/\/tiendas.ecopipo.com\/moms-babies\/wp-json\/wp\/v2\/product\/8408","targetHints":{"allow":["GET"]}}],"collection":[{"href":"https:\/\/tiendas.ecopipo.com\/moms-babies\/wp-json\/wp\/v2\/product"}],"about":[{"href":"https:\/\/tiendas.ecopipo.com\/moms-babies\/wp-json\/wp\/v2\/types\/product"}],"wp:featuredmedia":[{"embeddable":true,"href":"https:\/\/tiendas.ecopipo.com\/moms-babies\/wp-json\/wp\/v2\/media\/8409"}],"wp:attachment":[{"href":"https:\/\/tiendas.ecopipo.com\/moms-babies\/wp-json\/wp\/v2\/media?parent=8408"}],"wp:term":[{"taxonomy":"product_cat","embeddable":true,"href":"https:\/\/tiendas.ecopipo.com\/moms-babies\/wp-json\/wp\/v2\/product_cat?post=8408"},{"taxonomy":"product_tag","embeddable":true,"href":"https:\/\/tiendas.ecopipo.com\/moms-babies\/wp-json\/wp\/v2\/product_tag?post=8408"},{"taxonomy":"giftcard-category","embeddable":true,"href":"https:\/\/tiendas.ecopipo.com\/moms-babies\/wp-json\/wp\/v2\/giftcard-category?post=8408"}],"curies":[{"name":"wp","href":"https:\/\/api.w.org\/{rel}","templated":true}]}}