
{"id":8750,"date":"2025-03-06T10:34:13","date_gmt":"2025-03-06T16:34:13","guid":{"rendered":"https:\/\/tiendas.ecopipo.com\/moms-babies\/producto\/pijama-super-soft-adulto\/"},"modified":"2025-04-06T00:02:30","modified_gmt":"2025-04-06T06:02:30","slug":"pijama-super-soft-adulto","status":"publish","type":"product","link":"https:\/\/tiendas.ecopipo.com\/moms-babies\/producto\/pijama-super-soft-adulto\/","title":{"rendered":"Pijama Super Soft Adulto"},"content":{"rendered":"<p>Dormir fresca y bien tapada ahora es posible con esta exquisita pijama s\u00faper soft de dos piezas: playera de manga corta y pantal\u00f3n, est\u00e1 hecha con tela muy suave que tiene la sensaci\u00f3n de piel de durazno, su flexibilidad permite el libre movimiento al momento de dormir, es ligera, resistente y muy c\u00f3moda. Hecha en M\u00e9xico.<\/p>\n","protected":false},"excerpt":{"rendered":"<p>Dormir fresca y bien tapada ahora es posible con esta exquisita pijama s\u00faper soft de dos piezas: playera de manga corta y pantal\u00f3n.<\/p>\n","protected":false},"featured_media":8751,"template":"","meta":[],"product_cat":[290],"product_tag":[],"giftcard-category":[],"class_list":{"0":"post-8750","1":"product","2":"type-product","3":"status-publish","4":"has-post-thumbnail","6":"product_cat-adulto","8":"first","9":"onbackorder","10":"taxable","11":"shipping-taxable","12":"purchasable","13":"product-type-variable","14":"rtwpvg-product"},"_links":{"self":[{"href":"https:\/\/tiendas.ecopipo.com\/moms-babies\/wp-json\/wp\/v2\/product\/8750","targetHints":{"allow":["GET"]}}],"collection":[{"href":"https:\/\/tiendas.ecopipo.com\/moms-babies\/wp-json\/wp\/v2\/product"}],"about":[{"href":"https:\/\/tiendas.ecopipo.com\/moms-babies\/wp-json\/wp\/v2\/types\/product"}],"wp:featuredmedia":[{"embeddable":true,"href":"https:\/\/tiendas.ecopipo.com\/moms-babies\/wp-json\/wp\/v2\/media\/8751"}],"wp:attachment":[{"href":"https:\/\/tiendas.ecopipo.com\/moms-babies\/wp-json\/wp\/v2\/media?parent=8750"}],"wp:term":[{"taxonomy":"product_cat","embeddable":true,"href":"https:\/\/tiendas.ecopipo.com\/moms-babies\/wp-json\/wp\/v2\/product_cat?post=8750"},{"taxonomy":"product_tag","embeddable":true,"href":"https:\/\/tiendas.ecopipo.com\/moms-babies\/wp-json\/wp\/v2\/product_tag?post=8750"},{"taxonomy":"giftcard-category","embeddable":true,"href":"https:\/\/tiendas.ecopipo.com\/moms-babies\/wp-json\/wp\/v2\/giftcard-category?post=8750"}],"curies":[{"name":"wp","href":"https:\/\/api.w.org\/{rel}","templated":true}]}}