
{"id":2977,"date":"2022-09-29T02:30:32","date_gmt":"2022-09-29T02:30:32","guid":{"rendered":"https:\/\/ecopipo.com\/tienda\/naturalmente-ecologicos\/?page_id=2977"},"modified":"2022-10-05T14:03:28","modified_gmt":"2022-10-05T14:03:28","slug":"terminos-y-condiciones","status":"publish","type":"page","link":"https:\/\/tiendas.ecopipo.com\/naturalmente-ecologicos\/terminos-y-condiciones\/","title":{"rendered":"T\u00e9rminos y condiciones"},"content":{"rendered":"<p>[vc_row css=&#8221;.vc_custom_1664315537834{padding-top: 40px !important;}&#8221;][vc_column]   \r\n    <div class=\"arrowpress_container  custom-heading-2\">  \r\n<div  data-arrowpress-target='arrowpress_heading-211580675'  data-arrowpress-csstarget='h2'  data-arrowpress-responsive-tablet='{\"font-size\":\"35px\",\"line-height\":\"px !important\"}'  data-arrowpress-responsive-tablet-port='{\"font-size\":\"35px\",\"line-height\":\"px !important\"}'  data-arrowpress-responsive-mob-land='{\"font-size\":\"35px\",\"line-height\":\"px !important\"}'  data-arrowpress-responsive-mob='{\"font-size\":\"px\",\"line-height\":\"px !important\"}'  class=\"arrowpress-heading  heading-1 arrowpress_heading-211580675 animated show-animate \r\n\ttext-center\t\t\t\tleft-pos\t\t\t\" data-animation-delay=\"1000\" data-animation=\"fadeInUp\">\r\n\t\t\t\r\n\t\t\t\t\t\t\t\t\t\t\t\t\t\t\t<h2 class=\"title-heading\" style=\"font-family:Raleway; font-weight:600; font-style:normal; color:#ffffff; font-size:35px; line-height:40px; \">\r\n\t\t\t\t\t\tT\u00e9rminos y condiciones\t\t\t\t\t<\/h2>\r\n\t\t\t\t\t\t\t\t\t\r\n\t\t\t\r\n<\/div>\r\n<\/div>\n<div class='gambit_gradient_bg' data-color1='#643887' data-color2='#b9017d' data-angle='60'><\/div>[\/vc_column][\/vc_row][vc_row wrap_container=&#8221;yes&#8221; css=&#8221;.vc_custom_1664408746040{padding-top: 40px !important;padding-bottom: 40px !important;background: #ffffff url(https:\/\/ecopipo.com\/wp-content\/uploads\/2022\/06\/Ecopipo_Footer_70.png?id=2131) !important;}&#8221;][vc_column][vc_column_text]<\/p>\n<p class=\"aviso\">Mediante este contrato se describen los t\u00e9rminos y condiciones generales aplicables al acceso y uso de los servicios ofrecidos por ecopipo.com de ECOTEFILA S.A. DE C.V. dentro del sitio www.ecopipo.com<\/p>\n<p class=\"aviso\">Cualquier persona que desee acceder y\/o usar el sitio o los servicios podr\u00e1 hacerlo sujet\u00e1ndose a los T\u00e9rminos y Condiciones Generales, junto con todas las dem\u00e1s pol\u00edticas y principios que rigen ecopipo.com y que son incorporados al presente por referencia.<\/p>\n<p class=\"aviso\">En consecuencia, todas las visitas y cada una de las operaciones y transacciones que se realicen en este sitio, como asimismo sus efectos jur\u00eddicos, quedar\u00e1n regidos por estas reglas y sometidas a la legislaci\u00f3n aplicable en M\u00e9xico.<\/p>\n<h5 style=\"font-size: 18px; font-weight: bold; margin-bottom: 10px; line-height: 25px;\">CUALQUIER PERSONA QUE NO ACEPTE ESTOS T\u00c9RMINOS Y CONDICIONES GENERALES, LOS CUALES TIENEN UN CAR\u00c1CTER OBLIGATORIO Y VINCULANTE, DEBER\u00c1 ABSTENERSE DE UTILIZAR EL SITIO Y\/O LOS SERVICIOS.<\/h5>\n<p class=\"aviso\">En forma previa al uso del sitio y\/o los servicios, el Usuario deber\u00e1 leer, entender y aceptar todas las condiciones establecidas en los T\u00e9rminos y Condiciones Generales. Si utilizas este Sitio significa que has aceptado plenamente las condiciones establecidas en los T\u00e9rminos y Condiciones Generales y en las Pol\u00edticas de ecopipo.com<\/p>\n<p class=\"aviso\">Por ello, te obligas a cumplir expresamente con las mismas.<\/p>\n<p>[\/vc_column_text][vc_column_text]<\/p>\n<h5 style=\"font-size: 20px; font-weight: bold; margin-bottom: 15px;\">01 \u2013 Capacidad<\/h5>\n<p class=\"aviso\">Los Servicios y\/o el Sitio, s\u00f3lo est\u00e1n disponibles para personas que tengan capacidad legal para contratar. No podr\u00e1n utilizar los servicios las personas que no tengan esa capacidad, los menores de edad o Usuarios de ecopipo.com que hayan sido suspendidos temporalmente o inhabilitados definitivamente.<\/p>\n<p>[\/vc_column_text][vc_column_text]<\/p>\n<h5 style=\"font-size: 20px; font-weight: bold; margin-bottom: 15px;\">02 \u2013 Registro<\/h5>\n<p class=\"aviso\">Es obligatorio completar el formulario de registro en todos sus campos con datos v\u00e1lidos para la adquisici\u00f3n de los productos ofrecidos en este sitio. El futuro Usuario deber\u00e1 completarlo con su informaci\u00f3n personal de manera exacta, precisa y verdadera (\u201cDatos Personales\u201d) y asume el compromiso de actualizar los Datos Personales conforme resulte necesario.<\/p>\n<p class=\"aviso\">ecopipo.com podr\u00e1 utilizar diversos medios para identificar a sus Usuarios, pero \u00e9ste, NO se responsabiliza por la certeza de los Datos Personales provistos por sus Usuarios. Los Usuarios garantizan y responden, en cualquier caso, de la veracidad, exactitud, vigencia y autenticidad de los Datos Personales ingresados.<\/p>\n<p class=\"aviso\">El Usuario dispondr\u00e1, una vez registrado, de un nombre y contrase\u00f1a que le permitir\u00e1 el acceso personalizado, confidencial y seguro. El Usuario tendr\u00e1 la posibilidad de cambiar la clave de acceso, para lo cual deber\u00e1 sujetarse al procedimiento establecido en el sitio respectivo. El Usuario se obliga a mantener la confidencialidad de su Clave de acceso, asumiendo totalmente la responsabilidad por el mantenimiento de la confidencialidad de su clave secreta registrada en este sitio web, la cual le permite efectuar compras. Dicha clave es de uso personal y su entrega a terceros no involucra responsabilidad de ecopipo.com en caso de mala utilizaci\u00f3n.<\/p>\n<p class=\"aviso\">El Usuario ser\u00e1 responsable por todas las operaciones efectuadas en su Cuenta, por s\u00ed y\/o por terceros, pues el acceso a la misma est\u00e1 restringido al ingreso y uso de su contrase\u00f1a, de conocimiento exclusivo del Usuario. El Usuario se compromete a notificar aecopipo.com en forma inmediata y por medio id\u00f3neo y fehaciente, cualquier uso no autorizado de su Cuenta, as\u00ed como el ingreso por terceros no autorizados a la misma. Se aclara que est\u00e1 prohibida la venta, cesi\u00f3n o transferencia de la Clave bajo ning\u00fan t\u00edtulo.<\/p>\n<p class=\"aviso\">ecopipo.com se reserva el derecho de rechazar cualquier solicitud de registro o de cancelar un registro previamente aceptado, sin que est\u00e9 obligado a comunicar o exponer las razones de su decisi\u00f3n y sin que ello genere alg\u00fan derecho a indemnizaci\u00f3n o resarcimiento.<\/p>\n<p>[\/vc_column_text][vc_column_text]<\/p>\n<h5 style=\"font-size: 20px; font-weight: bold; margin-bottom: 15px;\">03 \u2013 Privacidad de la Informaci\u00f3n<\/h5>\n<p class=\"aviso\">Para utilizar los Servicios ofrecidos por ecopipo.com los Usuarios deber\u00e1n facilitar determinados datos de car\u00e1cter personal. Su informaci\u00f3n personal se procesa y almacena en servidores o medios magn\u00e9ticos que mantienen altos est\u00e1ndares de seguridad y protecci\u00f3n tanto f\u00edsica como tecnol\u00f3gica. Para mayor informaci\u00f3n sobre la privacidad de los Datos Personales y casos en los que ser\u00e1 revelada la informaci\u00f3n personal, se pueden consultar nuestras Pol\u00edticas de Privacidad.<\/p>\n<p>[\/vc_column_text][vc_column_text]<\/p>\n<h5 style=\"font-size: 20px; font-weight: bold; margin-bottom: 15px;\">04 \u2013 Modificaciones de los T\u00e9rminos y Condiciones Generales<\/h5>\n<p class=\"aviso\">ecopipo.com podr\u00e1 modificar sin previo aviso los T\u00e9rminos y Condiciones Generales en cualquier momento haciendo p\u00fablicos en el Sitio los t\u00e9rminos modificados.<\/p>\n<p>[\/vc_column_text][vc_column_text]<\/p>\n<h5 style=\"font-size: 20px; font-weight: bold; margin-bottom: 15px;\">05 \u2013 Procedimiento para hacer uso de este sitio de internet<\/h5>\n<p class=\"aviso\">Al ofertar por los bienes ofrecidos por medio de este sitio, ecopipo.com informar\u00e1, de manera inequ\u00edvoca y f\u00e1cilmente accesible, los pasos que deben seguirse para concretar la operaci\u00f3n. El s\u00f3lo hecho de seguir los pasos que para tales efectos se indican en este sitio para efectuar una compra, equivale a aceptar que efectivamente ecopipo.com ha dado cumplimiento a las condiciones contenidas en este n\u00famero. Indicar\u00e1, adem\u00e1s, su direcci\u00f3n de correo postal o electr\u00f3nico y los medios t\u00e9cnicos a disposici\u00f3n del consumidor para identificar y corregir errores en el env\u00edo o en sus datos.<\/p>\n<p>[\/vc_column_text][vc_column_text]<\/p>\n<h5 style=\"font-size: 20px; font-weight: bold; margin-bottom: 15px;\">06 \u2013 Medios de pago que se podr\u00e1n utilizar en este sitio<\/h5>\n<p class=\"aviso\">Los productos y servicios ofrecidos en este sitio, salvo que se se\u00f1ale una forma diferente para casos particulares u ofertas de determinados productos, pueden ser pagados a trav\u00e9s de tarjeta de cr\u00e9dito, a trav\u00e9s de los sistemas preparados para tal efecto. Este \u00faltimo se compondr\u00e1 a su vez de agentes recaudadores destinados a tal efecto. Se entender\u00e1 como agentes recaudadores, a aquellas empresas a trav\u00e9s de las cuales se recauda o percibe el valor del bien ofrecido en el Sitio. Sin perjuicio de lo antes mencionado, los medios de pago podr\u00e1n variar en cualquier momento para ofertas particulares o respecto a todas aquellas publicadas en el Sitio. Dicho cambio ser\u00e1 publicado en el sitio mediante el medio publicitario que ecopipo.com crea m\u00e1s apropiado. El uso de las tarjetas, se sujetar\u00e1 a lo establecido en estos T\u00e9rminos y Condiciones y en relaci\u00f3n con su emisor, y ecopipo.com no tendr\u00e1 responsabilidad en cualquiera de los aspectos relacionados con las tarjetas bancarias aceptadas en este sitio, tales como la fecha de emisi\u00f3n; caducidad, bloqueos, etc.. El sitio podr\u00e1 indicar condiciones extraordinarias de compra seg\u00fan el medio de pago que se utilice por el usuario.<\/p>\n<p>[\/vc_column_text][vc_column_text]<\/p>\n<h5 style=\"font-size: 20px; font-weight: bold; margin-bottom: 15px;\">07 \u2013 Perfeccionamiento de las operaciones a trav\u00e9s de este sitio<\/h5>\n<p class=\"aviso\">A trav\u00e9s de este sitio web ecopipo.com realizar\u00e1 ofertas de bienes y\/o servicios, que podr\u00e1n ser aceptadas por v\u00eda electr\u00f3nica, y utilizando los mecanismos que el mismo sitio ofrece para ello. Toda aceptaci\u00f3n de oferta quedar\u00e1 sujeta a la condici\u00f3n suspensiva de que ecopipo.com valide la transacci\u00f3n. En consecuencia, para toda operaci\u00f3n que se efect\u00fae en este sitio, la confirmaci\u00f3n y\/o validaci\u00f3n y\/o verificaci\u00f3n por parte de ecopipo.com , ser\u00e1 requisito para el perfeccionamiento de la operaci\u00f3n.<\/p>\n<p class=\"aviso\">Para validar la transacci\u00f3n ecopipo.com deber\u00e1 verificar:<\/p>\n<ol>\n<li class=\"aviso\">Que dispone, en el momento de la aceptaci\u00f3n de oferta, de las especies en stock.<\/li>\n<li class=\"aviso\">Que valida y acepta el medio de pago ofrecido por el usuario.<\/li>\n<li class=\"aviso\">Que los datos registrados por el cliente en el sitio coinciden con los proporcionados al efectuar su aceptaci\u00f3n de oferta.<\/li>\n<\/ol>\n<p class=\"aviso\">Para informar al usuario o consumidor acerca de esta validaci\u00f3n, ecopipo.com deber\u00e1 enviar una confirmaci\u00f3n escrita a la misma direcci\u00f3n electr\u00f3nica que haya registrado el usuario aceptante de la oferta, o por cualquier medio de comunicaci\u00f3n que garantice el debido y oportuno conocimiento del consumidor. La operaci\u00f3n se entender\u00e1 perfeccionada desde el momento en que se env\u00eda esta confirmaci\u00f3n escrita al usuario y en el lugar en que fue expedida.<\/p>\n<p class=\"aviso\">La aceptaci\u00f3n efectuada por el usuario es irrevocable salvo en circunstancias excepcionales, tales como que ecopipo.com cambie sustancialmente la descripci\u00f3n del art\u00edculo despu\u00e9s de realizada la aceptaci\u00f3n, o que exista un claro error tipogr\u00e1fico.<\/p>\n<p>[\/vc_column_text][vc_column_text]<\/p>\n<h5 style=\"font-size: 20px; font-weight: bold; margin-bottom: 15px;\">08 \u2013 Plazo de validez de la oferta y precio<\/h5>\n<p class=\"aviso\">El plazo de validez de la oferta es aquel que coincide con la fecha de vigencia indicada en la promoci\u00f3n o en virtud del agotamiento de las cantidades de productos disponibles para esa promoci\u00f3n debidamente informados al Consumidor.<\/p>\n<p class=\"aviso\">Los precios de los productos disponibles en este sitio, mientras aparezcan en \u00e9l, solo tendr\u00e1n vigencia y aplicaci\u00f3n en \u00e9ste, y no ser\u00e1n necesariamente aplicables a otros canales de venta utilizados por ecopipo.com , tales como tiendas f\u00edsicas, venta telef\u00f3nica, cat\u00e1logos u otros que pudieran existir.<\/p>\n<p class=\"aviso\">Si los precios aparecen en \u201c0\u201d, o no aparecen, se tomar\u00e1 como una falla del sistema y no se har\u00e1n v\u00e1lidos dichos pedidos bajo ninguna circunstancia ya que se trata de un error del sistema y los precios no reflejan el valor real de la venta.<\/p>\n<p class=\"aviso\">ecopipo.com podr\u00e1 modificar cualquier informaci\u00f3n contenida en este sitio, incluyendo las relacionadas con mercader\u00edas, servicios, precios, existencias y condiciones, en cualquier momento y sin previo aviso, hasta el momento de recibir una aceptaci\u00f3n de compra, la cual obligar\u00e1 a ecopipo.com.<\/p>\n<p>[\/vc_column_text][vc_column_text]<\/p>\n<h5 style=\"font-size: 20px; font-weight: bold; margin-bottom: 15px;\">09 \u2013 Promociones<\/h5>\n<p class=\"aviso\">Las promociones que se ofrezcan en este sitio web no son necesariamente las mismas que ofrezcan otros canales de venta utilizados por ecopipo.com . En los casos que el sitio contenga promociones que consistan en la entrega rebajada de un producto por la compra de otro, entonces el despacho del bien que se entregue gratuitamente o a precio rebajado, se har\u00e1 en el mismo lugar en el cual se despacha el producto comprado, a menos que el adquirente manifieste, al hacer su aceptaci\u00f3n de oferta, que desea que los productos se remitan a direcciones distintas, en cuyo caso deber\u00e1 pagar el valor del despacho de ambos productos. No se podr\u00e1 participar en estas promociones sin adquirir conjuntamente todos los productos comprendidos en ellas.<\/p>\n<p>[\/vc_column_text][vc_column_text]<\/p>\n<h5 style=\"font-size: 20px; font-weight: bold; margin-bottom: 15px;\">10 \u2013 Env\u00edo de los Productos<\/h5>\n<p class=\"aviso\">Los productos adquiridos a trav\u00e9s del sitio se sujetar\u00e1n a las condiciones de despacho y entrega disponibles en el sitio. La informaci\u00f3n del lugar de env\u00edo es de exclusiva responsabilidad del usuario. Los plazos elegidos para el despacho y entrega, se cuentan desde que ecopipo.com haya validado la orden de compra y el medio de pago utilizado, y se consideran d\u00edas h\u00e1biles para el cumplimiento de dicho plazo. <span>El tiempo de entrega puede variar dependiendo de la paqueter\u00eda que se elija de 3 a 10 d\u00edas h\u00e1biles<\/span><\/p>\n<h5 style=\"font-size: 20px; font-weight: bold; margin-bottom: 15px;\">11 \u2013 Cancelaci\u00f3n de pedidos<\/h5>\n<p class=\"aviso\">En las operaciones realizadas por medio de este sitio, el usuario o consumidor podr\u00e1 retractarse de la compra realizada dentro del plazo de cinco (5) d\u00edas contados a partir de la entrega del producto, a menos que en una determinada oferta se contemple expresamente un plazo mayor, a cuyo efecto deber\u00e1 cumplir con lo establecido en el punto 12 siguiente. Pasado ese plazo, ecopipo.com podr\u00e1 buscar la mejor soluci\u00f3n posible en pos de la satisfacci\u00f3n del consumidor, sin que esto sea obligatorio para ella.<\/p>\n<p>[\/vc_column_text][vc_column_text]<\/p>\n<h5 style=\"font-size: 20px; font-weight: bold; margin-bottom: 15px;\">12 \u2013 Procedimiento de cambios y devoluciones<\/h5>\n<p class=\"aviso\">Dentro de dicho plazo, el consumidor podr\u00e1 proceder a la devoluci\u00f3n por medio de remisi\u00f3n a ecopipo.com del producto adquirido, en perfecto estado de uso y conservaci\u00f3n, junto con sus etiquetas, embalaje y accesorios originales, tambi\u00e9n en perfecto estado, y acompa\u00f1ando su factura\/ticket respectivo. Una vez recibido el producto por ecopipo.com en su domicilio y examinado el mismo, se proceder\u00e1 a la restituci\u00f3n de la cantidad abonada en concepto de precio, por el mismo medio en que fue abonado el producto. La devoluci\u00f3n del art\u00edculo por el consumidor no supondr\u00e1 penalizaci\u00f3n alguna para ecopipo.com ni para el consumidor. Para tramitar la devoluci\u00f3n, es necesario contactarse al siguiente n\u00famero telef\u00f3nico 01 (462) 624 38 05 o mediante un correo electr\u00f3nico dirigido a ventas@ecopipo.com.mx<\/p>\n<p class=\"aviso\">que ser\u00e1 respondido de inmediato, proporcionando las instrucciones necesarias para realizar la devoluci\u00f3n. La devoluci\u00f3n deber\u00e1 ser efectuada por el cliente. Los gastos de env\u00edos y retiro del producto en caso de devoluci\u00f3n, correr\u00e1n por cuenta del comprador. Si al recibir el producto en nuestra empresa, ecopipo.com constata que la mercader\u00eda no se encuentra en su embalaje original o que se ha da\u00f1ado o faltan accesorios por causas imputables al cliente, se deducir\u00e1 del valor cancelado originalmente por el producto, un porcentaje equivalente al descuento con que deber\u00e1 venderse posteriormente por encontrarse en dichas condiciones o al costo que al fabricante o importadora deba incurrir para dejarlo en \u00f3ptimas condiciones.<\/p>\n<p>[\/vc_column_text][vc_column_text]<\/p>\n<h5 style=\"font-size: 20px; font-weight: bold; margin-bottom: 15px;\">13 \u2013 Uso de los datos personales registrados en el sitio<\/h5>\n<p class=\"aviso\">Los datos referidos en estos t\u00e9rminos y condiciones, tendr\u00e1n como finalidad validar las operaciones con los usuarios y\/o consumidores, y mejorar la labor de informaci\u00f3n y comercializaci\u00f3n de los productos provistos por ecopipo.com, en ning\u00fan caso ser\u00e1n traspasados a terceros.<\/p>\n<h5 style=\"font-size: 20px; font-weight: bold; margin-bottom: 15px;\">14 \u2013 Violaciones del Sistema o Bases de Datos<\/h5>\n<p class=\"aviso\">No est\u00e1 permitida ninguna acci\u00f3n o uso de dispositivo, software, u otro medio tendiente a interferir tanto en las actividades y operatoria de ecopipo.com como en las ofertas, descripciones, cuentas o bases de datos de ecopipo.com . Cualquier intromisi\u00f3n, tentativa o actividad violatoria o contraria a las leyes sobre derecho de propiedad intelectual y\/o a las prohibiciones estipuladas en este contrato har\u00e1n pasible a su responsable de las acciones legales pertinentes, y a las sanciones previstas por este acuerdo, as\u00ed como lo har\u00e1 responsable de indemnizar los da\u00f1os ocasionados.<\/p>\n<h5 style=\"font-size: 20px; font-weight: bold; margin-bottom: 15px;\">15 \u2013 Propiedad Intelectual<\/h5>\n<p class=\"aviso\">Los contenidos de las pantallas relativas a los bienes y\/o servicios de ecopipo.com como as\u00ed tambi\u00e9n la informaci\u00f3n, datos, textos gr\u00e1ficos, im\u00e1genes, fotograf\u00edas, audio y video clips, logotipos, iconos, programas, bases de datos, redes, archivos que permiten al Usuario acceder y usar su Cuenta, son de propiedad de ecopipo.com y est\u00e1n protegidas por las leyes y los tratados internacionales de derecho de autor, marcas, patentes, modelos y dise\u00f1os industriales. El uso indebido y la reproducci\u00f3n total o parcial de dichos contenidos quedan prohibidos, salvo autorizaci\u00f3n expresa y por escrito de ecopipo.com<\/p>\n<h5 style=\"font-size: 20px; font-weight: bold; margin-bottom: 15px;\">16 \u2013 Otros sitios web<\/h5>\n<p class=\"aviso\">ecopipo.com no tendr\u00e1 responsabilidad sobre la informaci\u00f3n proporcionada por otros sitios web y las consecuencias que de ello se deriven. ecopipo.com no garantiza, avala ni respalda de ninguna forma el acceso, informaci\u00f3n o contenido de cualquier otro sitio web o portal en los casos que dicho acceso se efect\u00fae desde o hacia este, ya sea que dicho acceso se efect\u00fae mediante link, banner o mediante cualquier dispositivo disponible en la red. El Sitio puede contener enlaces a otros sitios web lo cual no indica que sean propiedad u operados por ecopipo.com . En virtud que ecopipo.com no tiene control sobre tales sitios, NO ser\u00e1 responsable por los contenidos, materiales, acciones y\/o servicios prestados por los mismos, ni por da\u00f1os o p\u00e9rdidas ocasionadas por la utilizaci\u00f3n de los mismos, sean causadas directa o indirectamente. La presencia de enlaces a otros sitios web no implica una sociedad, relaci\u00f3n, aprobaci\u00f3n, respaldo de ecopipo.com a dichos sitios y sus contenidos.<\/p>\n<p>[\/vc_column_text][vc_column_text]<\/p>\n<h5 style=\"font-size: 20px; font-weight: bold; margin-bottom: 15px;\">17 \u2013 Sanciones. Suspensi\u00f3n de operaciones<\/h5>\n<p class=\"aviso\">Sin perjuicio de otras medidas, ecopipo.com advertir\u00e1, suspender\u00e1 temporal o inhabilitar\u00e1 definitivamente la Cuenta de un Usuario o una publicaci\u00f3n e iniciar\u00e1 las acciones que estime pertinentes, y no le prestar\u00e1 sus Servicios si:<\/p>\n<ol>\n<li class=\"aviso\">Se quebrantara alguna ley, o cualquiera de las estipulaciones de los T\u00e9rminos y Condiciones Generales y dem\u00e1s pol\u00edticas deecopipo.com.<\/li>\n<li class=\"aviso\">Si incumpliera sus compromisos como Usuario.<\/li>\n<li class=\"aviso\">Si se incurriera a criterio de ecopipo.com en conductas o actos dolosos o fraudulentos.<\/li>\n<li class=\"aviso\">No pudiera verificarse la identidad del Usuario o cualquier informaci\u00f3n proporcionada por el mismo fuere err\u00f3nea.<\/li>\n<\/ol>\n<p class=\"aviso\">En el caso de la suspensi\u00f3n o inhabilitaci\u00f3n de un Usuario, todos los art\u00edculos que hubiera adquirido y las ofertas realizadas ser\u00e1n removidos del sistema, sin lugar a reclamo alguno a favor del Usuario.<\/p>\n<p>[\/vc_column_text][vc_column_text]<\/p>\n<h5 style=\"font-size: 20px; font-weight: bold; margin-bottom: 15px;\">18 \u2013 Fallas en el sistema<\/h5>\n<p class=\"aviso\">ecopipo.com no garantiza la inexistencia de eventuales dificultades t\u00e9cnicas o fallas en los sistemas o en Internet. ecopipo.com no garantiza el acceso y uso continuado o ininterrumpido de su sitio. El sistema puede eventualmente no estar disponible debido a dificultades t\u00e9cnicas o fallas de Internet, o por cualquier otra circunstancia ajena a ecopipo.com ; en tales casos se procurar\u00e1 restablecerlo con la mayor celeridad posible. ecopipo.com no garantiza la inexistencia de errores u omisiones en su sitio web.<\/p>\n<h5 style=\"font-size: 20px; font-weight: bold; margin-bottom: 15px;\">19 \u2013 Tarifas. Facturaci\u00f3n<\/h5>\n<p class=\"aviso\">El registro en ecopipo.com es gratuito. Al adquirir un producto, el usuario deber\u00e1 pagar el precio publicado y en caso de corresponder los gastos de env\u00edo y entrega. ecopipo.com se reserva el derecho de modificar, cambiar, agregar, o eliminar las tarifas vigentes, en cualquier momento, lo cual ser\u00e1 publicado en el sitio. Sin embargo, ecopipo.com podr\u00e1 modificar temporalmente la Pol\u00edtica de Tarifas y las tarifas por sus servicios por raz\u00f3n de promociones, siendo efectivas estas modificaciones cuando se haga p\u00fablica la promoci\u00f3n o se realice el anuncio y hasta la fecha de su finalizaci\u00f3n. ecopipo.com se reserva el derecho de tomar las medidas judiciales y extrajudiciales que estime pertinentes para obtener el pago del monto debido.<\/p>\n<p class=\"aviso\">En caso de haberse facturado cargos que no hubiesen correspondido, el Usuario deber\u00e1 comunicarse con nuestro equipo de Atenci\u00f3n al Cliente para resolver dicha cuesti\u00f3n. Comunic\u00e1ndose al tel\u00e9fono (462) 624 38 05 o enviando un mail a ventas@ecopipo.com.mx que se contestar\u00e1 con la mayor celeridad posible.<\/p>\n<h5 style=\"font-size: 20px; font-weight: bold; margin-bottom: 15px;\">20 \u2013 Ley Aplicable<\/h5>\n<p class=\"aviso\">Este acuerdo estar\u00e1 regido en todos sus puntos por las leyes mexicanas vigentes.<\/p>\n<h5 style=\"font-size: 20px; font-weight: bold; margin-bottom: 15px;\">21 \u2013 Domicilio<\/h5>\n<p class=\"aviso\">Se fija como domicilio Fiscal y Legal de ecopipo.com de ECOTEFILA S.A. DE C.V. en la Calle San Juan # 659, Colonia San Roque, C.P.: 36583, Irapuato, Guanajuato, M\u00e9xico.<\/p>\n<p>[\/vc_column_text][\/vc_column][\/vc_row]<\/p>\n","protected":false},"excerpt":{"rendered":"<p>[vc_row css=&#8221;.vc_custom_1664315537834{padding-top: 40px !important;}&#8221;][vc_column][\/vc_column][\/vc_row][vc_row wrap_container=&#8221;yes&#8221; css=&#8221;.vc_custom_1664408746040{padding-top: 40px !important;padding-bottom: 40px !important;background: #ffffff url(https:\/\/ecopipo.com\/wp-content\/uploads\/2022\/06\/Ecopipo_Footer_70.png?id=2131) !important;}&#8221;][vc_column][vc_column_text] Mediante este contrato se describen los t\u00e9rminos y condiciones generales aplicables al acceso y uso de los [&hellip;]<\/p>\n","protected":false},"author":1,"featured_media":0,"parent":0,"menu_order":0,"comment_status":"closed","ping_status":"closed","template":"","meta":{"footnotes":""},"class_list":["post-2977","page","type-page","status-publish","hentry"],"_links":{"self":[{"href":"https:\/\/tiendas.ecopipo.com\/naturalmente-ecologicos\/wp-json\/wp\/v2\/pages\/2977","targetHints":{"allow":["GET"]}}],"collection":[{"href":"https:\/\/tiendas.ecopipo.com\/naturalmente-ecologicos\/wp-json\/wp\/v2\/pages"}],"about":[{"href":"https:\/\/tiendas.ecopipo.com\/naturalmente-ecologicos\/wp-json\/wp\/v2\/types\/page"}],"author":[{"embeddable":true,"href":"https:\/\/tiendas.ecopipo.com\/naturalmente-ecologicos\/wp-json\/wp\/v2\/users\/1"}],"replies":[{"embeddable":true,"href":"https:\/\/tiendas.ecopipo.com\/naturalmente-ecologicos\/wp-json\/wp\/v2\/comments?post=2977"}],"version-history":[{"count":9,"href":"https:\/\/tiendas.ecopipo.com\/naturalmente-ecologicos\/wp-json\/wp\/v2\/pages\/2977\/revisions"}],"predecessor-version":[{"id":3099,"href":"https:\/\/tiendas.ecopipo.com\/naturalmente-ecologicos\/wp-json\/wp\/v2\/pages\/2977\/revisions\/3099"}],"wp:attachment":[{"href":"https:\/\/tiendas.ecopipo.com\/naturalmente-ecologicos\/wp-json\/wp\/v2\/media?parent=2977"}],"curies":[{"name":"wp","href":"https:\/\/api.w.org\/{rel}","templated":true}]}}