
{"id":3378,"date":"2022-11-01T18:03:42","date_gmt":"2022-11-01T18:03:42","guid":{"rendered":"https:\/\/ecopipo.com\/tienda\/naturalmente-ecologicos\/?post_type=product&#038;p=3378"},"modified":"2026-01-13T13:07:37","modified_gmt":"2026-01-13T19:07:37","slug":"cubierta-unitalla-estampada","status":"publish","type":"product","link":"https:\/\/tiendas.ecopipo.com\/naturalmente-ecologicos\/producto\/cubierta-unitalla-estampada\/","title":{"rendered":"Cubierta Unitalla Estampada"},"content":{"rendered":"<p class=\"prod_des\">Cubierta impermeable y transpirable hecha en M\u00e9xico que te funcionar\u00e1 muy bien para complementar cualquier pa\u00f1al que no tenga la funci\u00f3n impermeable por s\u00ed mismo, como por ejemplo, pa\u00f1al nocturno, pa\u00f1al predoblado, pa\u00f1al plano o cualquiera tela, cuenta con doble barrera para evitar fugas y adem\u00e1s es unitalla, lo que quiere decir que crece con tu beb\u00e9, la puedes utilizar desde los 3.5 kg. hasta los 16 kg., es muy f\u00e1cil de lavar, utiliza detergente Ecopipo o cualquier otro que sea biodegradable. Es recomendable que utilices una cubierta por cada tres pa\u00f1ales, es decir, que puedes usarla hasta en tres cambios de pa\u00f1al, simplemente l\u00edmpiala con un pa\u00f1o h\u00famedo y vu\u00e9lvela a colocar con un pa\u00f1al limpio.<\/p>\n","protected":false},"excerpt":{"rendered":"<p class=\"prod_des\">Esta cubierta es impermeable y est\u00e1 dise\u00f1ada para complementar cualquier pa\u00f1al de tela que no cuente con la funci\u00f3n impermeable por s\u00ed mismo, adem\u00e1s es unitalla, muy f\u00e1cil de lavar y seca muy r\u00e1pido.<\/p>\n","protected":false},"featured_media":8346,"template":"","meta":[],"product_cat":[153],"product_tag":[],"giftcard-category":[],"class_list":{"0":"post-3378","1":"product","2":"type-product","3":"status-publish","4":"has-post-thumbnail","6":"product_cat-bebes","8":"first","9":"instock","10":"shipping-taxable","11":"purchasable","12":"product-type-variable","13":"rtwpvg-product"},"_links":{"self":[{"href":"https:\/\/tiendas.ecopipo.com\/naturalmente-ecologicos\/wp-json\/wp\/v2\/product\/3378","targetHints":{"allow":["GET"]}}],"collection":[{"href":"https:\/\/tiendas.ecopipo.com\/naturalmente-ecologicos\/wp-json\/wp\/v2\/product"}],"about":[{"href":"https:\/\/tiendas.ecopipo.com\/naturalmente-ecologicos\/wp-json\/wp\/v2\/types\/product"}],"wp:featuredmedia":[{"embeddable":true,"href":"https:\/\/tiendas.ecopipo.com\/naturalmente-ecologicos\/wp-json\/wp\/v2\/media\/8346"}],"wp:attachment":[{"href":"https:\/\/tiendas.ecopipo.com\/naturalmente-ecologicos\/wp-json\/wp\/v2\/media?parent=3378"}],"wp:term":[{"taxonomy":"product_cat","embeddable":true,"href":"https:\/\/tiendas.ecopipo.com\/naturalmente-ecologicos\/wp-json\/wp\/v2\/product_cat?post=3378"},{"taxonomy":"product_tag","embeddable":true,"href":"https:\/\/tiendas.ecopipo.com\/naturalmente-ecologicos\/wp-json\/wp\/v2\/product_tag?post=3378"},{"taxonomy":"giftcard-category","embeddable":true,"href":"https:\/\/tiendas.ecopipo.com\/naturalmente-ecologicos\/wp-json\/wp\/v2\/giftcard-category?post=3378"}],"curies":[{"name":"wp","href":"https:\/\/api.w.org\/{rel}","templated":true}]}}