
{"id":4722,"date":"2022-11-16T01:55:14","date_gmt":"2022-11-16T01:55:14","guid":{"rendered":"https:\/\/ecopipo.com\/tienda\/naturalmente-ecologicos\/?post_type=product&#038;p=4722"},"modified":"2026-02-02T15:51:54","modified_gmt":"2026-02-02T21:51:54","slug":"liners-de-bambu-2","status":"publish","type":"product","link":"https:\/\/tiendas.ecopipo.com\/naturalmente-ecologicos\/producto\/liners-de-bambu-2\/","title":{"rendered":"Filtro De Bamb\u00fa"},"content":{"rendered":"<p class=\"prod_des\">Utiliza nuestros liners de bamb\u00fa para facilitar el lavado de tus pa\u00f1ales, ya que capturan los desechos s\u00f3lidos de tu beb\u00e9 que ya est\u00e1 en la etapa de ablactaci\u00f3n, son ideales para llevarlos en la pa\u00f1alera o cuando sales de viaje, pues son muy ligeros. Un rollo tiene 100 hojas precortadas para cortar f\u00e1cilmente. Hechos con fibras de bamb\u00fa 100% biodegradable.<\/p>\n","protected":false},"excerpt":{"rendered":"<p class=\"prod_des\">Hechos especialmente para capturar f\u00e1cilmente los desechos s\u00f3lidos de tu beb\u00e9 cuando inicia con la etapa de ablactaci\u00f3n, son resistentes, biodegradables y hechos 100% de fibras de bamb\u00fa.<\/p>\n","protected":false},"featured_media":5337,"template":"","meta":[],"product_cat":[261],"product_tag":[],"giftcard-category":[],"class_list":{"0":"post-4722","1":"product","2":"type-product","3":"status-publish","4":"has-post-thumbnail","6":"product_cat-cuidado","8":"first","9":"instock","10":"shipping-taxable","11":"purchasable","12":"product-type-variable","13":"rtwpvg-product"},"_links":{"self":[{"href":"https:\/\/tiendas.ecopipo.com\/naturalmente-ecologicos\/wp-json\/wp\/v2\/product\/4722","targetHints":{"allow":["GET"]}}],"collection":[{"href":"https:\/\/tiendas.ecopipo.com\/naturalmente-ecologicos\/wp-json\/wp\/v2\/product"}],"about":[{"href":"https:\/\/tiendas.ecopipo.com\/naturalmente-ecologicos\/wp-json\/wp\/v2\/types\/product"}],"wp:featuredmedia":[{"embeddable":true,"href":"https:\/\/tiendas.ecopipo.com\/naturalmente-ecologicos\/wp-json\/wp\/v2\/media\/5337"}],"wp:attachment":[{"href":"https:\/\/tiendas.ecopipo.com\/naturalmente-ecologicos\/wp-json\/wp\/v2\/media?parent=4722"}],"wp:term":[{"taxonomy":"product_cat","embeddable":true,"href":"https:\/\/tiendas.ecopipo.com\/naturalmente-ecologicos\/wp-json\/wp\/v2\/product_cat?post=4722"},{"taxonomy":"product_tag","embeddable":true,"href":"https:\/\/tiendas.ecopipo.com\/naturalmente-ecologicos\/wp-json\/wp\/v2\/product_tag?post=4722"},{"taxonomy":"giftcard-category","embeddable":true,"href":"https:\/\/tiendas.ecopipo.com\/naturalmente-ecologicos\/wp-json\/wp\/v2\/giftcard-category?post=4722"}],"curies":[{"name":"wp","href":"https:\/\/api.w.org\/{rel}","templated":true}]}}