
{"id":6945,"date":"2023-04-11T14:51:15","date_gmt":"2023-04-11T20:51:15","guid":{"rendered":"https:\/\/ecopipo.com\/tienda\/naturalmente-ecologicos\/producto\/absorbente-bambu-g3\/"},"modified":"2025-03-06T23:01:30","modified_gmt":"2025-03-07T05:01:30","slug":"absorbente-bambu-g3","status":"publish","type":"product","link":"https:\/\/tiendas.ecopipo.com\/naturalmente-ecologicos\/producto\/absorbente-bambu-g3\/","title":{"rendered":"Absorbente Bamb\u00fa Premium G3"},"content":{"rendered":"","protected":false},"excerpt":{"rendered":"<p>&#8220;Inserci\u00f3n diurna de bamb\u00fa fleece los pa\u00f1ales unitalla de bolsillo.<\/p>\n","protected":false},"featured_media":0,"template":"","meta":[],"product_cat":[388,427,385,428],"product_tag":[],"giftcard-category":[],"class_list":{"0":"post-6945","1":"product","2":"type-product","3":"status-publish","5":"product_cat-absorbente","6":"product_cat-bambu","7":"product_cat-fuera-de-catalogo","8":"product_cat-g3","10":"first","11":"instock","12":"shipping-taxable","13":"purchasable","14":"product-type-simple"},"_links":{"self":[{"href":"https:\/\/tiendas.ecopipo.com\/naturalmente-ecologicos\/wp-json\/wp\/v2\/product\/6945","targetHints":{"allow":["GET"]}}],"collection":[{"href":"https:\/\/tiendas.ecopipo.com\/naturalmente-ecologicos\/wp-json\/wp\/v2\/product"}],"about":[{"href":"https:\/\/tiendas.ecopipo.com\/naturalmente-ecologicos\/wp-json\/wp\/v2\/types\/product"}],"wp:attachment":[{"href":"https:\/\/tiendas.ecopipo.com\/naturalmente-ecologicos\/wp-json\/wp\/v2\/media?parent=6945"}],"wp:term":[{"taxonomy":"product_cat","embeddable":true,"href":"https:\/\/tiendas.ecopipo.com\/naturalmente-ecologicos\/wp-json\/wp\/v2\/product_cat?post=6945"},{"taxonomy":"product_tag","embeddable":true,"href":"https:\/\/tiendas.ecopipo.com\/naturalmente-ecologicos\/wp-json\/wp\/v2\/product_tag?post=6945"},{"taxonomy":"giftcard-category","embeddable":true,"href":"https:\/\/tiendas.ecopipo.com\/naturalmente-ecologicos\/wp-json\/wp\/v2\/giftcard-category?post=6945"}],"curies":[{"name":"wp","href":"https:\/\/api.w.org\/{rel}","templated":true}]}}