
{"id":7166,"date":"2023-04-11T14:52:08","date_gmt":"2023-04-11T20:52:08","guid":{"rendered":"https:\/\/ecopipo.com\/tienda\/naturalmente-ecologicos\/producto\/cambiador-buhos\/"},"modified":"2025-03-06T23:01:25","modified_gmt":"2025-03-07T05:01:25","slug":"cambiador-buhos","status":"publish","type":"product","link":"https:\/\/tiendas.ecopipo.com\/naturalmente-ecologicos\/producto\/cambiador-buhos\/","title":{"rendered":"Cambiador B\u00fahos"},"content":{"rendered":"","protected":false},"excerpt":{"rendered":"<p>Cambiador impermeable estampado de b\u00fahos de 60 x 45 cm. Es ideal para llevar dentro de la pa\u00f1alera por su pr\u00e1ctico tama\u00f1o que tiene.<\/p>\n","protected":false},"featured_media":0,"template":"","meta":[],"product_cat":[456,385],"product_tag":[],"giftcard-category":[],"class_list":{"0":"post-7166","1":"product","2":"type-product","3":"status-publish","5":"product_cat-cambiador","6":"product_cat-fuera-de-catalogo","8":"first","9":"instock","10":"shipping-taxable","11":"purchasable","12":"product-type-simple"},"_links":{"self":[{"href":"https:\/\/tiendas.ecopipo.com\/naturalmente-ecologicos\/wp-json\/wp\/v2\/product\/7166","targetHints":{"allow":["GET"]}}],"collection":[{"href":"https:\/\/tiendas.ecopipo.com\/naturalmente-ecologicos\/wp-json\/wp\/v2\/product"}],"about":[{"href":"https:\/\/tiendas.ecopipo.com\/naturalmente-ecologicos\/wp-json\/wp\/v2\/types\/product"}],"wp:attachment":[{"href":"https:\/\/tiendas.ecopipo.com\/naturalmente-ecologicos\/wp-json\/wp\/v2\/media?parent=7166"}],"wp:term":[{"taxonomy":"product_cat","embeddable":true,"href":"https:\/\/tiendas.ecopipo.com\/naturalmente-ecologicos\/wp-json\/wp\/v2\/product_cat?post=7166"},{"taxonomy":"product_tag","embeddable":true,"href":"https:\/\/tiendas.ecopipo.com\/naturalmente-ecologicos\/wp-json\/wp\/v2\/product_tag?post=7166"},{"taxonomy":"giftcard-category","embeddable":true,"href":"https:\/\/tiendas.ecopipo.com\/naturalmente-ecologicos\/wp-json\/wp\/v2\/giftcard-category?post=7166"}],"curies":[{"name":"wp","href":"https:\/\/api.w.org\/{rel}","templated":true}]}}