
{"id":7170,"date":"2023-04-11T14:52:11","date_gmt":"2023-04-11T20:52:11","guid":{"rendered":"https:\/\/ecopipo.com\/tienda\/naturalmente-ecologicos\/producto\/panal-todo-en-uno-frambuesa\/"},"modified":"2025-03-06T23:01:25","modified_gmt":"2025-03-07T05:01:25","slug":"panal-todo-en-uno-frambuesa","status":"publish","type":"product","link":"https:\/\/tiendas.ecopipo.com\/naturalmente-ecologicos\/producto\/panal-todo-en-uno-frambuesa\/","title":{"rendered":"Pa\u00f1al Todo En Uno Frambuesa"},"content":{"rendered":"","protected":false},"excerpt":{"rendered":"<p>Pa\u00f1al todo en uno, se conoce asi ya que el absorbente esta cosido al pa\u00f1al, sus resortes son muy nobles tipo olanes y son unitalla. Tienen un interior de velour de bambu sedoso.<\/p>\n","protected":false},"featured_media":0,"template":"","meta":[],"product_cat":[385,392,457],"product_tag":[],"giftcard-category":[],"class_list":{"0":"post-7170","1":"product","2":"type-product","3":"status-publish","5":"product_cat-fuera-de-catalogo","6":"product_cat-liso","7":"product_cat-panal-todo-en-uno","9":"first","10":"instock","11":"shipping-taxable","12":"purchasable","13":"product-type-simple"},"_links":{"self":[{"href":"https:\/\/tiendas.ecopipo.com\/naturalmente-ecologicos\/wp-json\/wp\/v2\/product\/7170","targetHints":{"allow":["GET"]}}],"collection":[{"href":"https:\/\/tiendas.ecopipo.com\/naturalmente-ecologicos\/wp-json\/wp\/v2\/product"}],"about":[{"href":"https:\/\/tiendas.ecopipo.com\/naturalmente-ecologicos\/wp-json\/wp\/v2\/types\/product"}],"wp:attachment":[{"href":"https:\/\/tiendas.ecopipo.com\/naturalmente-ecologicos\/wp-json\/wp\/v2\/media?parent=7170"}],"wp:term":[{"taxonomy":"product_cat","embeddable":true,"href":"https:\/\/tiendas.ecopipo.com\/naturalmente-ecologicos\/wp-json\/wp\/v2\/product_cat?post=7170"},{"taxonomy":"product_tag","embeddable":true,"href":"https:\/\/tiendas.ecopipo.com\/naturalmente-ecologicos\/wp-json\/wp\/v2\/product_tag?post=7170"},{"taxonomy":"giftcard-category","embeddable":true,"href":"https:\/\/tiendas.ecopipo.com\/naturalmente-ecologicos\/wp-json\/wp\/v2\/giftcard-category?post=7170"}],"curies":[{"name":"wp","href":"https:\/\/api.w.org\/{rel}","templated":true}]}}