
{"id":7284,"date":"2023-04-27T14:07:49","date_gmt":"2023-04-27T20:07:49","guid":{"rendered":"https:\/\/ecopipo.com\/tienda\/naturalmente-ecologicos\/producto\/block-de-polizas-de-garantias-25-pz\/"},"modified":"2025-03-06T23:01:23","modified_gmt":"2025-03-07T05:01:23","slug":"block-de-polizas-de-garantias-25-pz","status":"publish","type":"product","link":"https:\/\/tiendas.ecopipo.com\/naturalmente-ecologicos\/producto\/block-de-polizas-de-garantias-25-pz\/","title":{"rendered":"P\u00f3liza De Garant\u00eda 25 pz."},"content":{"rendered":"<p>Paquete de 25 p\u00f3lizas de garantia.<\/p>\n","protected":false},"excerpt":{"rendered":"<p>Paquete de 25 p\u00f3lizas de garantia.<\/p>\n","protected":false},"featured_media":0,"template":"","meta":[],"product_cat":[386],"product_tag":[],"giftcard-category":[],"class_list":{"0":"post-7284","1":"product","2":"type-product","3":"status-publish","5":"product_cat-distribuidores","7":"first","8":"instock","9":"shipping-taxable","10":"purchasable","11":"product-type-simple"},"_links":{"self":[{"href":"https:\/\/tiendas.ecopipo.com\/naturalmente-ecologicos\/wp-json\/wp\/v2\/product\/7284","targetHints":{"allow":["GET"]}}],"collection":[{"href":"https:\/\/tiendas.ecopipo.com\/naturalmente-ecologicos\/wp-json\/wp\/v2\/product"}],"about":[{"href":"https:\/\/tiendas.ecopipo.com\/naturalmente-ecologicos\/wp-json\/wp\/v2\/types\/product"}],"wp:attachment":[{"href":"https:\/\/tiendas.ecopipo.com\/naturalmente-ecologicos\/wp-json\/wp\/v2\/media?parent=7284"}],"wp:term":[{"taxonomy":"product_cat","embeddable":true,"href":"https:\/\/tiendas.ecopipo.com\/naturalmente-ecologicos\/wp-json\/wp\/v2\/product_cat?post=7284"},{"taxonomy":"product_tag","embeddable":true,"href":"https:\/\/tiendas.ecopipo.com\/naturalmente-ecologicos\/wp-json\/wp\/v2\/product_tag?post=7284"},{"taxonomy":"giftcard-category","embeddable":true,"href":"https:\/\/tiendas.ecopipo.com\/naturalmente-ecologicos\/wp-json\/wp\/v2\/giftcard-category?post=7284"}],"curies":[{"name":"wp","href":"https:\/\/api.w.org\/{rel}","templated":true}]}}