
{"id":8334,"date":"2024-06-05T00:51:46","date_gmt":"2024-06-05T06:51:46","guid":{"rendered":"https:\/\/tiendas.ecopipo.com\/naturalmente-ecologicos\/producto\/panal-kids-6-8-anos-erizos\/"},"modified":"2025-04-30T16:36:22","modified_gmt":"2025-04-30T22:36:22","slug":"panal-kids-6-8-anos-erizos","status":"publish","type":"product","link":"https:\/\/tiendas.ecopipo.com\/naturalmente-ecologicos\/producto\/panal-kids-6-8-anos-erizos\/","title":{"rendered":"Pa\u00f1al Kids 6 &#8211; 8 A\u00f1os Erizos"},"content":{"rendered":"<p>Hechos en M\u00e9xico con telas certificadas para cuidar la piel de tus peques y gracias a su efecto siempre seco, los mantiene frescos y secos al utilizarlos, pensados en ni\u00f1as y ni\u00f1os grandes que tienen alguna condici\u00f3n espec\u00edfica y que requieren usar a\u00fan pa\u00f1al, son ajustables, reusables y c\u00f3modos.<\/p>\n","protected":false},"excerpt":{"rendered":"<p>Hechos en M\u00e9xico con telas certificadas para cuidar la piel de tus peques y gracias a su efecto siempre seco, los mantiene frescos y secos al utilizarlos, pensados en ni\u00f1as y ni\u00f1os grandes que tienen alguna condici\u00f3n espec\u00edfica y que requieren usar a\u00fan pa\u00f1al, son ajustables, reusables y c\u00f3modos.<\/p>\n","protected":false},"featured_media":0,"template":"","meta":[],"product_cat":[385],"product_tag":[],"giftcard-category":[],"class_list":{"0":"post-8334","1":"product","2":"type-product","3":"status-publish","5":"product_cat-fuera-de-catalogo","7":"first","8":"instock","9":"shipping-taxable","10":"purchasable","11":"product-type-simple"},"_links":{"self":[{"href":"https:\/\/tiendas.ecopipo.com\/naturalmente-ecologicos\/wp-json\/wp\/v2\/product\/8334","targetHints":{"allow":["GET"]}}],"collection":[{"href":"https:\/\/tiendas.ecopipo.com\/naturalmente-ecologicos\/wp-json\/wp\/v2\/product"}],"about":[{"href":"https:\/\/tiendas.ecopipo.com\/naturalmente-ecologicos\/wp-json\/wp\/v2\/types\/product"}],"wp:attachment":[{"href":"https:\/\/tiendas.ecopipo.com\/naturalmente-ecologicos\/wp-json\/wp\/v2\/media?parent=8334"}],"wp:term":[{"taxonomy":"product_cat","embeddable":true,"href":"https:\/\/tiendas.ecopipo.com\/naturalmente-ecologicos\/wp-json\/wp\/v2\/product_cat?post=8334"},{"taxonomy":"product_tag","embeddable":true,"href":"https:\/\/tiendas.ecopipo.com\/naturalmente-ecologicos\/wp-json\/wp\/v2\/product_tag?post=8334"},{"taxonomy":"giftcard-category","embeddable":true,"href":"https:\/\/tiendas.ecopipo.com\/naturalmente-ecologicos\/wp-json\/wp\/v2\/giftcard-category?post=8334"}],"curies":[{"name":"wp","href":"https:\/\/api.w.org\/{rel}","templated":true}]}}